{"id":2443,"date":"2024-11-16T15:42:28","date_gmt":"2024-11-16T15:42:28","guid":{"rendered":"https:\/\/pionlux.eu\/?page_id=2443"},"modified":"2025-05-15T09:49:06","modified_gmt":"2025-05-15T09:49:06","slug":"lasermaschinen","status":"publish","type":"page","link":"https:\/\/pionlux.eu\/lasermaschinen\/","title":{"rendered":"Lasermaschinen"},"content":{"rendered":"\n<figure class=\"wp-block-image size-full\" style=\"margin-top:0px;margin-right:0;margin-bottom:0px;margin-left:0\"><img loading=\"lazy\" decoding=\"async\" width=\"1920\" height=\"500\" src=\"https:\/\/pionlux.eu\/wp-content\/uploads\/2024\/11\/Copy-of-Laser-Machine-Black-Friday-promo-HUN-insta-1920-x-1080-px-1920-x-800-px-3.jpg\" alt=\"\" class=\"wp-image-2772\" style=\"object-fit:cover\" srcset=\"https:\/\/pionlux.eu\/wp-content\/uploads\/2024\/11\/Copy-of-Laser-Machine-Black-Friday-promo-HUN-insta-1920-x-1080-px-1920-x-800-px-3.jpg 1920w, https:\/\/pionlux.eu\/wp-content\/uploads\/2024\/11\/Copy-of-Laser-Machine-Black-Friday-promo-HUN-insta-1920-x-1080-px-1920-x-800-px-3-300x78.jpg 300w, https:\/\/pionlux.eu\/wp-content\/uploads\/2024\/11\/Copy-of-Laser-Machine-Black-Friday-promo-HUN-insta-1920-x-1080-px-1920-x-800-px-3-1024x267.jpg 1024w, https:\/\/pionlux.eu\/wp-content\/uploads\/2024\/11\/Copy-of-Laser-Machine-Black-Friday-promo-HUN-insta-1920-x-1080-px-1920-x-800-px-3-768x200.jpg 768w, https:\/\/pionlux.eu\/wp-content\/uploads\/2024\/11\/Copy-of-Laser-Machine-Black-Friday-promo-HUN-insta-1920-x-1080-px-1920-x-800-px-3-1536x400.jpg 1536w, https:\/\/pionlux.eu\/wp-content\/uploads\/2024\/11\/Copy-of-Laser-Machine-Black-Friday-promo-HUN-insta-1920-x-1080-px-1920-x-800-px-3-18x5.jpg 18w, https:\/\/pionlux.eu\/wp-content\/uploads\/2024\/11\/Copy-of-Laser-Machine-Black-Friday-promo-HUN-insta-1920-x-1080-px-1920-x-800-px-3-600x156.jpg 600w\" sizes=\"auto, (max-width: 1920px) 100vw, 1920px\" \/><\/figure>\n\n\n<form role=\"search\" method=\"get\" action=\"https:\/\/pionlux.eu\/hu\/\" class=\"wp-block-search__button-outside wp-block-search__text-button wp-block-search\"    ><label class=\"wp-block-search__label\" for=\"wp-block-search__input-1\" >Search<\/label><div class=\"wp-block-search__inside-wrapper \" ><input class=\"wp-block-search__input\" id=\"wp-block-search__input-1\" placeholder=\"Search products...\" value=\"\" type=\"search\" name=\"s\" required \/><input type=\"hidden\" name=\"post_type\" value=\"product\" \/><button aria-label=\"Search\" class=\"wp-block-search__button wp-element-button\" type=\"submit\" >Search<\/button><\/div><\/form>\n\n<div data-block-name=\"woocommerce\/product-categories\" data-has-image=\"true\" data-is-dropdown=\"true\" class=\"wp-block-woocommerce-product-categories wc-block-product-categories is-dropdown \" style=\"\">\n\t\t\t<div class=\"wc-block-product-categories__dropdown\">\n\t\t\t\t<label\n\t\t\t\tclass=\"screen-reader-text\"\n\t\t\t\t\tfor=\"product-categories-69f2fbc41f0da-select\"\n\t\t\t\t>\n\t\t\t\t\tV\u00e1lassz egy kateg\u00f3ri\u00e1t\n\t\t\t\t<\/label>\n\t\t\t\t<select aria-label=\"Kateg\u00f3ri\u00e1k megjelen\u00edt\u00e9se listak\u00e9nt a term\u00e9kek sz\u00e1m\u00e1val\" id=\"product-categories-69f2fbc41f0da-select\">\n\t\t\t\t\t<option value=\"false\" hidden>\n\t\t\t\t\t\tV\u00e1lassz egy kateg\u00f3ri\u00e1t\n\t\t\t\t\t<\/option>\n\t\t\t\t\t\n\t\t\t\t<option value=\"https:\/\/pionlux.eu\/hu\/termekkategoria\/machine-sale\/\">\n\t\t\t\t\t\n\t\t\t\t\tLaser Machine Sale\n\t\t\t\t\t(11)\n\t\t\t\t<\/option>\n\t\t\t\t\n\t\t\t\n\t\t\t\t<option value=\"https:\/\/pionlux.eu\/hu\/termekkategoria\/laser-machines\/\">\n\t\t\t\t\t\n\t\t\t\t\tLaser Machines\n\t\t\t\t\t(23)\n\t\t\t\t<\/option>\n\t\t\t\t\n\t\t\t\t<option value=\"https:\/\/pionlux.eu\/hu\/termekkategoria\/laser-machines\/accessories\/\">\n\t\t\t\t\t&minus;\n\t\t\t\t\tAccessories\n\t\t\t\t\t(2)\n\t\t\t\t<\/option>\n\t\t\t\t\n\t\t\t\n\t\t\t\t<option value=\"https:\/\/pionlux.eu\/hu\/termekkategoria\/laser-machines\/laser-cutting-machine\/\">\n\t\t\t\t\t&minus;\n\t\t\t\t\tLaser Cutting Machines\n\t\t\t\t\t(11)\n\t\t\t\t<\/option>\n\t\t\t\t\n\t\t\t\n\t\t\t\t<option value=\"https:\/\/pionlux.eu\/hu\/termekkategoria\/laser-machines\/laser-cleaning-machine\/\">\n\t\t\t\t\t&minus;\n\t\t\t\t\tLaser Cleaning Machine\n\t\t\t\t\t(3)\n\t\t\t\t<\/option>\n\t\t\t\t\n\t\t\t\n\t\t\t\t<option value=\"https:\/\/pionlux.eu\/hu\/termekkategoria\/laser-machines\/laser-marking-machine\/\">\n\t\t\t\t\t&minus;\n\t\t\t\t\tLaser Marking Machines\n\t\t\t\t\t(4)\n\t\t\t\t<\/option>\n\t\t\t\t\n\t\t\t\n\t\t\t\t<option value=\"https:\/\/pionlux.eu\/hu\/termekkategoria\/laser-machines\/laser-welding-machines\/\">\n\t\t\t\t\t&minus;\n\t\t\t\t\tLaser Welding Machines\n\t\t\t\t\t(3)\n\t\t\t\t<\/option>\n\t\t\t\t\n\t\t\t\n\t\t\t\n\t\t\t\t<option value=\"https:\/\/pionlux.eu\/hu\/termekkategoria\/lezergepek\/\">\n\t\t\t\t\t\n\t\t\t\t\tL\u00e9zerg\u00e9pek\n\t\t\t\t\t(23)\n\t\t\t\t<\/option>\n\t\t\t\t\n\t\t\t\t<option value=\"https:\/\/pionlux.eu\/hu\/termekkategoria\/lezergepek\/lezerhegeszto-gepek\/\">\n\t\t\t\t\t&minus;\n\t\t\t\t\tL\u00e9zerhegeszt\u0151 G\u00e9pek\n\t\t\t\t\t(3)\n\t\t\t\t<\/option>\n\t\t\t\t\n\t\t\t\n\t\t\t\t<option value=\"https:\/\/pionlux.eu\/hu\/termekkategoria\/lezergepek\/lezerjelolo-gepek\/\">\n\t\t\t\t\t&minus;\n\t\t\t\t\tL\u00e9zerjel\u00f6l\u0151 G\u00e9pek\n\t\t\t\t\t(4)\n\t\t\t\t<\/option>\n\t\t\t\t\n\t\t\t\n\t\t\t\t<option value=\"https:\/\/pionlux.eu\/hu\/termekkategoria\/lezergepek\/lezertisztito-gepek\/\">\n\t\t\t\t\t&minus;\n\t\t\t\t\tL\u00e9zertiszt\u00edt\u00f3 G\u00e9pek\n\t\t\t\t\t(3)\n\t\t\t\t<\/option>\n\t\t\t\t\n\t\t\t\n\t\t\t\t<option value=\"https:\/\/pionlux.eu\/hu\/termekkategoria\/lezergepek\/lezervago-gepek\/\">\n\t\t\t\t\t&minus;\n\t\t\t\t\tL\u00e9zerv\u00e1g\u00f3 G\u00e9pek\n\t\t\t\t\t(11)\n\t\t\t\t<\/option>\n\t\t\t\t\n\t\t\t\n\t\t\t\t<option value=\"https:\/\/pionlux.eu\/hu\/termekkategoria\/lezergepek\/tartozekok\/\">\n\t\t\t\t\t&minus;\n\t\t\t\t\tTartoz\u00e9kok\n\t\t\t\t\t(2)\n\t\t\t\t<\/option>\n\t\t\t\t\n\t\t\t\n\t\t\t\n\t\t\t\t<option value=\"https:\/\/pionlux.eu\/hu\/termekkategoria\/machine-spotlight\/\">\n\t\t\t\t\t\n\t\t\t\t\tMachine spotlight\n\t\t\t\t\t(12)\n\t\t\t\t<\/option>\n\t\t\t\t\n\t\t\t\n\t\t\t\t<\/select>\n\t\t\t<\/div>\n\t\t\t<button\n\t\t\t\ttype=\"button\"\n\t\t\t\tclass=\"wc-block-product-categories__button\"\n\t\t\t\taria-label=\"Ugr\u00e1s kateg\u00f3ri\u00e1hoz\"\n\t\t\t\tonclick=\"const url = document.getElementById( 'product-categories-69f2fbc41f0da-select' ).value; if ( 'false' !== url ) document.location.href = url;\"\n\t\t\t>\n\t\t\t\t<svg\n\t\t\t\t\taria-hidden=\"true\"\n\t\t\t\t\trole=\"img\"\n\t\t\t\t\tfocusable=\"false\"\n\t\t\t\t\tclass=\"dashicon dashicons-arrow-right-alt2\"\n\t\t\t\t\txmlns=\"http:\/\/www.w3.org\/2000\/svg\"\n\t\t\t\t\twidth=\"20\"\n\t\t\t\t\theight=\"20\"\n\t\t\t\t\tviewBox=\"0 0 20 20\"\n\t\t\t\t>\n\t\t\t\t\t<path d=\"M6 15l5-5-5-5 1-2 7 7-7 7z\" \/>\n\t\t\t\t<\/svg>\n\t\t\t<\/button>\n\t\t<\/div>\n\n\n<div data-align-buttons=\"true\" data-block-name=\"woocommerce\/all-products\" data-columns=\"4\" data-content-visibility=\"{&quot;orderBy&quot;:true}\" data-layout-config=\"[[&quot;woocommerce\\\/product-image&quot;,{&quot;imageSizing&quot;:&quot;thumbnail&quot;}],[&quot;woocommerce\\\/product-title&quot;],[&quot;woocommerce\\\/product-price&quot;],[&quot;woocommerce\\\/product-rating&quot;],[&quot;woocommerce\\\/product-button&quot;]]\" data-orderby=\"date\" data-rows=\"6\" class=\"wp-block-woocommerce-all-products wc-block-all-products\" data-attributes=\"{&quot;UAGAnimationDelay&quot;:0,&quot;UAGAnimationEasing&quot;:&quot;ease&quot;,&quot;UAGAnimationRepeat&quot;:false,&quot;UAGAnimationTime&quot;:400,&quot;UAGAnimationType&quot;:&quot;&quot;,&quot;UAGDay&quot;:[],&quot;UAGHideDesktop&quot;:false,&quot;UAGHideMob&quot;:false,&quot;UAGHideTab&quot;:false,&quot;UAGLoggedIn&quot;:false,&quot;UAGLoggedOut&quot;:false,&quot;UAGPosition&quot;:&quot;&quot;,&quot;UAGResponsiveConditions&quot;:false,&quot;UAGStickyLocation&quot;:&quot;top&quot;,&quot;UAGStickyOffset&quot;:0,&quot;UAGStickyRestricted&quot;:false,&quot;alignButtons&quot;:true,&quot;columns&quot;:4,&quot;contentVisibility&quot;:{&quot;orderBy&quot;:true},&quot;isPreview&quot;:false,&quot;layoutConfig&quot;:[[&quot;woocommerce\/product-image&quot;,{&quot;imageSizing&quot;:&quot;thumbnail&quot;}],[&quot;woocommerce\/product-title&quot;],[&quot;woocommerce\/product-price&quot;],[&quot;woocommerce\/product-rating&quot;],[&quot;woocommerce\/product-button&quot;]],&quot;orderby&quot;:&quot;date&quot;,&quot;rows&quot;:6}\"><\/div>\n\n\n\n<p><\/p>\n","protected":false},"excerpt":{"rendered":"","protected":false},"author":1,"featured_media":0,"parent":0,"menu_order":0,"comment_status":"closed","ping_status":"closed","template":"","meta":{"_uag_custom_page_level_css":"","site-sidebar-layout":"default","site-content-layout":"","ast-site-content-layout":"default","site-content-style":"default","site-sidebar-style":"default","ast-global-header-display":"","ast-banner-title-visibility":"","ast-main-header-display":"","ast-hfb-above-header-display":"","ast-hfb-below-header-display":"","ast-hfb-mobile-header-display":"","site-post-title":"disabled","ast-breadcrumbs-content":"","ast-featured-img":"","footer-sml-layout":"","theme-transparent-header-meta":"","adv-header-id-meta":"","stick-header-meta":"","header-above-stick-meta":"","header-main-stick-meta":"","header-below-stick-meta":"","astra-migrate-meta-layouts":"set","ast-page-background-enabled":"default","ast-page-background-meta":{"desktop":{"background-color":"","background-image":"","background-repeat":"repeat","background-position":"center center","background-size":"auto","background-attachment":"scroll","background-type":"","background-media":"","overlay-type":"","overlay-color":"","overlay-opacity":"","overlay-gradient":""},"tablet":{"background-color":"","background-image":"","background-repeat":"repeat","background-position":"center center","background-size":"auto","background-attachment":"scroll","background-type":"","background-media":"","overlay-type":"","overlay-color":"","overlay-opacity":"","overlay-gradient":""},"mobile":{"background-color":"","background-image":"","background-repeat":"repeat","background-position":"center center","background-size":"auto","background-attachment":"scroll","background-type":"","background-media":"","overlay-type":"","overlay-color":"","overlay-opacity":"","overlay-gradient":""}},"ast-content-background-meta":{"desktop":{"background-color":"var(--ast-global-color-5)","background-image":"","background-repeat":"repeat","background-position":"center center","background-size":"auto","background-attachment":"scroll","background-type":"","background-media":"","overlay-type":"","overlay-color":"","overlay-opacity":"","overlay-gradient":""},"tablet":{"background-color":"var(--ast-global-color-5)","background-image":"","background-repeat":"repeat","background-position":"center center","background-size":"auto","background-attachment":"scroll","background-type":"","background-media":"","overlay-type":"","overlay-color":"","overlay-opacity":"","overlay-gradient":""},"mobile":{"background-color":"var(--ast-global-color-5)","background-image":"","background-repeat":"repeat","background-position":"center center","background-size":"auto","background-attachment":"scroll","background-type":"","background-media":"","overlay-type":"","overlay-color":"","overlay-opacity":"","overlay-gradient":""}},"footnotes":""},"class_list":["post-2443","page","type-page","status-publish","hentry"],"uagb_featured_image_src":{"full":false,"thumbnail":false,"medium":false,"medium_large":false,"large":false,"1536x1536":false,"2048x2048":false,"trp-custom-language-flag":false,"woocommerce_thumbnail":false,"woocommerce_single":false,"woocommerce_gallery_thumbnail":false},"uagb_author_info":{"display_name":"Benjamin","author_link":"https:\/\/pionlux.eu\/hu\/author\/manager-hepihomegmail-com\/"},"uagb_comment_info":0,"uagb_excerpt":null,"_links":{"self":[{"href":"https:\/\/pionlux.eu\/hu\/wp-json\/wp\/v2\/pages\/2443","targetHints":{"allow":["GET"]}}],"collection":[{"href":"https:\/\/pionlux.eu\/hu\/wp-json\/wp\/v2\/pages"}],"about":[{"href":"https:\/\/pionlux.eu\/hu\/wp-json\/wp\/v2\/types\/page"}],"author":[{"embeddable":true,"href":"https:\/\/pionlux.eu\/hu\/wp-json\/wp\/v2\/users\/1"}],"replies":[{"embeddable":true,"href":"https:\/\/pionlux.eu\/hu\/wp-json\/wp\/v2\/comments?post=2443"}],"version-history":[{"count":15,"href":"https:\/\/pionlux.eu\/hu\/wp-json\/wp\/v2\/pages\/2443\/revisions"}],"predecessor-version":[{"id":3413,"href":"https:\/\/pionlux.eu\/hu\/wp-json\/wp\/v2\/pages\/2443\/revisions\/3413"}],"wp:attachment":[{"href":"https:\/\/pionlux.eu\/hu\/wp-json\/wp\/v2\/media?parent=2443"}],"curies":[{"name":"munkaf\u00fczet","href":"https:\/\/api.w.org\/{rel}","templated":true}]}}