{"id":3523,"date":"2025-07-25T15:32:04","date_gmt":"2025-07-25T15:32:04","guid":{"rendered":"https:\/\/pionlux.eu\/?page_id=3523"},"modified":"2025-07-25T15:32:07","modified_gmt":"2025-07-25T15:32:07","slug":"ertekesitesi-szolgaltatas","status":"publish","type":"page","link":"https:\/\/pionlux.eu\/hu\/rolunk\/ertekesitesi-szolgaltatas\/","title":{"rendered":"\u00c9rt\u00e9kes\u00edt\u00e9si Szolg\u00e1ltat\u00e1s"},"content":{"rendered":"\n<div class=\"wp-block-uagb-container uagb-block-f3a4c302 alignfull uagb-is-root-container\"><div class=\"uagb-container-inner-blocks-wrap\">\n<figure class=\"wp-block-image size-full\" style=\"margin-top:var(--wp--preset--spacing--50);margin-bottom:var(--wp--preset--spacing--50)\"><img loading=\"lazy\" decoding=\"async\" width=\"1920\" height=\"500\" src=\"https:\/\/pionlux.eu\/wp-content\/uploads\/2024\/12\/Copy-of-Laser-Machine-Black-Friday-promo-HUN-insta-1920-x-1080-px-1920-x-800-px-4.jpg\" alt=\"\" class=\"wp-image-3189\" srcset=\"https:\/\/pionlux.eu\/wp-content\/uploads\/2024\/12\/Copy-of-Laser-Machine-Black-Friday-promo-HUN-insta-1920-x-1080-px-1920-x-800-px-4.jpg 1920w, https:\/\/pionlux.eu\/wp-content\/uploads\/2024\/12\/Copy-of-Laser-Machine-Black-Friday-promo-HUN-insta-1920-x-1080-px-1920-x-800-px-4-300x78.jpg 300w, https:\/\/pionlux.eu\/wp-content\/uploads\/2024\/12\/Copy-of-Laser-Machine-Black-Friday-promo-HUN-insta-1920-x-1080-px-1920-x-800-px-4-1024x267.jpg 1024w, https:\/\/pionlux.eu\/wp-content\/uploads\/2024\/12\/Copy-of-Laser-Machine-Black-Friday-promo-HUN-insta-1920-x-1080-px-1920-x-800-px-4-768x200.jpg 768w, https:\/\/pionlux.eu\/wp-content\/uploads\/2024\/12\/Copy-of-Laser-Machine-Black-Friday-promo-HUN-insta-1920-x-1080-px-1920-x-800-px-4-1536x400.jpg 1536w, https:\/\/pionlux.eu\/wp-content\/uploads\/2024\/12\/Copy-of-Laser-Machine-Black-Friday-promo-HUN-insta-1920-x-1080-px-1920-x-800-px-4-18x5.jpg 18w, https:\/\/pionlux.eu\/wp-content\/uploads\/2024\/12\/Copy-of-Laser-Machine-Black-Friday-promo-HUN-insta-1920-x-1080-px-1920-x-800-px-4-600x156.jpg 600w\" sizes=\"auto, (max-width: 1920px) 100vw, 1920px\" \/><\/figure>\n<\/div><\/div>\n\n\n\n<h3 class=\"wp-block-heading\">Mi\u00e9rt v\u00e1lassza a Pionlux Technologies-t?<\/h3>\n\n\n\n<h4 class=\"wp-block-heading\">El\u0151ny\u00f6k:<\/h4>\n\n\n\n<ul class=\"wp-block-list\">\n<li><strong>K\u00f6zvetlen \u00e9rt\u00e9kes\u00edt\u00e9s:<\/strong> V\u00e1s\u00e1roljon k\u00f6zvetlen\u00fcl eur\u00f3pai irod\u00e1inkb\u00f3l vagy k\u00f6zvetlen\u00fcl a gy\u00e1rb\u00f3l \u2013 versenyk\u00e9pes \u00e1rak \u00e9s garant\u00e1lt min\u0151s\u00e9g.<\/li>\n\n\n\n<li><strong>\u00c1tfog\u00f3 t\u00e1mogat\u00e1s:<\/strong> Online technikai seg\u00edts\u00e9gny\u00fajt\u00e1s \u00e9s tan\u00e1csad\u00e1s biztos\u00edtja a berendez\u00e9sek zavartalan m\u0171k\u00f6d\u00e9s\u00e9t.<\/li>\n\n\n\n<li><strong>Glob\u00e1lis szabv\u00e1nyok:<\/strong> A Pionlux Technologies elk\u00f6telezett a kiv\u00e1l\u00f3 min\u0151s\u00e9g\u0171 l\u00e9zerv\u00e1g\u00f3, -grav\u00edroz\u00f3, -hegeszt\u0151 \u00e9s -tiszt\u00edt\u00f3 g\u00e9pek biztos\u00edt\u00e1sa mellett, amelyek ipari \u00e9s kreat\u00edv alkalmaz\u00e1sok sz\u00e9les k\u00f6r\u00e9re alkalmasak.<\/li>\n\n\n\n<li><strong>\u00dcgyf\u00e9lk\u00f6zpont\u00fa megold\u00e1sok:<\/strong> Egy\u00e9ni \u00e9s v\u00e1llalati ig\u00e9nyekre szabott megold\u00e1sokat k\u00edn\u00e1lunk, hogy a fejlett l\u00e9zertechnol\u00f3gia el\u00e9rhet\u0151 legyen a kis- \u00e9s k\u00f6z\u00e9pv\u00e1llalkoz\u00e1sok, valamint a kreat\u00edv szakemberek sz\u00e1m\u00e1ra vil\u00e1gszerte.<\/li>\n<\/ul>\n\n\n\n<hr class=\"wp-block-separator has-alpha-channel-opacity is-style-wide\"\/>\n\n\n\n<div class=\"wp-block-uagb-container uagb-block-cdc4cf9f alignfull uagb-is-root-container\"><div class=\"uagb-container-inner-blocks-wrap\">\n<figure class=\"wp-block-image size-full\"><img loading=\"lazy\" decoding=\"async\" width=\"1920\" height=\"500\" src=\"https:\/\/pionlux.eu\/wp-content\/uploads\/2024\/12\/Copy-of-Laser-Machine-Black-Friday-promo-HUN-insta-1920-x-1080-px-1920-x-800-px-5.jpg\" alt=\"\" class=\"wp-image-3190\" srcset=\"https:\/\/pionlux.eu\/wp-content\/uploads\/2024\/12\/Copy-of-Laser-Machine-Black-Friday-promo-HUN-insta-1920-x-1080-px-1920-x-800-px-5.jpg 1920w, https:\/\/pionlux.eu\/wp-content\/uploads\/2024\/12\/Copy-of-Laser-Machine-Black-Friday-promo-HUN-insta-1920-x-1080-px-1920-x-800-px-5-300x78.jpg 300w, https:\/\/pionlux.eu\/wp-content\/uploads\/2024\/12\/Copy-of-Laser-Machine-Black-Friday-promo-HUN-insta-1920-x-1080-px-1920-x-800-px-5-1024x267.jpg 1024w, https:\/\/pionlux.eu\/wp-content\/uploads\/2024\/12\/Copy-of-Laser-Machine-Black-Friday-promo-HUN-insta-1920-x-1080-px-1920-x-800-px-5-768x200.jpg 768w, https:\/\/pionlux.eu\/wp-content\/uploads\/2024\/12\/Copy-of-Laser-Machine-Black-Friday-promo-HUN-insta-1920-x-1080-px-1920-x-800-px-5-1536x400.jpg 1536w, https:\/\/pionlux.eu\/wp-content\/uploads\/2024\/12\/Copy-of-Laser-Machine-Black-Friday-promo-HUN-insta-1920-x-1080-px-1920-x-800-px-5-18x5.jpg 18w, https:\/\/pionlux.eu\/wp-content\/uploads\/2024\/12\/Copy-of-Laser-Machine-Black-Friday-promo-HUN-insta-1920-x-1080-px-1920-x-800-px-5-600x156.jpg 600w\" sizes=\"auto, (max-width: 1920px) 100vw, 1920px\" \/><\/figure>\n<\/div><\/div>\n\n\n\n<h3 class=\"wp-block-heading\">\u00c9rt\u00e9kes\u00edt\u00e9s el\u0151tti szolg\u00e1ltat\u00e1sok:<\/h3>\n\n\n\n<ul class=\"wp-block-list\">\n<li><strong>Ingyenes mintadarab megmunk\u00e1l\u00e1si szolg\u00e1ltat\u00e1s:<\/strong> K\u00fcldje el nek\u00fcnk terveit, \u00e9s ingyenesen elk\u00e9sz\u00edtj\u00fck a mintadarabot l\u00e9tes\u00edtm\u00e9ny\u00fcnkben. Vide\u00f3t vagy a k\u00e9sz mint\u00e1t is elk\u00fcldj\u00fck \u00d6nnek a min\u0151s\u00e9g ellen\u0151rz\u00e9s\u00e9re.<\/li>\n\n\n\n<li><strong>Testreszabott megold\u00e1sok:<\/strong> Az \u00d6n ig\u00e9nyei alapj\u00e1n olyan egyedi megmunk\u00e1l\u00e1si megold\u00e1sokat dolgozunk ki, amelyek n\u00f6velik a gy\u00e1rt\u00e1si hat\u00e9konys\u00e1got \u00e9s a v\u00e9gterm\u00e9k min\u0151s\u00e9g\u00e9t.<\/li>\n\n\n\n<li><strong>Szem\u00e9lyre szabott term\u00e9kek:<\/strong> Nyitottak vagyunk az egyedi gy\u00e1rt\u00e1sra \u00e9s OEM szolg\u00e1ltat\u00e1sokra is, lehet\u0151s\u00e9get biztos\u00edtva g\u00e9peink szem\u00e9lyre szab\u00e1s\u00e1ra az \u00d6n egyedi ig\u00e9nyei szerint.<\/li>\n<\/ul>\n\n\n\n<hr class=\"wp-block-separator has-alpha-channel-opacity is-style-wide\"\/>\n\n\n\n<h3 class=\"wp-block-heading\">\u00c9rt\u00e9kes\u00edt\u00e9s ut\u00e1ni szolg\u00e1ltat\u00e1sok:<\/h3>\n\n\n\n<ul class=\"wp-block-list\">\n<li><strong>Teljesk\u00f6r\u0171 \u00fatmutat\u00f3k \u00e9s forr\u00e1sanyagok:<\/strong><\/li>\n\n\n\n<li>Oktat\u00f3vide\u00f3k, felhaszn\u00e1l\u00f3i k\u00e9zik\u00f6nyvek \u00e9s hibaelh\u00e1r\u00edt\u00e1si \u00fatmutat\u00f3k angol nyelven \u2013 lefedik a g\u00e9p telep\u00edt\u00e9s\u00e9t, m\u0171k\u00f6dtet\u00e9s\u00e9t \u00e9s karbantart\u00e1s\u00e1t.<\/li>\n\n\n\n<li><strong>T\u00e1voli technikai t\u00e1mogat\u00e1s:<\/strong><\/li>\n\n\n\n<li>Csapatunk e-mailen, vide\u00f3h\u00edv\u00e1son \u00e9s online cseveg\u00e9sen kereszt\u00fcl ny\u00fajt seg\u00edts\u00e9get a felmer\u00fcl\u0151 m\u0171k\u00f6d\u00e9si probl\u00e9m\u00e1k megold\u00e1s\u00e1ra.<\/li>\n\n\n\n<li><strong>Gy\u00e1ri k\u00e9pz\u00e9s (opcion\u00e1lis):<\/strong><\/li>\n\n\n\n<li>L\u00e1togasson el gy\u00e1runkba, ahol alapos k\u00e9pz\u00e9st biztos\u00edtunk a g\u00e9p haszn\u00e1lat\u00e1r\u00f3l, bele\u00e9rtve a gyakorlati oktat\u00e1st az \u00f6sszeszerelt g\u00e9pen. Helysz\u00edni koll\u00e9g\u00e1ink seg\u00edtenek, mik\u00f6zben a g\u00e9pspecifikus feladatokhoz sz\u00fcks\u00e9ges tud\u00e1st online kapcsolatban is biztos\u00edtj\u00e1k gy\u00e1ri m\u00e9rn\u00f6keink. A lehet\u0151s\u00e9g a bemutat\u00f3termi g\u00e9p el\u00e9rhet\u0151s\u00e9g\u00e9t\u0151l f\u00fcgg.<\/li>\n\n\n\n<li><strong>Helysz\u00edni k\u00e9pz\u00e9s (opcion\u00e1lis):<\/strong><\/li>\n\n\n\n<li>Szem\u00e9lyre szabott, m\u00e9lyrehat\u00f3 oktat\u00e1shoz m\u00e9rn\u00f6keinket az \u00d6n telephely\u00e9re is kik\u00fcldhetj\u00fck. Az utaz\u00e1s, sz\u00e1ll\u00e1s \u00e9s \u2013 ha sz\u00fcks\u00e9ges \u2013 a tolm\u00e1csol\u00e1s megszervez\u00e9se el\u0151zetesen sz\u00fcks\u00e9ges.<\/li>\n<\/ul>\n\n\n\n<hr class=\"wp-block-separator has-alpha-channel-opacity is-style-wide\"\/>\n\n\n\n<div class=\"wp-block-uagb-container uagb-block-e4c22ae3 alignfull uagb-is-root-container\"><div class=\"uagb-container-inner-blocks-wrap\"><\/div><\/div>\n\n\n\n<div class=\"wp-block-uagb-container uag-blocks-common-selector uagb-block-5c5c8953 alignwide uagb-is-root-container\">\n<div class=\"wp-block-uagb-advanced-heading uagb-block-2d02615c\"><h3 class=\"uagb-heading-text\">Let&#8217;s Get in Touch<\/h3><\/div>\n\n\n\n<div class=\"wp-block-uagb-forms uagb-forms__outer-wrap uagb-block-9eefc7a2 uagb-forms__default-btn\"><form class=\"uagb-forms-main-form\" method=\"post\" autocomplete=\"on\" name=\"uagb-form-9eefc7a2\">\n<div class=\"wp-block-uagb-forms-name uagb-forms-name-wrap uagb-forms-field-set uagb-block-14e73f35 uag-col-2\"><div class=\"uagb-forms-name-label  uagb-forms-input-label\" id=\"14e73f35\">First Name<\/div><input type=\"text\" placeholder=\"First name\" class=\"uagb-forms-name-input uagb-forms-input\" name=\"14e73f35\" autocomplete=\"given-name\"\/><\/div>\n\n\n\n<div class=\"wp-block-uagb-forms-name uagb-forms-name-wrap uagb-forms-field-set uagb-block-55f634fe uag-col-2\"><div class=\"uagb-forms-name-label  uagb-forms-input-label\" id=\"55f634fe\">Last Name<\/div><input type=\"text\" placeholder=\"Last name\" class=\"uagb-forms-name-input uagb-forms-input\" name=\"55f634fe\" autocomplete=\"family-name\"\/><\/div>\n\n\n\n<div class=\"wp-block-uagb-forms-email uagb-forms-email-wrap uagb-forms-field-set uagb-block-01466886\"><div class=\"uagb-forms-email-label  uagb-forms-input-label\" id=\"01466886\">Email<\/div><input type=\"email\" class=\"uagb-forms-email-input uagb-forms-input\" placeholder=\"Enter email address\" name=\"01466886\" autocomplete=\"email\"\/><\/div>\n\n\n\n<div class=\"wp-block-uagb-forms-name uagb-forms-name-wrap uagb-forms-field-set uagb-block-738e56bd\"><div class=\"uagb-forms-name-label  uagb-forms-input-label\" id=\"738e56bd\">Name<\/div><input type=\"text\" placeholder=\"Your Company\" class=\"uagb-forms-name-input uagb-forms-input\" name=\"738e56bd\" autocomplete=\"organization\"\/><\/div>\n\n\n\n<div class=\"wp-block-uagb-forms-phone uagb-forms-phone-wrap uagb-forms-field-set uagb-block-b7556cfd\"><div class=\"uagb-forms-phone-label required uagb-forms-input-label\" id=\"b7556cfd\">Phone<\/div><div class=\"uagb-forms-phone-flex\"><select class=\"uagb-forms-input uagb-form-phone-country\" id=\"uagb-form-country-b7556cfd\" name=\"Phone[]\"><option value=\"+44\" selected>UK (+44)<\/option><option value=\"+1\">USA \/ Canada (+1)<\/option><option value=\"+213\">Algeria (+213)<\/option><option value=\"+376\">Andorra (+376)<\/option><option value=\"+244\">Angola (+244)<\/option><option value=\"+1264\">Anguilla (+1264)<\/option><option value=\"+1268\">Antigua &amp; Barbuda (+1268)<\/option><option value=\"+54\">Argentina (+54)<\/option><option value=\"+374\">Armenia (+374)<\/option><option value=\"+297\">Aruba (+297)<\/option><option value=\"+61\">Australia (+61)<\/option><option value=\"+43\">Austria (+43)<\/option><option value=\"+994\">Azerbaijan (+994)<\/option><option value=\"+1242\">Bahamas (+1242)<\/option><option value=\"+973\">Bahrain (+973)<\/option><option value=\"+880\">Bangladesh (+880)<\/option><option value=\"+1246\">Barbados (+1246)<\/option><option value=\"+375\">Belarus (+375)<\/option><option value=\"+32\">Belgium (+32)<\/option><option value=\"+501\">Belize (+501)<\/option><option value=\"+229\">Benin (+229)<\/option><option value=\"+1441\">Bermuda (+1441)<\/option><option value=\"+975\">Bhutan (+975)<\/option><option value=\"+591\">Bolivia (+591)<\/option><option value=\"+387\">Bosnia Herzegovina (+387)<\/option><option value=\"+267\">Botswana (+267)<\/option><option value=\"+55\">Brazil (+55)<\/option><option value=\"+673\">Brunei (+673)<\/option><option value=\"+359\">Bulgaria (+359)<\/option><option value=\"+226\">Burkina Faso (+226)<\/option><option value=\"+257\">Burundi (+257)<\/option><option value=\"+855\">Cambodia (+855)<\/option><option value=\"+237\">Cameroon (+237)<\/option><option value=\"+238\">Cape Verde Islands (+238)<\/option><option value=\"+1345\">Cayman Islands (+1345)<\/option><option value=\"+236\">Central African Republic (+236)<\/option><option value=\"+56\">Chile (+56)<\/option><option value=\"+86\">China (+86)<\/option><option value=\"+57\">Colombia (+57)<\/option><option value=\"+269\">Comoros (+269)<\/option><option value=\"+242\">Congo (+242)<\/option><option value=\"+682\">Cook Islands (+682)<\/option><option value=\"+506\">Costa Rica (+506)<\/option><option value=\"+385\">Croatia (+385)<\/option><option value=\"+53\">Cuba (+53)<\/option><option value=\"+90392\">Cyprus North (+90392)<\/option><option value=\"+357\">Cyprus South (+357)<\/option><option value=\"+420\">Czech Republic (+420)<\/option><option value=\"+45\">Denmark (+45)<\/option><option value=\"+253\">Djibouti (+253)<\/option><option value=\"+1809\">Dominica (+1809)<\/option><option value=\"+1809\">Dominican Republic (+1809)<\/option><option value=\"+593\">Ecuador (+593)<\/option><option value=\"+20\">Egypt (+20)<\/option><option value=\"+503\">El Salvador (+503)<\/option><option value=\"+240\">Equatorial Guinea (+240)<\/option><option value=\"+291\">Eritrea (+291)<\/option><option value=\"+372\">Estonia (+372)<\/option><option value=\"+251\">Ethiopia (+251)<\/option><option value=\"+500\">Falkland Islands (+500)<\/option><option value=\"+298\">Faroe Islands (+298)<\/option><option value=\"+679\">Fiji (+679)<\/option><option value=\"+358\">Finland (+358)<\/option><option value=\"+33\">France (+33)<\/option><option value=\"+594\">French Guiana (+594)<\/option><option value=\"+689\">French Polynesia (+689)<\/option><option value=\"+241\">Gabon (+241)<\/option><option value=\"+220\">Gambia (+220)<\/option><option value=\"+7880\">Georgia (+7880)<\/option><option value=\"+49\">Germany (+49)<\/option><option value=\"+233\">Ghana (+233)<\/option><option value=\"+350\">Gibraltar (+350)<\/option><option value=\"+30\">Greece (+30)<\/option><option value=\"+299\">Greenland (+299)<\/option><option value=\"+1473\">Grenada (+1473)<\/option><option value=\"+590\">Guadeloupe (+590)<\/option><option value=\"+671\">Guam (+671)<\/option><option value=\"+502\">Guatemala (+502)<\/option><option value=\"+224\">Guinea (+224)<\/option><option value=\"+245\">Guinea &#8211; Bissau (+245)<\/option><option value=\"+592\">Guyana (+592)<\/option><option value=\"+509\">Haiti (+509)<\/option><option value=\"+504\">Honduras (+504)<\/option><option value=\"+852\">Hong Kong (+852)<\/option><option value=\"+36\">Hungary (+36)<\/option><option value=\"+354\">Iceland (+354)<\/option><option value=\"+91\">India (+91)<\/option><option value=\"+62\">Indonesia (+62)<\/option><option value=\"+98\">Iran (+98)<\/option><option value=\"+964\">Iraq (+964)<\/option><option value=\"+353\">Ireland (+353)<\/option><option value=\"+972\">Israel (+972)<\/option><option value=\"+39\">Italy (+39)<\/option><option value=\"+1876\">Jamaica (+1876)<\/option><option value=\"+81\">Japan (+81)<\/option><option value=\"+962\">Jordan (+962)<\/option><option value=\"+7\">Kazakhstan (+7)<\/option><option value=\"+254\">Kenya (+254)<\/option><option value=\"+686\">Kiribati (+686)<\/option><option value=\"+850\">Korea North (+850)<\/option><option value=\"+82\">Korea South (+82)<\/option><option value=\"+965\">Kuwait (+965)<\/option><option value=\"+996\">Kyrgyzstan (+996)<\/option><option value=\"+856\">Laos (+856)<\/option><option value=\"+371\">Latvia (+371)<\/option><option value=\"+961\">Lebanon (+961)<\/option><option value=\"+266\">Lesotho (+266)<\/option><option value=\"+231\">Liberia (+231)<\/option><option value=\"+218\">Libya (+218)<\/option><option value=\"+417\">Liechtenstein (+417)<\/option><option value=\"+370\">Lithuania (+370)<\/option><option value=\"+352\">Luxembourg (+352)<\/option><option value=\"+853\">Macao (+853)<\/option><option value=\"+389\">Macedonia (+389)<\/option><option value=\"+261\">Madagascar (+261)<\/option><option value=\"+265\">Malawi (+265)<\/option><option value=\"+60\">Malaysia (+60)<\/option><option value=\"+960\">Maldives (+960)<\/option><option value=\"+223\">Mali (+223)<\/option><option value=\"+356\">Malta (+356)<\/option><option value=\"+692\">Marshall Islands (+692)<\/option><option value=\"+596\">Martinique (+596)<\/option><option value=\"+222\">Mauritania (+222)<\/option><option value=\"+269\">Mayotte (+269)<\/option><option value=\"+52\">Mexico (+52)<\/option><option value=\"+691\">Micronesia (+691)<\/option><option value=\"+373\">Moldova (+373)<\/option><option value=\"+377\">Monaco (+377)<\/option><option value=\"+976\">Mongolia (+976)<\/option><option value=\"+1664\">Montserrat (+1664)<\/option><option value=\"+212\">Morocco (+212)<\/option><option value=\"+258\">Mozambique (+258)<\/option><option value=\"+95\">Myanmar (+95)<\/option><option value=\"+264\">Namibia (+264)<\/option><option value=\"+674\">Nauru (+674)<\/option><option value=\"+977\">Nepal (+977)<\/option><option value=\"+31\">Netherlands (+31)<\/option><option value=\"+687\">New Caledonia (+687)<\/option><option value=\"+64\">New Zealand (+64)<\/option><option value=\"+505\">Nicaragua (+505)<\/option><option value=\"+227\">Niger (+227)<\/option><option value=\"+234\">Nigeria (+234)<\/option><option value=\"+683\">Niue (+683)<\/option><option value=\"+672\">Norfolk Islands (+672)<\/option><option value=\"+670\">Northern Marianas (+670)<\/option><option value=\"+47\">Norway (+47)<\/option><option value=\"+968\">Oman (+968)<\/option><option value=\"+680\">Palau (+680)<\/option><option value=\"+507\">Panama (+507)<\/option><option value=\"+675\">Papua New Guinea (+675)<\/option><option value=\"+595\">Paraguay (+595)<\/option><option value=\"+51\">Peru (+51)<\/option><option value=\"+63\">Philippines (+63)<\/option><option value=\"+48\">Poland (+48)<\/option><option value=\"+351\">Portugal (+351)<\/option><option value=\"+1787\">Puerto Rico (+1787)<\/option><option value=\"+974\">Qatar (+974)<\/option><option value=\"+262\">Reunion (+262)<\/option><option value=\"+40\">Romania (+40)<\/option><option value=\"+7\">Russia (+7)<\/option><option value=\"+250\">Rwanda (+250)<\/option><option value=\"+378\">San Marino (+378)<\/option><option value=\"+239\">Sao Tome &amp; Principe (+239)<\/option><option value=\"+966\">Saudi Arabia (+966)<\/option><option value=\"+221\">Senegal (+221)<\/option><option value=\"+381\">Serbia (+381)<\/option><option value=\"+248\">Seychelles (+248)<\/option><option value=\"+232\">Sierra Leone (+232)<\/option><option value=\"+65\">Singapore (+65)<\/option><option value=\"+421\">Slovak Republic (+421)<\/option><option value=\"+386\">Slovenia (+386)<\/option><option value=\"+677\">Solomon Islands (+677)<\/option><option value=\"+252\">Somalia (+252)<\/option><option value=\"+27\">South Africa (+27)<\/option><option value=\"+34\">Spain (+34)<\/option><option value=\"+94\">Sri Lanka (+94)<\/option><option value=\"+290\">St. Helena (+290)<\/option><option value=\"+1869\">St. Kitts (+1869)<\/option><option value=\"+1758\">St. Lucia (+1758)<\/option><option value=\"+249\">Sudan (+249)<\/option><option value=\"+597\">Suriname (+597)<\/option><option value=\"+268\">Swaziland (+268)<\/option><option value=\"+46\">Sweden (+46)<\/option><option value=\"+41\">Switzerland (+41)<\/option><option value=\"+963\">Syria (+963)<\/option><option value=\"+886\">Taiwan (+886)<\/option><option value=\"+7\">Tajikstan (+7)<\/option><option value=\"+66\">Thailand (+66)<\/option><option value=\"+228\">Togo (+228)<\/option><option value=\"+676\">Tonga (+676)<\/option><option value=\"+1868\">Trinidad &amp; Tobago (+1868)<\/option><option value=\"+216\">Tunisia (+216)<\/option><option value=\"+90\">Turkey (+90)<\/option><option value=\"+7\">Turkmenistan (+7)<\/option><option value=\"+993\">Turkmenistan (+993)<\/option><option value=\"+1649\">Turks &amp; Caicos Islands (+1649)<\/option><option value=\"+688\">Tuvalu (+688)<\/option><option value=\"+256\">Uganda (+256)<\/option><option value=\"+380\">Ukraine (+380)<\/option><option value=\"+971\">United Arab Emirates (+971)<\/option><option value=\"+598\">Uruguay (+598)<\/option><option value=\"+7\">Uzbekistan (+7)<\/option><option value=\"+678\">Vanuatu (+678)<\/option><option value=\"+379\">Vatican City (+379)<\/option><option value=\"+58\">Venezuela (+58)<\/option><option value=\"+84\">Vietnam (+84)<\/option><option value=\"+84\">Virgin Islands &#8211; British (+1284)<\/option><option value=\"+84\">Virgin Islands &#8211; US (+1340)<\/option><option value=\"+681\">Wallis &amp; Futuna (+681)<\/option><option value=\"+969\">Yemen (North)(+969)<\/option><option value=\"+967\">Yemen (South)(+967)<\/option><option value=\"+260\">Zambia (+260)<\/option><option value=\"+263\">Zimbabwe (+263)<\/option><\/select><input type=\"tel\" placeholder=\"123 456 7890\" pattern=\"[0-9]{3}s?[0-9]{3}s?[0-9]{4}\" required class=\"uagb-forms-phone-input uagb-forms-input\" name=\"Phone[]\" autocomplete=\"tel-national\"\/><\/div><\/div>\n\n\n\n<div class=\"wp-block-uagb-forms-textarea uagb-forms-textarea-wrap uagb-forms-field-set uagb-block-fd11a2dd\"><div class=\"uagb-forms-textarea-label required uagb-forms-input-label\" id=\"fd11a2dd\">Message<\/div><textarea required class=\"uagb-forms-textarea-input uagb-forms-input\" rows=\"6\" placeholder=\"Enter your message\" name=\"fd11a2dd\" autocomplete=\"off\"><\/textarea><\/div>\n<div class=\"uagb-forms-form-hidden-data\"><input type=\"hidden\" class=\"uagb_forms_form_label\" value=\"Spectra Form\"\/><input type=\"hidden\" class=\"uagb_forms_form_id\" value=\"uagb-form-9eefc7a2\"\/><\/div><div class=\"uagb-form-reacaptcha-error-9eefc7a2\"><\/div><div class=\"uagb-forms-main-submit-button-wrap wp-block-button\"><button class=\"uagb-forms-main-submit-button wp-block-button__link\"><div class=\"uagb-forms-main-submit-button-text\">SEND MESSAGE<\/div><\/button><\/div><\/form><div class=\"uagb-forms-success-message-9eefc7a2 uagb-forms-submit-message-hide\"><span>The form has been submitted successfully!<\/span><\/div><div class=\"uagb-forms-failed-message-9eefc7a2 uagb-forms-submit-message-hide\"><span>There has been some error while submitting the form. Please verify all form fields again.<\/span><\/div><\/div>\n<\/div>\n","protected":false},"excerpt":{"rendered":"<p>Mi\u00e9rt v\u00e1lassza a Pionlux Technologies-t? El\u0151ny\u00f6k: \u00c9rt\u00e9kes\u00edt\u00e9s el\u0151tti szolg\u00e1ltat\u00e1sok: \u00c9rt\u00e9kes\u00edt\u00e9s ut\u00e1ni szolg\u00e1ltat\u00e1sok: Let&#8217;s Get in Touch<\/p>","protected":false},"author":1,"featured_media":0,"parent":3506,"menu_order":1,"comment_status":"closed","ping_status":"closed","template":"","meta":{"_uag_custom_page_level_css":"","site-sidebar-layout":"default","site-content-layout":"","ast-site-content-layout":"default","site-content-style":"default","site-sidebar-style":"default","ast-global-header-display":"","ast-banner-title-visibility":"","ast-main-header-display":"","ast-hfb-above-header-display":"","ast-hfb-below-header-display":"","ast-hfb-mobile-header-display":"","site-post-title":"disabled","ast-breadcrumbs-content":"","ast-featured-img":"","footer-sml-layout":"","theme-transparent-header-meta":"","adv-header-id-meta":"","stick-header-meta":"","header-above-stick-meta":"","header-main-stick-meta":"","header-below-stick-meta":"","astra-migrate-meta-layouts":"set","ast-page-background-enabled":"default","ast-page-background-meta":{"desktop":{"background-color":"","background-image":"","background-repeat":"repeat","background-position":"center center","background-size":"auto","background-attachment":"scroll","background-type":"","background-media":"","overlay-type":"","overlay-color":"","overlay-opacity":"","overlay-gradient":""},"tablet":{"background-color":"","background-image":"","background-repeat":"repeat","background-position":"center center","background-size":"auto","background-attachment":"scroll","background-type":"","background-media":"","overlay-type":"","overlay-color":"","overlay-opacity":"","overlay-gradient":""},"mobile":{"background-color":"","background-image":"","background-repeat":"repeat","background-position":"center center","background-size":"auto","background-attachment":"scroll","background-type":"","background-media":"","overlay-type":"","overlay-color":"","overlay-opacity":"","overlay-gradient":""}},"ast-content-background-meta":{"desktop":{"background-color":"var(--ast-global-color-5)","background-image":"","background-repeat":"repeat","background-position":"center center","background-size":"auto","background-attachment":"scroll","background-type":"","background-media":"","overlay-type":"","overlay-color":"","overlay-opacity":"","overlay-gradient":""},"tablet":{"background-color":"var(--ast-global-color-5)","background-image":"","background-repeat":"repeat","background-position":"center center","background-size":"auto","background-attachment":"scroll","background-type":"","background-media":"","overlay-type":"","overlay-color":"","overlay-opacity":"","overlay-gradient":""},"mobile":{"background-color":"var(--ast-global-color-5)","background-image":"","background-repeat":"repeat","background-position":"center center","background-size":"auto","background-attachment":"scroll","background-type":"","background-media":"","overlay-type":"","overlay-color":"","overlay-opacity":"","overlay-gradient":""}},"footnotes":""},"class_list":["post-3523","page","type-page","status-publish","hentry"],"uagb_featured_image_src":{"full":false,"thumbnail":false,"medium":false,"medium_large":false,"large":false,"1536x1536":false,"2048x2048":false,"trp-custom-language-flag":false,"woocommerce_thumbnail":false,"woocommerce_single":false,"woocommerce_gallery_thumbnail":false},"uagb_author_info":{"display_name":"Benjamin","author_link":"https:\/\/pionlux.eu\/hu\/author\/manager-hepihomegmail-com\/"},"uagb_comment_info":0,"uagb_excerpt":"Mi\u00e9rt v\u00e1lassza a Pionlux Technologies-t? El\u0151ny\u00f6k: \u00c9rt\u00e9kes\u00edt\u00e9s el\u0151tti szolg\u00e1ltat\u00e1sok: \u00c9rt\u00e9kes\u00edt\u00e9s ut\u00e1ni szolg\u00e1ltat\u00e1sok: Let&#8217;s Get in Touch","_links":{"self":[{"href":"https:\/\/pionlux.eu\/hu\/wp-json\/wp\/v2\/pages\/3523","targetHints":{"allow":["GET"]}}],"collection":[{"href":"https:\/\/pionlux.eu\/hu\/wp-json\/wp\/v2\/pages"}],"about":[{"href":"https:\/\/pionlux.eu\/hu\/wp-json\/wp\/v2\/types\/page"}],"author":[{"embeddable":true,"href":"https:\/\/pionlux.eu\/hu\/wp-json\/wp\/v2\/users\/1"}],"replies":[{"embeddable":true,"href":"https:\/\/pionlux.eu\/hu\/wp-json\/wp\/v2\/comments?post=3523"}],"version-history":[{"count":1,"href":"https:\/\/pionlux.eu\/hu\/wp-json\/wp\/v2\/pages\/3523\/revisions"}],"predecessor-version":[{"id":3524,"href":"https:\/\/pionlux.eu\/hu\/wp-json\/wp\/v2\/pages\/3523\/revisions\/3524"}],"up":[{"embeddable":true,"href":"https:\/\/pionlux.eu\/hu\/wp-json\/wp\/v2\/pages\/3506"}],"wp:attachment":[{"href":"https:\/\/pionlux.eu\/hu\/wp-json\/wp\/v2\/media?parent=3523"}],"curies":[{"name":"munkaf\u00fczet","href":"https:\/\/api.w.org\/{rel}","templated":true}]}}