{"id":3751,"date":"2025-09-10T11:45:54","date_gmt":"2025-09-10T11:45:54","guid":{"rendered":"https:\/\/pionlux.eu\/?page_id=3751"},"modified":"2025-09-10T11:46:22","modified_gmt":"2025-09-10T11:46:22","slug":"adatkezelesi-tajekoztato","status":"publish","type":"page","link":"https:\/\/pionlux.eu\/hu\/adatkezelesi-tajekoztato\/","title":{"rendered":"Adatkezel\u00e9si t\u00e1j\u00e9koztat\u00f3"},"content":{"rendered":"<h2 class=\"wp-block-heading\">1. Kik vagyunk<\/h2>\n\n\n\n<p>A Pionlux Technologies Kft. (\u201emi\u201d, \u201eminket\u201d vagy \u201emi\u00e9nk\u201d) elk\u00f6telezett az \u00d6n adatainak v\u00e9delme mellett, \u00e9s biztos\u00edtja, hogy szem\u00e9lyes adatai biztons\u00e1gosan \u00e9s \u00e1tl\u00e1that\u00f3an ker\u00fcljenek kezel\u00e9sre. Jelen Adatv\u00e9delmi Szab\u00e1lyzat ismerteti, hogyan gy\u0171jtj\u00fck, haszn\u00e1ljuk \u00e9s v\u00e9dj\u00fck az \u00d6n szem\u00e9lyes adatait, amikor megl\u00e1togatja weboldalunkat vagy ig\u00e9nybe veszi szolg\u00e1ltat\u00e1sainkat.<br><br>Weboldalunk vagy szolg\u00e1ltat\u00e1saink haszn\u00e1lat\u00e1val \u00d6n elfogadja jelen Adatv\u00e9delmi Szab\u00e1lyzat felt\u00e9teleit.<\/p>\n\n\n\n<h2 class=\"wp-block-heading\">2. Gy\u0171jt\u00f6tt adatok<\/h2>\n\n\n\n<h2 class=\"wp-block-heading\" style=\"font-size:33px\"><strong>2.1. \u00d6n \u00e1ltal megadott inform\u00e1ci\u00f3k<\/strong><\/h2>\n\n\n\n<ul class=\"wp-block-list\">\n<li><strong>Kapcsolati adatok<\/strong>: n\u00e9v, e-mail c\u00edm, telefonsz\u00e1m, sz\u00e1ml\u00e1z\u00e1si c\u00edm \u00e9s sz\u00e1ll\u00edt\u00e1si c\u00edm.<\/li>\n\n\n\n<li><strong>Fi\u00f3kadatok<\/strong>: felhaszn\u00e1l\u00f3n\u00e9v \u00e9s jelsz\u00f3, regisztr\u00e1ljon weboldalunkon.<\/li>\n\n\n\n<li><strong>Fizet\u00e9si inform\u00e1ci\u00f3k<\/strong>: fizet\u00e9si adatok, bele\u00e9rtve a bankk\u00e1rtya- vagy hitelk\u00e1rtya-inform\u00e1ci\u00f3kat (biztons\u00e1gosan, harmadik f\u00e9l fizet\u00e9si szolg\u00e1ltat\u00f3n kereszt\u00fcl feldolgozva).<\/li>\n\n\n\n<li><strong>\u00dcgyf\u00e9lszolg\u00e1lat<\/strong>: b\u00e1rmilyen inform\u00e1ci\u00f3, amelyet megad, amikor kapcsolatba l\u00e9p vel\u00fcnk seg\u00edts\u00e9g\u00e9rt.<\/li>\n<\/ul>\n\n\n\n<h4 class=\"wp-block-heading\"><strong>2.2. Automatikusan gy\u0171jt\u00f6tt adatok<\/strong><\/h4>\n\n\n\n<ul class=\"wp-block-list\">\n<li><strong>S\u00fctik<\/strong>: inform\u00e1ci\u00f3k az \u00d6n b\u00f6ng\u00e9sz\u00e9si szok\u00e1sair\u00f3l a weboldalunkon.<\/li>\n\n\n\n<li><strong>IP-c\u00edm \u00e9s eszk\u00f6zinform\u00e1ci\u00f3k<\/strong>: biztons\u00e1gi \u00e9s teljes\u00edtm\u00e9nyoptimaliz\u00e1l\u00e1si c\u00e9lb\u00f3l gy\u0171jtve.<\/li>\n\n\n\n<li><strong>Rendel\u00e9si el\u0151zm\u00e9nyek<\/strong>: megv\u00e1s\u00e1rolt term\u00e9kek r\u00e9szletei \u00e9s az \u00d6n interakci\u00f3i weboldalunkkal.<\/li>\n<\/ul>\n\n\n\n<h4 class=\"wp-block-heading\"><strong>2.3. Harmadik f\u00e9lt\u0151l sz\u00e1rmaz\u00f3 adatok<\/strong><\/h4>\n\n\n\n<p>Adatokat kaphatunk harmadik f\u00e9l szolg\u00e1ltat\u00f3t\u00f3l, p\u00e9ld\u00e1ul fizet\u00e9si feldolgoz\u00f3kt\u00f3l vagy logisztikai c\u00e9gekt\u0151l a rendel\u00e9s teljes\u00edt\u00e9se \u00e9rdek\u00e9ben.<\/p>\n\n\n\n<p>Egy anonim, az \u00d6n e-mail c\u00edm\u00e9b\u0151l l\u00e9trehozott karakterl\u00e1nc (\u00fan. hash) tov\u00e1bb\u00edt\u00e1sra ker\u00fclhet a Gravatar szolg\u00e1ltat\u00e1s fel\u00e9 annak ellen\u0151rz\u00e9s\u00e9re, hogy haszn\u00e1lja-e azt. A Gravatar szolg\u00e1ltat\u00e1s adatv\u00e9delmi szab\u00e1lyzata itt \u00e9rhet\u0151 el: https:\/\/automattic.com\/privacy\/. Hozz\u00e1sz\u00f3l\u00e1s\u00e1nak j\u00f3v\u00e1hagy\u00e1sa ut\u00e1n a profilk\u00e9pe l\u00e1that\u00f3v\u00e1 v\u00e1lik a nyilv\u00e1noss\u00e1g sz\u00e1m\u00e1ra a hozz\u00e1sz\u00f3l\u00e1s kontextus\u00e1ban.<\/p>\n\n\n\n<h2 class=\"wp-block-heading\">3. Hogyan haszn\u00e1ljuk fel az \u00d6n adatait<\/h2>\n\n\n\n<p>Szem\u00e9lyes adatait az al\u00e1bbi c\u00e9lokra haszn\u00e1ljuk fel:<\/p>\n\n\n\n<p>Jogi k\u00f6telezetts\u00e9gek teljes\u00edt\u00e9se \u00e9s a csal\u00e1sok elleni v\u00e9delem \u00e9rdek\u00e9ben.<\/p>\n\n\n\n<p>Rendel\u00e9seinek feldolgoz\u00e1s\u00e1ra \u00e9s teljes\u00edt\u00e9s\u00e9re, bele\u00e9rtve a fizet\u00e9st \u00e9s a sz\u00e1ll\u00edt\u00e1st.<\/p>\n\n\n\n<p>Fi\u00f3kja kezel\u00e9s \u00e9s \u00fcgyf\u00e9lszolg\u00e1lati t\u00e1mogat\u00e1s ny\u00fajt\u00e1s\u00e1ra.<\/p>\n\n\n\n<p>Friss\u00edt\u00e9sek, prom\u00f3ci\u00f3k \u00e9s h\u00edrlevelek k\u00fcld\u00e9s\u00e9re (amennyiben \u00d6n feliratkozott).<\/p>\n\n\n\n<p>Weboldalunk \u00e9s a felhaszn\u00e1l\u00f3i \u00e9lm\u00e9ny jav\u00edt\u00e1s\u00e1ra elemz\u00e9sek seg\u00edts\u00e9g\u00e9vel.<\/p>\n\n\n\n<h2 class=\"wp-block-heading\">4. Az adatok megoszt\u00e1sa<\/h2>\n\n\n\n<p>Adatait meg tudjuk mondani:<\/p>\n\n\n\n<ul class=\"wp-block-list\">\n<li><strong>Szolg\u00e1ltat\u00f3kkal<\/strong>: p\u00e9ld\u00e1ul fizet\u00e9si feldolgoz\u00e1ssal, logisztikai c\u00e9gekkel \u00e9s marketing partnerekkel.<\/li>\n\n\n\n<li><strong>Hat\u00f3s\u00e1gokkal<\/strong>: amikor azt jogszab\u00e1ly \u00edrja el\u0151, vagy jogi \u00e9rdekeink v\u00e9delm\u00e9ben.<\/li>\n\n\n\n<li><strong>Harmadik f\u00e9l b\u0151v\u00edtm\u00e9nyekkel \u00e9s eszk\u00f6z\u00f6kkel<\/strong>: a weboldal m\u0171k\u00f6d\u00e9s\u00e9hez, p\u00e9ld\u00e1ul WooCommerce vagy sz\u00e1ml\u00e1z\u00e1si rendszerek (pl. Naturasoft vagy Sz\u00e1ml\u00e1zz.hu).<br><strong>Szem\u00e9lyes adatait nem adjuk el harmadik feleknek.<\/strong><\/li>\n<\/ul>\n\n\n\n<h2 class=\"wp-block-heading\">5. S\u00fctik \u00e9s nyomk\u00f6vet\u0151 technol\u00f3gi\u00e1k<\/h2>\n\n\n\n<p>Weboldalunk s\u00fctiket \u00e9s hasonl\u00f3 technol\u00f3gi\u00e1kat haszn\u00e1l az al\u00e1bbi c\u00e9lokra:<\/p>\n\n\n\n<p>Tartalom \u00e9s hirdet\u00e9sek szem\u00e9lyre szab\u00e1sa.<\/p>\n\n\n\n<p>A b\u00f6ng\u00e9sz\u00e9si \u00e9lm\u00e9ny jav\u00edt\u00e1sa.<\/p>\n\n\n\n<p>Forgalom \u00e9s weboldalteljes\u00edtm\u00e9ny elemz\u00e9se.<\/p>\n\n\n\n<h2 class=\"wp-block-heading\">6. Az \u00d6n jogai<\/h2>\n\n\n\n<p>A GDPR szerint a k\u00f6vetkez\u0151 jogai vannak:<\/p>\n\n\n\n<ul class=\"wp-block-list\">\n<li><strong>Hozz\u00e1f\u00e9r\u00e9s<\/strong>: k\u00e9rheti a szem\u00e9lyes adataihoz val\u00f3 hozz\u00e1f\u00e9r\u00e9st.<\/li>\n\n\n\n<li><strong>Helyesb\u00edt\u00e9s<\/strong>: k\u00e9rheti a pontatlan vagy hi\u00e1nyos adatok helyesb\u00edt\u00e9s\u00e9t.<\/li>\n\n\n\n<li><strong>T\u00f6rl\u00e9s<\/strong>: k\u00e9rheti szem\u00e9lyes adatai t\u00f6rl\u00e9s\u00e9t, jogi k\u00f6telezetts\u00e9gek figyelembev\u00e9tel\u00e9vel.<\/li>\n\n\n\n<li><strong>Tiltakoz\u00e1s<\/strong>: tiltakozhat adatai kezel\u00e9se ellen k\u00f6zvetlen marketing vagy m\u00e1s c\u00e9lb\u00f3l.<\/li>\n\n\n\n<li><strong>Adathordoz\u00f3s\u00e1g<\/strong>: k\u00e9rheti adatai struktur\u00e1lt, g\u00e9ppel olvashat\u00f3 form\u00e1tumban val\u00f3 \u00e1tad\u00e1s\u00e1t.<\/li>\n<\/ul>\n\n\n\n<p>Jogai gyakorl\u00e1s\u00e1hoz k\u00e9rj\u00fck, vegye fel vel\u00fcnk a kapcsolatot!<\/p>\n\n\n\n<h2 class=\"wp-block-heading\">7. Adatbiztons\u00e1g<\/h2>\n\n\n\n<p>Er\u0151s biztons\u00e1gi megfelel\u0151 alkalmazunk annak \u00e9rdek\u00e9ben, hogy adatait megv\u00e9dj\u00fck az illet\u00e9ktelen hozz\u00e1f\u00e9r\u00e9st\u0151l, elveszt\u00e9st\u0151l vagy vissza\u00e9l\u00e9st\u0151l. Ezek k\u00f6z\u00e9 tartozik a titkos\u00edt\u00e1s, a biztons\u00e1gos t\u00e1rhely \u00e9s a rendszeres rendszerfel\u00fcgyelet.<\/p>\n\n\n\n<h2 class=\"wp-block-heading\">8. Adatmeg\u0151rz\u00e9s<\/h2>\n\n\n\n<p>Szem\u00e9lyes adatait csak addig \u0151rizz\u00fck meg, ameddig sz\u00fcks\u00e9ges a jelen Adatv\u00e9delmi Szab\u00e1lyzatban meghat\u00e1rozott c\u00e9lokra, vagy ameddig jogszab\u00e1ly el\u0151\u00edrja.<\/p>\n\n\n\n<h2 class=\"wp-block-heading\">9. Harmadik f\u00e9lre mutat\u00f3 linkek<\/h2>\n\n\n\n<p>Weboldalunk k\u00fcls\u0151 weboldalakra mutat\u00f3 linkeket is tartalmazhat. Nem v\u00e1llalunk felel\u0151ss\u00e9get e harmadik felek adatv\u00e9delmi gyakorlat\u00e1\u00e9rt vagy tartalm\u00e1\u00e9rt. K\u00e9rem, hogy szem\u00e9lyes adatok megad\u00e1sa el\u0151tt mindig tekintse \u00e1t az adott weboldal adatv\u00e9delmi szab\u00e1lyzat\u00e1t.<\/p>\n\n\n\n<h2 class=\"wp-block-heading\">10. Az Adatv\u00e9delmi Szab\u00e1lyzat m\u00f3dos\u00edt\u00e1sa<\/h2>\n\n\n\n<p>Id\u0151r\u0151l id\u0151re friss\u00edthetj\u00fck jelen Adatv\u00e9delmi Szab\u00e1lyzatot, hogy t\u00fckr\u00f6zze gyakorlataink vagy jogszab\u00e1lyi k\u00f6telezetts\u00e9geink v\u00e1ltoz\u00e1s\u00e1t. Az aktu\u00e1lis verzi\u00f3 mindig el\u00e9rhet\u0151 lesz weboldalunkon.<\/p>","protected":false},"excerpt":{"rendered":"<p>1. Kik vagyunk A Pionlux Technologies Kft. (\u201emi\u201d, \u201eminket\u201d vagy \u201emi\u00e9nk\u201d) elk\u00f6telezett az \u00d6n adatainak v\u00e9delme mellett, \u00e9s biztos\u00edtja, hogy szem\u00e9lyes adatai biztons\u00e1gosan \u00e9s \u00e1tl\u00e1that\u00f3an ker\u00fcljenek kezel\u00e9sre. Jelen Adatv\u00e9delmi Szab\u00e1lyzat ismerteti, hogyan gy\u0171jtj\u00fck, haszn\u00e1ljuk \u00e9s v\u00e9dj\u00fck az \u00d6n szem\u00e9lyes adatait, amikor megl\u00e1togatja weboldalunkat vagy ig\u00e9nybe veszi szolg\u00e1ltat\u00e1sainkat. Weboldalunk vagy szolg\u00e1ltat\u00e1saink haszn\u00e1lat\u00e1val \u00d6n elfogadja jelen Adatv\u00e9delmi [&hellip;]<\/p>\n","protected":false},"author":1,"featured_media":0,"parent":0,"menu_order":0,"comment_status":"closed","ping_status":"closed","template":"","meta":{"_uag_custom_page_level_css":"","site-sidebar-layout":"default","site-content-layout":"","ast-site-content-layout":"default","site-content-style":"default","site-sidebar-style":"default","ast-global-header-display":"","ast-banner-title-visibility":"","ast-main-header-display":"","ast-hfb-above-header-display":"","ast-hfb-below-header-display":"","ast-hfb-mobile-header-display":"","site-post-title":"","ast-breadcrumbs-content":"","ast-featured-img":"","footer-sml-layout":"","theme-transparent-header-meta":"disabled","adv-header-id-meta":"","stick-header-meta":"","header-above-stick-meta":"","header-main-stick-meta":"","header-below-stick-meta":"","astra-migrate-meta-layouts":"set","ast-page-background-enabled":"default","ast-page-background-meta":{"desktop":{"background-color":"","background-image":"","background-repeat":"repeat","background-position":"center center","background-size":"auto","background-attachment":"scroll","background-type":"","background-media":"","overlay-type":"","overlay-color":"","overlay-opacity":"","overlay-gradient":""},"tablet":{"background-color":"","background-image":"","background-repeat":"repeat","background-position":"center center","background-size":"auto","background-attachment":"scroll","background-type":"","background-media":"","overlay-type":"","overlay-color":"","overlay-opacity":"","overlay-gradient":""},"mobile":{"background-color":"","background-image":"","background-repeat":"repeat","background-position":"center center","background-size":"auto","background-attachment":"scroll","background-type":"","background-media":"","overlay-type":"","overlay-color":"","overlay-opacity":"","overlay-gradient":""}},"ast-content-background-meta":{"desktop":{"background-color":"var(--ast-global-color-5)","background-image":"","background-repeat":"repeat","background-position":"center center","background-size":"auto","background-attachment":"scroll","background-type":"","background-media":"","overlay-type":"","overlay-color":"","overlay-opacity":"","overlay-gradient":""},"tablet":{"background-color":"var(--ast-global-color-5)","background-image":"","background-repeat":"repeat","background-position":"center center","background-size":"auto","background-attachment":"scroll","background-type":"","background-media":"","overlay-type":"","overlay-color":"","overlay-opacity":"","overlay-gradient":""},"mobile":{"background-color":"var(--ast-global-color-5)","background-image":"","background-repeat":"repeat","background-position":"center center","background-size":"auto","background-attachment":"scroll","background-type":"","background-media":"","overlay-type":"","overlay-color":"","overlay-opacity":"","overlay-gradient":""}},"footnotes":""},"class_list":["post-3751","page","type-page","status-publish","hentry"],"uagb_featured_image_src":{"full":false,"thumbnail":false,"medium":false,"medium_large":false,"large":false,"1536x1536":false,"2048x2048":false,"trp-custom-language-flag":false,"woocommerce_thumbnail":false,"woocommerce_single":false,"woocommerce_gallery_thumbnail":false},"uagb_author_info":{"display_name":"Benjamin","author_link":"https:\/\/pionlux.eu\/hu\/author\/manager-hepihomegmail-com\/"},"uagb_comment_info":0,"uagb_excerpt":"1. Kik vagyunk A Pionlux Technologies Kft. (\u201emi\u201d, \u201eminket\u201d vagy \u201emi\u00e9nk\u201d) elk\u00f6telezett az \u00d6n adatainak v\u00e9delme mellett, \u00e9s biztos\u00edtja, hogy szem\u00e9lyes adatai biztons\u00e1gosan \u00e9s \u00e1tl\u00e1that\u00f3an ker\u00fcljenek kezel\u00e9sre. Jelen Adatv\u00e9delmi Szab\u00e1lyzat ismerteti, hogyan gy\u0171jtj\u00fck, haszn\u00e1ljuk \u00e9s v\u00e9dj\u00fck az \u00d6n szem\u00e9lyes adatait, amikor megl\u00e1togatja weboldalunkat vagy ig\u00e9nybe veszi szolg\u00e1ltat\u00e1sainkat. Weboldalunk vagy szolg\u00e1ltat\u00e1saink haszn\u00e1lat\u00e1val \u00d6n elfogadja jelen Adatv\u00e9delmi&hellip;","_links":{"self":[{"href":"https:\/\/pionlux.eu\/hu\/wp-json\/wp\/v2\/pages\/3751","targetHints":{"allow":["GET"]}}],"collection":[{"href":"https:\/\/pionlux.eu\/hu\/wp-json\/wp\/v2\/pages"}],"about":[{"href":"https:\/\/pionlux.eu\/hu\/wp-json\/wp\/v2\/types\/page"}],"author":[{"embeddable":true,"href":"https:\/\/pionlux.eu\/hu\/wp-json\/wp\/v2\/users\/1"}],"replies":[{"embeddable":true,"href":"https:\/\/pionlux.eu\/hu\/wp-json\/wp\/v2\/comments?post=3751"}],"version-history":[{"count":2,"href":"https:\/\/pionlux.eu\/hu\/wp-json\/wp\/v2\/pages\/3751\/revisions"}],"predecessor-version":[{"id":3763,"href":"https:\/\/pionlux.eu\/hu\/wp-json\/wp\/v2\/pages\/3751\/revisions\/3763"}],"wp:attachment":[{"href":"https:\/\/pionlux.eu\/hu\/wp-json\/wp\/v2\/media?parent=3751"}],"curies":[{"name":"munkaf\u00fczet","href":"https:\/\/api.w.org\/{rel}","templated":true}]}}