{"id":106,"date":"2024-11-12T19:33:04","date_gmt":"2024-11-12T19:33:04","guid":{"rendered":"https:\/\/pionlux.eu\/product\/kryo-x26-mtb-model-x\/"},"modified":"2025-08-04T10:11:53","modified_gmt":"2025-08-04T10:11:53","slug":"lf-l-large-size-fiber-laser-cutting-machine","status":"publish","type":"product","link":"https:\/\/pionlux.eu\/hu\/termek\/lf-l-large-size-fiber-laser-cutting-machine\/","title":{"rendered":"LF-L nagym\u00e9ret\u0171 sz\u00e1las l\u00e9zerv\u00e1g\u00f3 g\u00e9p"},"content":{"rendered":"<h2>Term\u00e9kadatok:<\/h2>\n<p>&nbsp;<\/p>\n<table border=\"1\" cellspacing=\"1\" cellpadding=\"1\" align=\"center\">\n<tbody>\n<tr>\n<td>Modell:<\/td>\n<td>\n<div><strong>LF-12025L<\/strong><\/div>\n<\/td>\n<td>\n<div><strong>LF-14035L<\/strong><\/div>\n<\/td>\n<\/tr>\n<tr>\n<td>\n<div>Munkater\u00fclet:<\/div>\n<\/td>\n<td>\n<div>12000 * 2500 mm<\/div>\n<\/td>\n<td>\n<div>14000 * 3500 mm<\/div>\n<\/td>\n<\/tr>\n<tr>\n<td>\n<div>XYZ tengely l\u00f6kete:<\/div>\n<\/td>\n<td>\n<div>2550 * 12250 * 260 mm<\/div>\n<\/td>\n<td>\n<div>3550 * 14250 * 260 mm<\/div>\n<\/td>\n<\/tr>\n<tr>\n<td>\n<div>L\u00e9zer t\u00e1pegys\u00e9g:<\/div>\n<\/td>\n<td colspan=\"3\">\n<div>12000 W, 20000 W, 30000 W, 40000 W, 50000 W<\/div>\n<\/td>\n<\/tr>\n<tr>\n<td>\n<div>Maxim\u00e1lis gyorsul\u00e1s:<\/div>\n<\/td>\n<td colspan=\"3\">\n<div>1G<\/div>\n<\/td>\n<\/tr>\n<tr>\n<td>\n<div>Pozicion\u00e1l\u00e1si pontoss\u00e1g:<\/div>\n<\/td>\n<td colspan=\"3\">\n<div>\u00b10,03 mm<\/div>\n<\/td>\n<\/tr>\n<tr>\n<td>\n<div>Fesz\u00fclts\u00e9g:<\/div>\n<\/td>\n<td colspan=\"3\">\n<div>380V 3 f\u00e1zis\u00fa 50\/60Hz<\/div>\n<\/td>\n<\/tr>\n<tr>\n<td>\n<div>V\u00e1g\u00e1si k\u00e9pess\u00e9g:<\/div>\n<\/td>\n<td colspan=\"3\">\n<div>Sz\u00e9nac\u00e9l: 1-80 mm, Rozsdamentes ac\u00e9l: 1,70 mm, Alum\u00ednium: 1-60 mm, S\u00e1rgar\u00e9z: 1-20 mm<\/div>\n<\/td>\n<\/tr>\n<tr>\n<td>\n<div>Opcion\u00e1lis fejleszt\u00e9sek:<\/div>\n<\/td>\n<td colspan=\"3\">\n<div>L\u00e9gkondicion\u00e1l\u00f3, F\u00fcsttiszt\u00edt\u00f3, L\u00e9gkompresszor, Fesz\u00fclts\u00e9gszab\u00e1lyoz\u00f3, Biztons\u00e1gi f\u00e9nyf\u00fcgg\u00f6ny<\/div>\n<\/td>\n<\/tr>\n<\/tbody>\n<\/table>\n<p>Nagym\u00e9ret\u0171 sz\u00e1las l\u00e9zerv\u00e1g\u00f3 g\u00e9p\u00fcnket a f\u00e9mlemezek prec\u00edz \u00e9s hat\u00e9kony megmunk\u00e1l\u00e1s\u00e1ra tervezt\u00fck. Fejlett l\u00e9zertechnol\u00f3gi\u00e1t alkalmaz a k\u00fcl\u00f6nf\u00e9le f\u00e9mfel\u00fcletek tiszta \u00e9s pontos v\u00e1g\u00e1s\u00e1hoz.<\/p>\n<h2>A sz\u00e1las l\u00e9zertechnol\u00f3gia haszn\u00e1lat\u00e1nak el\u0151nyei<\/h2>\n<p>Ez a v\u00e1g\u00f3g\u00e9p p\u00e1ratlan sebess\u00e9get \u00e9s teljes\u00edtm\u00e9nyt k\u00edn\u00e1l, lehet\u0151v\u00e9 t\u00e9ve a gyors gy\u00e1rt\u00e1st, mik\u00f6zben magas min\u0151s\u00e9gi szabv\u00e1nyokat tart fenn. A bonyolult tervek kezel\u00e9s\u00e9nek k\u00e9pess\u00e9ge ide\u00e1lis v\u00e1laszt\u00e1ss\u00e1 teszi az innov\u00e1ci\u00f3ra \u00e9s a kiv\u00e1l\u00f3s\u00e1gra \u00f6sszpontos\u00edt\u00f3 gy\u00e1rt\u00f3k sz\u00e1m\u00e1ra.<\/p>\n<ul>\n<li>A f\u00f6lds\u00ednes nagym\u00e9ret\u0171 sz\u00e1las l\u00e9zerv\u00e1g\u00f3 g\u00e9p sokoldal\u00faan haszn\u00e1lhat\u00f3<br \/>\nmegold\u00e1sok az \u00e9p\u00edt\u0151ipar, az aut\u00f3ipar \u00e9s a sz\u00e1ll\u00edtm\u00e1nyoz\u00e1s ter\u00fclet\u00e9n m\u0171k\u00f6d\u0151 \u00fcgyfelek sz\u00e1m\u00e1ra<br \/>\nipar\u00e1gak.<\/li>\n<li>A buszjel\u00e1tviteli m\u00f3dszert alkalmazva ez a g\u00e9p gyorsabb jelet biztos\u00edt<br \/>\nv\u00e1laszid\u0151, nagyobb pontoss\u00e1g \u00e9s megn\u00f6vekedett m\u0171k\u00f6d\u00e9si \u00e9rz\u00e9kenys\u00e9g. A nyomon k\u00f6vet\u00e9s<br \/>\nA tart\u00f3rendszer maxim\u00e1lis v\u00e9delmet ny\u00fajt a cs\u0151nek, minimaliz\u00e1lva a s\u00e9r\u00fcl\u00e9s kock\u00e1zat\u00e1t<br \/>\nk\u00e1r.<\/li>\n<li>Nagy teljes\u00edtm\u00e9ny\u0171 sz\u00e1loptik\u00e1s l\u00e9zerrel felszerelve, p\u00e1ros\u00edthat\u00f3 leveg\u0151s l\u00e9zerrel<br \/>\nkompresszor s\u0171r\u00edtett leveg\u0151t haszn\u00e1l a hat\u00e9kony t\u00f6megv\u00e1g\u00e1shoz, cs\u00f6kkentve<br \/>\nk\u00f6lts\u00e9gcs\u00f6kkent\u00e9s \u00e9s hat\u00e9konys\u00e1gn\u00f6vel\u00e9s.<\/li>\n<\/ul>\n<h2>Mi\u00e9rt v\u00e1lassza a mi g\u00e9p\u00fcnket?<\/h2>\n<p>Nagym\u00e9ret\u0171 sz\u00e1las l\u00e9zerv\u00e1g\u00f3 g\u00e9p\u00fcnkbe val\u00f3 befektet\u00e9s azt jelenti, hogy a megb\u00edzhat\u00f3s\u00e1got \u00e9s a legmodernebb technol\u00f3gi\u00e1t integr\u00e1lja m\u0171k\u00f6d\u00e9s\u00e9be. Tart\u00f3ss\u00e1gra \u00e9s k\u00f6nny\u0171 haszn\u00e1latra tervezve, t\u00f6k\u00e9letes mind a nagym\u00e9ret\u0171 gy\u00e1rt\u00e1shoz, mind a kis t\u00e9tel\u0171 munk\u00e1khoz, v\u00e9gs\u0151 soron n\u00f6velve az \u00e1ltal\u00e1nos termel\u00e9kenys\u00e9get.<\/p>","protected":false},"excerpt":{"rendered":"<p>Product Details: &nbsp; Model: LF-12025L LF-14035L Working Area: 12000*2500mm 14000*3500mm X Y Z Axis Stroke: 2550*12250*260mm 3550*14250*260mm Laser Power Supply: 12000w, 20000w, 30000w, 40000w, 50000w Maximum Acceleration: 1G Positioning Accuracy: \u00b10.03mm Voltage: 380V 3PH 50\/60HZ Cutting Ability: Carbon Steel: 1-80mm, Stainless Steel: 1.70mm, Aluminum:1-60mm, Brass:1-20mm Optional Upgrades: Air Conditioner, Smoke Purifier, Air Compressor, Voltage Regulator, [&hellip;]<\/p>\n","protected":false},"featured_media":2438,"comment_status":"open","ping_status":"closed","template":"","meta":{"_uag_custom_page_level_css":"","site-sidebar-layout":"default","site-content-layout":"default","ast-site-content-layout":"default","site-content-style":"default","site-sidebar-style":"default","ast-global-header-display":"","ast-banner-title-visibility":"","ast-main-header-display":"","ast-hfb-above-header-display":"","ast-hfb-below-header-display":"","ast-hfb-mobile-header-display":"","site-post-title":"disabled","ast-breadcrumbs-content":"disabled","ast-featured-img":"","footer-sml-layout":"","theme-transparent-header-meta":"default","adv-header-id-meta":"","stick-header-meta":"","header-above-stick-meta":"","header-main-stick-meta":"","header-below-stick-meta":"","astra-migrate-meta-layouts":"set","ast-page-background-enabled":"default","ast-page-background-meta":{"desktop":{"background-color":"","background-image":"","background-repeat":"repeat","background-position":"center center","background-size":"auto","background-attachment":"scroll","background-type":"","background-media":"","overlay-type":"","overlay-color":"","overlay-opacity":"","overlay-gradient":""},"tablet":{"background-color":"","background-image":"","background-repeat":"repeat","background-position":"center center","background-size":"auto","background-attachment":"scroll","background-type":"","background-media":"","overlay-type":"","overlay-color":"","overlay-opacity":"","overlay-gradient":""},"mobile":{"background-color":"","background-image":"","background-repeat":"repeat","background-position":"center center","background-size":"auto","background-attachment":"scroll","background-type":"","background-media":"","overlay-type":"","overlay-color":"","overlay-opacity":"","overlay-gradient":""}},"ast-content-background-meta":{"desktop":{"background-color":"var(--ast-global-color-5)","background-image":"","background-repeat":"repeat","background-position":"center center","background-size":"auto","background-attachment":"scroll","background-type":"","background-media":"","overlay-type":"","overlay-color":"","overlay-opacity":"","overlay-gradient":""},"tablet":{"background-color":"var(--ast-global-color-5)","background-image":"","background-repeat":"repeat","background-position":"center center","background-size":"auto","background-attachment":"scroll","background-type":"","background-media":"","overlay-type":"","overlay-color":"","overlay-opacity":"","overlay-gradient":""},"mobile":{"background-color":"var(--ast-global-color-5)","background-image":"","background-repeat":"repeat","background-position":"center center","background-size":"auto","background-attachment":"scroll","background-type":"","background-media":"","overlay-type":"","overlay-color":"","overlay-opacity":"","overlay-gradient":""}}},"product_brand":[],"product_cat":[17,121,122],"product_tag":[],"class_list":{"0":"post-106","1":"product","2":"type-product","3":"status-publish","4":"has-post-thumbnail","6":"product_cat-laser-cutting-machine","7":"product_cat-lezergepek","8":"product_cat-lezervago-gepek","9":"product_shipping_class-heavy-packages","10":"desktop-align-center","11":"tablet-align-left","12":"mobile-align-left","14":"first","15":"instock","16":"taxable","17":"shipping-taxable","18":"purchasable","19":"product-type-variable"},"uagb_featured_image_src":{"full":["https:\/\/pionlux.eu\/wp-content\/uploads\/2024\/11\/image.png",1401,1072,false],"thumbnail":["https:\/\/pionlux.eu\/wp-content\/uploads\/2024\/11\/image-150x150.png",150,150,true],"medium":["https:\/\/pionlux.eu\/wp-content\/uploads\/2024\/11\/image-300x230.png",300,230,true],"medium_large":["https:\/\/pionlux.eu\/wp-content\/uploads\/2024\/11\/image-768x588.png",768,588,true],"large":["https:\/\/pionlux.eu\/wp-content\/uploads\/2024\/11\/image-1024x784.png",1024,784,true],"1536x1536":["https:\/\/pionlux.eu\/wp-content\/uploads\/2024\/11\/image.png",1401,1072,false],"2048x2048":["https:\/\/pionlux.eu\/wp-content\/uploads\/2024\/11\/image.png",1401,1072,false],"trp-custom-language-flag":["https:\/\/pionlux.eu\/wp-content\/uploads\/2024\/11\/image.png",16,12,false],"woocommerce_thumbnail":["https:\/\/pionlux.eu\/wp-content\/uploads\/2024\/11\/image-300x300.png",300,300,true],"woocommerce_single":["https:\/\/pionlux.eu\/wp-content\/uploads\/2024\/11\/image-600x459.png",600,459,true],"woocommerce_gallery_thumbnail":["https:\/\/pionlux.eu\/wp-content\/uploads\/2024\/11\/image-100x100.png",100,100,true]},"uagb_author_info":{"display_name":"Benjamin","author_link":"https:\/\/pionlux.eu\/hu\/author\/"},"uagb_comment_info":0,"uagb_excerpt":"Product Details: &nbsp; Model: LF-12025L LF-14035L Working Area: 12000*2500mm 14000*3500mm X Y Z Axis Stroke: 2550*12250*260mm 3550*14250*260mm Laser Power Supply: 12000w, 20000w, 30000w, 40000w, 50000w Maximum Acceleration: 1G Positioning Accuracy: \u00b10.03mm Voltage: 380V 3PH 50\/60HZ Cutting Ability: Carbon Steel: 1-80mm, Stainless Steel: 1.70mm, Aluminum:1-60mm, Brass:1-20mm Optional Upgrades: Air Conditioner, Smoke Purifier, Air Compressor, Voltage Regulator,&hellip;","_links":{"self":[{"href":"https:\/\/pionlux.eu\/hu\/wp-json\/wp\/v2\/product\/106","targetHints":{"allow":["GET"]}}],"collection":[{"href":"https:\/\/pionlux.eu\/hu\/wp-json\/wp\/v2\/product"}],"about":[{"href":"https:\/\/pionlux.eu\/hu\/wp-json\/wp\/v2\/types\/product"}],"replies":[{"embeddable":true,"href":"https:\/\/pionlux.eu\/hu\/wp-json\/wp\/v2\/comments?post=106"}],"wp:featuredmedia":[{"embeddable":true,"href":"https:\/\/pionlux.eu\/hu\/wp-json\/wp\/v2\/media\/2438"}],"wp:attachment":[{"href":"https:\/\/pionlux.eu\/hu\/wp-json\/wp\/v2\/media?parent=106"}],"wp:term":[{"taxonomy":"product_brand","embeddable":true,"href":"https:\/\/pionlux.eu\/hu\/wp-json\/wp\/v2\/product_brand?post=106"},{"taxonomy":"product_cat","embeddable":true,"href":"https:\/\/pionlux.eu\/hu\/wp-json\/wp\/v2\/product_cat?post=106"},{"taxonomy":"product_tag","embeddable":true,"href":"https:\/\/pionlux.eu\/hu\/wp-json\/wp\/v2\/product_tag?post=106"}],"curies":[{"name":"munkaf\u00fczet","href":"https:\/\/api.w.org\/{rel}","templated":true}]}}