{"id":1093,"date":"2024-11-12T19:33:05","date_gmt":"2024-11-12T19:33:05","guid":{"rendered":"https:\/\/pionlux.eu\/product\/bicycle-gloves-pink\/"},"modified":"2025-08-04T10:11:03","modified_gmt":"2025-08-04T10:11:03","slug":"lf-ea-economical-fiber-laser-cutting-machine","status":"publish","type":"product","link":"https:\/\/pionlux.eu\/hu\/termek\/lf-ea-economical-fiber-laser-cutting-machine\/","title":{"rendered":"LF-EA gazdas\u00e1gos sz\u00e1las l\u00e9zerv\u00e1g\u00f3 g\u00e9p"},"content":{"rendered":"<h2>Term\u00e9kadatok:<\/h2>\n<table class=\"custom-table\">\n<thead>\n<tr>\n<th>\n<h6>M\u00f3d<\/h6>\n<\/th>\n<th>\n<h6>LF-3015EA<\/h6>\n<\/th>\n<\/tr>\n<\/thead>\n<tbody>\n<tr>\n<td>Munkater\u00fclet<\/td>\n<td>3000*1500mm \/ 4000*2000mm \/ 6000*1500 \/ 6000*2500mm<\/td>\n<\/tr>\n<tr>\n<td>XYZ tengely<\/td>\n<td>1520 * 3100 * 100 mm<br \/>\n1520 * 6050 * 100 mm<br \/>\n2040 * 4050 * 100 mm<br \/>\n2510 * 6100 * 260 mm<\/td>\n<\/tr>\n<tr>\n<td>L\u00e9zer t\u00e1pegys\u00e9g<\/td>\n<td>1500 W, 2000 W<\/td>\n<\/tr>\n<tr>\n<td>Maxim\u00e1lis gyorsul\u00e1s<\/td>\n<td>0,8G<\/td>\n<\/tr>\n<tr>\n<td>Pozicion\u00e1l\u00e1si pontoss\u00e1g<\/td>\n<td>\u00b10,03 mm<\/td>\n<\/tr>\n<tr>\n<td>Fesz\u00fclts\u00e9g<\/td>\n<td>380V 3 f\u00e1zis\u00fa 50\/60Hz<\/td>\n<\/tr>\n<tr>\n<td>V\u00e1g\u00e1si k\u00e9pess\u00e9g<\/td>\n<td>Sz\u00e9nac\u00e9l: 0,8-16 mm, Rozsdamentes ac\u00e9l: 0,8-6 mm<\/td>\n<\/tr>\n<tr>\n<td>Opcion\u00e1lis tartoz\u00e9kok<\/td>\n<td>F\u00fcggetlen vez\u00e9rl\u0151szekr\u00e9ny, kl\u00edmaberendez\u00e9s, f\u00fcsttiszt\u00edt\u00f3, l\u00e9gkompresszor, fesz\u00fclts\u00e9gszab\u00e1lyoz\u00f3<\/td>\n<\/tr>\n<\/tbody>\n<\/table>\n<h2><\/h2>\n<h2>Mi az a sz\u00e1las l\u00e9zerv\u00e1g\u00f3 g\u00e9p?<\/h2>\n<p>A sz\u00e1las l\u00e9zerv\u00e1g\u00f3 g\u00e9p egy fejlett eszk\u00f6z, amelyet a f\u00e9mlemezek prec\u00edz v\u00e1g\u00e1s\u00e1ra terveztek sz\u00e1las l\u00e9zertechnol\u00f3gia alkalmaz\u00e1s\u00e1val. A hagyom\u00e1nyos v\u00e1g\u00e1si m\u00f3dszerekkel ellent\u00e9tben ez a g\u00e9p koncentr\u00e1lt f\u00e9nysugarat haszn\u00e1l az optim\u00e1lis pontoss\u00e1g \u00e9s hat\u00e9konys\u00e1g el\u00e9r\u00e9se \u00e9rdek\u00e9ben. A sz\u00e1las l\u00e9zerv\u00e1g\u00e1s alapelve egy nagy intenzit\u00e1s\u00fa sug\u00e1r l\u00e9trehoz\u00e1sa egy sz\u00e1loptikai k\u00e1bel seg\u00edts\u00e9g\u00e9vel, amely az elektromos energi\u00e1t f\u00e9nny\u00e9 alak\u00edtja. Ezt a f\u00e9nyt ezut\u00e1n egy kis, intenz\u00edv pontba f\u00f3kusz\u00e1lj\u00e1k, amely k\u00e9pes k\u00fcl\u00f6nf\u00e9le f\u00e9manyagok megolvaszt\u00e1s\u00e1ra, el\u00e9get\u00e9s\u00e9re vagy elp\u00e1rologtat\u00e1s\u00e1ra.<\/p>\n<p>A sz\u00e1lal\u00f3zeres v\u00e1g\u00f3g\u00e9p f\u0151 alkot\u00f3elemei a l\u00e9zerforr\u00e1s, az optika \u00e9s a v\u00e1g\u00f3fej. A l\u00e9zerforr\u00e1s a g\u00e9p sz\u00edve, amely a v\u00e1g\u00e1shoz sz\u00fcks\u00e9ges sz\u00e1lal\u00f3zert \u00e1ll\u00edtja el\u0151. Az optika felel\u0151s a l\u00e9zersug\u00e1r munkadarabra ir\u00e1ny\u00edt\u00e1s\u00e1\u00e9rt \u00e9s f\u00f3kusz\u00e1l\u00e1s\u00e1\u00e9rt, m\u00edg a v\u00e1g\u00f3fej k\u00fcl\u00f6nf\u00e9le f\u00fav\u00f3k\u00e1kat tartalmaz, amelyek seg\u00edtik a v\u00e1g\u00e1si folyamatot. Ezek az alkatr\u00e9szek egy\u00fcttesen m\u0171k\u00f6dnek, hogy prec\u00edz \u00e9s bonyolult v\u00e1g\u00e1sokat biztos\u00edtsanak sz\u00e1mos anyagon, bele\u00e9rtve a rozsdamentes ac\u00e9lt, az alum\u00edniumot, a s\u00e1rgarezet \u00e9s a sz\u00e9nac\u00e9lt.<\/p>\n<p>A sz\u00e1las l\u00e9zerek egyik figyelemre m\u00e9lt\u00f3 el\u0151nye a hagyom\u00e1nyos CO2 l\u00e9zerekkel szemben a f\u00e9nyvisszaver\u0151 f\u00e9mek, p\u00e9ld\u00e1ul a r\u00e9z \u00e9s a s\u00e1rgar\u00e9z v\u00e1g\u00e1s\u00e1nak hat\u00e9konys\u00e1ga, ami kih\u00edv\u00e1st jelenthet a CO2 l\u00e9zerek sz\u00e1m\u00e1ra. A sz\u00e1las l\u00e9zerg\u00e9pek nagyobb v\u00e1g\u00e1si sebess\u00e9get, alacsonyabb karbantart\u00e1si ig\u00e9nyt \u00e9s alacsonyabb energiafogyaszt\u00e1st k\u00edn\u00e1lnak, ami k\u00f6lts\u00e9ghat\u00e9kony megold\u00e1st jelent a k\u00fcl\u00f6nb\u00f6z\u0151 ipar\u00e1gak sz\u00e1m\u00e1ra. Ezenk\u00edv\u00fcl a sz\u00e1las l\u00e9zerv\u00e1g\u00f3 rendszer kisebb m\u00e9rete lehet\u0151v\u00e9 teszi a kompaktabb munka\u00e1llom\u00e1sok kialak\u00edt\u00e1s\u00e1t, n\u00f6velve a munkafolyamatok hat\u00e9konys\u00e1g\u00e1t. \u00d6sszess\u00e9g\u00e9ben a sz\u00e1las l\u00e9zerv\u00e1g\u00f3 g\u00e9pek megb\u00edzhat\u00f3 v\u00e1laszt\u00e1st jelentenek azoknak a gy\u00e1rt\u00f3knak, akik fejlett technol\u00f3gi\u00e1t keresnek a f\u00e9mmegmunk\u00e1l\u00e1shoz.<\/p>\n<h2>A sz\u00e1las l\u00e9zerv\u00e1g\u00f3 g\u00e9pek haszn\u00e1lat\u00e1nak el\u0151nyei lemezek v\u00e1g\u00e1s\u00e1hoz<\/h2>\n<p>A sz\u00e1las l\u00e9zerv\u00e1g\u00f3 g\u00e9pek gyorsan n\u00e9pszer\u0171v\u00e9 v\u00e1lnak a lemezmegmunk\u00e1l\u00e1s ter\u00fclet\u00e9n, sz\u00e1mos el\u0151ny\u00fcknek k\u00f6sz\u00f6nhet\u0151en a hagyom\u00e1nyos v\u00e1g\u00e1si m\u00f3dszerekkel szemben. Az egyik legfigyelemrem\u00e9lt\u00f3bb el\u0151ny a megn\u00f6velt v\u00e1g\u00e1si sebess\u00e9g, amelyet ezek a g\u00e9pek k\u00edn\u00e1lnak. A sz\u00e1las l\u00e9zerek jelent\u0151sen nagyobb v\u00e1g\u00e1si sebess\u00e9get tudnak el\u00e9rni, mint a hagyom\u00e1nyos m\u00f3dszerek, lehet\u0151v\u00e9 t\u00e9ve a gy\u00e1rt\u00f3k sz\u00e1m\u00e1ra, hogy n\u00f6velj\u00e9k \u00e1tereszt\u0151k\u00e9pess\u00e9g\u00fcket \u00e9s hat\u00e9konyabban tarts\u00e1k be a gy\u00e1rt\u00e1si hat\u00e1rid\u0151ket. Ez a tulajdons\u00e1g k\u00fcl\u00f6n\u00f6sen el\u0151ny\u00f6s nagy volumen\u0171 gy\u00e1rt\u00e1si forgat\u00f3k\u00f6nyvek eset\u00e9n, ahol az id\u0151 kritikus t\u00e9nyez\u0151.<\/p>\n<p>A sz\u00e1las l\u00e9zertechnol\u00f3gia m\u00e1sik jelent\u0151s el\u0151nye a fokozott pontoss\u00e1g. Ezek a g\u00e9pek kiv\u00e9teles pontoss\u00e1got \u00e9s ism\u00e9telhet\u0151s\u00e9get biztos\u00edtanak, ami kulcsfontoss\u00e1g\u00fa a bonyolult tervek \u00e9s a sz\u0171k t\u0171r\u00e9shat\u00e1rokkal rendelkez\u0151 alkatr\u00e9szek el\u0151\u00e1ll\u00edt\u00e1s\u00e1n\u00e1l. A f\u00f3kusz\u00e1lt l\u00e9zersug\u00e1r minim\u00e1lis h\u0151hat\u00e1s\u00f6vezetet biztos\u00edt, cs\u00f6kkentve a vetemed\u00e9s vagy torzul\u00e1s kock\u00e1zat\u00e1t a v\u00e1g\u00e1si folyamat sor\u00e1n. K\u00f6vetkez\u00e9sk\u00e9ppen a v\u00e1llalkoz\u00e1sok kiv\u00e1l\u00f3 min\u0151s\u00e9g\u0171 eredm\u00e9nyeket \u00e9rhetnek el minim\u00e1lis m\u00e1sodlagos m\u0171veleti ig\u00e9ny mellett, egyszer\u0171s\u00edtve termel\u00e9si munkafolyamataikat.<\/p>\n<p>Az alacsonyabb \u00fczemeltet\u00e9si k\u00f6lts\u00e9gek a sz\u00e1las l\u00e9zerv\u00e1g\u00f3 g\u00e9pek egyik alapvet\u0151 el\u0151ny\u00e9t jelentik. Ezek a rendszerek jellemz\u0151en kevesebb energi\u00e1t fogyasztanak m\u00e1s v\u00e1g\u00e1si technol\u00f3gi\u00e1khoz, p\u00e9ld\u00e1ul a plazma- vagy v\u00edzsugaras v\u00e1g\u00f3khoz k\u00e9pest. Ezenk\u00edv\u00fcl a sz\u00e1las l\u00e9zerek hossz\u00fa \u00e9lettartama \u00e9s tart\u00f3ss\u00e1ga cs\u00f6kkenti a karbantart\u00e1si ig\u00e9nyeket, ami kevesebb megszak\u00edt\u00e1st \u00e9s alacsonyabb karbantart\u00e1si k\u00f6lts\u00e9geket eredm\u00e9nyez. Ez az energiahat\u00e9konys\u00e1g nemcsak az \u00fczemeltet\u00e9si k\u00f6lts\u00e9gek cs\u00f6kken\u00e9s\u00e9hez j\u00e1rul hozz\u00e1, hanem a k\u00f6rnyezetbar\u00e1t gy\u00e1rt\u00e1si gyakorlatokat is el\u0151seg\u00edti.<\/p>\n<p>Tov\u00e1bb\u00e1 a sz\u00e1las l\u00e9zerv\u00e1g\u00f3 g\u00e9pek figyelemre m\u00e9lt\u00f3 sokoldal\u00fas\u00e1got mutatnak, mivel k\u00e9pesek a f\u00e9mvastags\u00e1gok \u00e9s -t\u00edpusok sz\u00e9les sk\u00e1l\u00e1j\u00e1t v\u00e1gni, bele\u00e9rtve a rozsdamentes ac\u00e9lt, az alum\u00edniumot \u00e9s a rezet. Ez az alkalmazkod\u00f3k\u00e9pess\u00e9g lehet\u0151v\u00e9 teszi a gy\u00e1rt\u00f3k sz\u00e1m\u00e1ra, hogy kiel\u00e9g\u00edts\u00e9k a v\u00e1ltozatos piaci ig\u00e9nyeket, \u00e9s \u00fcgyesebben alkalmazkodjanak az ingadoz\u00f3 anyagk\u00f6vetelm\u00e9nyekhez. A val\u00f3s alkalmaz\u00e1sok, bele\u00e9rtve az aut\u00f3ipar, a rep\u00fcl\u0151g\u00e9pipar \u00e9s a f\u00e9mmegmunk\u00e1l\u00f3 ipar, a sz\u00e1las l\u00e9zerv\u00e1g\u00f3 technol\u00f3gia sikeres megval\u00f3s\u00edt\u00e1s\u00e1t mutatj\u00e1k be. Az ezt a cs\u00facstechnol\u00f3gi\u00e1s g\u00e9pet kihaszn\u00e1l\u00f3 v\u00e1llalatok jelent\u0151s termel\u00e9kenys\u00e9gn\u00f6veked\u00e9sr\u0151l sz\u00e1moltak be, ami v\u00e9gs\u0151 soron meger\u0151s\u00edti annak \u00e9rt\u00e9k\u00e9t, mint \u00e1talak\u00edt\u00f3 eszk\u00f6z a modern gy\u00e1rt\u00e1si m\u0171veletekben.<\/p>","protected":false},"excerpt":{"rendered":"<p>Product Details: Mode LF-3015EA Working Area 3000*1500mm \/\u00a0 4000*2000mm\u00a0 \/\u00a0 6000*1500 \/ 6000*2500mm X Y Z Axis Stroke 1520*3100*100mm 1520*6050*100mm 2040*4050*100mm 2510*6100*260mm Laser Power Supply 1500w, 2000w Maximum Acceleration 0.8G Positioning Accuracy \u00b10.03mm Voltage 380V 3PH 50\/60HZ Cutting Ability Carbon Steel: 0.8-16mm, Stainless Steel: 0.8-6mm Upgrade Independent Control Cabinet, Air Conditioner, Smoke Purifier, Air Compressor, [&hellip;]<\/p>\n","protected":false},"featured_media":2232,"comment_status":"open","ping_status":"closed","template":"","meta":{"_uag_custom_page_level_css":"","site-sidebar-layout":"default","site-content-layout":"default","ast-site-content-layout":"default","site-content-style":"default","site-sidebar-style":"default","ast-global-header-display":"","ast-banner-title-visibility":"","ast-main-header-display":"","ast-hfb-above-header-display":"","ast-hfb-below-header-display":"","ast-hfb-mobile-header-display":"","site-post-title":"disabled","ast-breadcrumbs-content":"disabled","ast-featured-img":"","footer-sml-layout":"","theme-transparent-header-meta":"default","adv-header-id-meta":"","stick-header-meta":"","header-above-stick-meta":"","header-main-stick-meta":"","header-below-stick-meta":"","astra-migrate-meta-layouts":"set","ast-page-background-enabled":"default","ast-page-background-meta":{"desktop":{"background-color":"","background-image":"","background-repeat":"repeat","background-position":"center center","background-size":"auto","background-attachment":"scroll","background-type":"","background-media":"","overlay-type":"","overlay-color":"","overlay-opacity":"","overlay-gradient":""},"tablet":{"background-color":"","background-image":"","background-repeat":"repeat","background-position":"center center","background-size":"auto","background-attachment":"scroll","background-type":"","background-media":"","overlay-type":"","overlay-color":"","overlay-opacity":"","overlay-gradient":""},"mobile":{"background-color":"","background-image":"","background-repeat":"repeat","background-position":"center center","background-size":"auto","background-attachment":"scroll","background-type":"","background-media":"","overlay-type":"","overlay-color":"","overlay-opacity":"","overlay-gradient":""}},"ast-content-background-meta":{"desktop":{"background-color":"var(--ast-global-color-5)","background-image":"","background-repeat":"repeat","background-position":"center center","background-size":"auto","background-attachment":"scroll","background-type":"","background-media":"","overlay-type":"","overlay-color":"","overlay-opacity":"","overlay-gradient":""},"tablet":{"background-color":"var(--ast-global-color-5)","background-image":"","background-repeat":"repeat","background-position":"center center","background-size":"auto","background-attachment":"scroll","background-type":"","background-media":"","overlay-type":"","overlay-color":"","overlay-opacity":"","overlay-gradient":""},"mobile":{"background-color":"var(--ast-global-color-5)","background-image":"","background-repeat":"repeat","background-position":"center center","background-size":"auto","background-attachment":"scroll","background-type":"","background-media":"","overlay-type":"","overlay-color":"","overlay-opacity":"","overlay-gradient":""}}},"product_brand":[],"product_cat":[17,77,121,122],"product_tag":[43,78,44,47,51,48,50,49],"class_list":{"0":"post-1093","1":"product","2":"type-product","3":"status-publish","4":"has-post-thumbnail","6":"product_cat-laser-cutting-machine","7":"product_cat-machine-sale","8":"product_cat-lezergepek","9":"product_cat-lezervago-gepek","10":"product_tag-fiber-laser","11":"product_tag-fiber-laser-cutting-machine","12":"product_tag-fiber-laser-machine","13":"product_tag-laser-cutting","14":"product_tag-leapion","15":"product_tag-metalworking","16":"product_tag-pionlux","17":"product_tag-sheet-metal","18":"product_shipping_class-heavy-packages","19":"desktop-align-center","20":"tablet-align-left","21":"mobile-align-left","23":"first","24":"instock","25":"taxable","26":"shipping-taxable","27":"purchasable","28":"product-type-variable"},"uagb_featured_image_src":{"full":["https:\/\/pionlux.eu\/wp-content\/uploads\/2024\/11\/01-01-PF-S3015-1-3_2.jpg",416,416,false],"thumbnail":["https:\/\/pionlux.eu\/wp-content\/uploads\/2024\/11\/01-01-PF-S3015-1-3_2-150x150.jpg",150,150,true],"medium":["https:\/\/pionlux.eu\/wp-content\/uploads\/2024\/11\/01-01-PF-S3015-1-3_2-300x300.jpg",300,300,true],"medium_large":["https:\/\/pionlux.eu\/wp-content\/uploads\/2024\/11\/01-01-PF-S3015-1-3_2.jpg",416,416,false],"large":["https:\/\/pionlux.eu\/wp-content\/uploads\/2024\/11\/01-01-PF-S3015-1-3_2.jpg",416,416,false],"1536x1536":["https:\/\/pionlux.eu\/wp-content\/uploads\/2024\/11\/01-01-PF-S3015-1-3_2.jpg",416,416,false],"2048x2048":["https:\/\/pionlux.eu\/wp-content\/uploads\/2024\/11\/01-01-PF-S3015-1-3_2.jpg",416,416,false],"trp-custom-language-flag":["https:\/\/pionlux.eu\/wp-content\/uploads\/2024\/11\/01-01-PF-S3015-1-3_2.jpg",12,12,false],"woocommerce_thumbnail":["https:\/\/pionlux.eu\/wp-content\/uploads\/2024\/11\/01-01-PF-S3015-1-3_2-300x300.jpg",300,300,true],"woocommerce_single":["https:\/\/pionlux.eu\/wp-content\/uploads\/2024\/11\/01-01-PF-S3015-1-3_2.jpg",416,416,false],"woocommerce_gallery_thumbnail":["https:\/\/pionlux.eu\/wp-content\/uploads\/2024\/11\/01-01-PF-S3015-1-3_2-100x100.jpg",100,100,true]},"uagb_author_info":{"display_name":"Benjamin","author_link":"https:\/\/pionlux.eu\/hu\/author\/"},"uagb_comment_info":0,"uagb_excerpt":"Product Details: Mode LF-3015EA Working Area 3000*1500mm \/\u00a0 4000*2000mm\u00a0 \/\u00a0 6000*1500 \/ 6000*2500mm X Y Z Axis Stroke 1520*3100*100mm 1520*6050*100mm 2040*4050*100mm 2510*6100*260mm Laser Power Supply 1500w, 2000w Maximum Acceleration 0.8G Positioning Accuracy \u00b10.03mm Voltage 380V 3PH 50\/60HZ Cutting Ability Carbon Steel: 0.8-16mm, Stainless Steel: 0.8-6mm Upgrade Independent Control Cabinet, Air Conditioner, Smoke Purifier, Air Compressor,&hellip;","_links":{"self":[{"href":"https:\/\/pionlux.eu\/hu\/wp-json\/wp\/v2\/product\/1093","targetHints":{"allow":["GET"]}}],"collection":[{"href":"https:\/\/pionlux.eu\/hu\/wp-json\/wp\/v2\/product"}],"about":[{"href":"https:\/\/pionlux.eu\/hu\/wp-json\/wp\/v2\/types\/product"}],"replies":[{"embeddable":true,"href":"https:\/\/pionlux.eu\/hu\/wp-json\/wp\/v2\/comments?post=1093"}],"wp:featuredmedia":[{"embeddable":true,"href":"https:\/\/pionlux.eu\/hu\/wp-json\/wp\/v2\/media\/2232"}],"wp:attachment":[{"href":"https:\/\/pionlux.eu\/hu\/wp-json\/wp\/v2\/media?parent=1093"}],"wp:term":[{"taxonomy":"product_brand","embeddable":true,"href":"https:\/\/pionlux.eu\/hu\/wp-json\/wp\/v2\/product_brand?post=1093"},{"taxonomy":"product_cat","embeddable":true,"href":"https:\/\/pionlux.eu\/hu\/wp-json\/wp\/v2\/product_cat?post=1093"},{"taxonomy":"product_tag","embeddable":true,"href":"https:\/\/pionlux.eu\/hu\/wp-json\/wp\/v2\/product_tag?post=1093"}],"curies":[{"name":"munkaf\u00fczet","href":"https:\/\/api.w.org\/{rel}","templated":true}]}}