{"id":2395,"date":"2024-11-17T18:52:44","date_gmt":"2024-11-17T18:52:44","guid":{"rendered":"https:\/\/pionlux.eu\/?post_type=product&#038;p=2395"},"modified":"2025-08-04T10:10:41","modified_gmt":"2025-08-04T10:10:41","slug":"lf-ste-exchange-table-sheet-and-tube-laser-cutting-machine","status":"publish","type":"product","link":"https:\/\/pionlux.eu\/hu\/termek\/lf-ste-exchange-table-sheet-and-tube-laser-cutting-machine\/","title":{"rendered":"LF-STE csereasztal lemez- \u00e9s cs\u0151l\u00e9zeres v\u00e1g\u00f3g\u00e9p"},"content":{"rendered":"<h2>Term\u00e9kadatok:<\/h2>\n<p>&nbsp;<\/p>\n<table class=\"custom-table\">\n<thead>\n<tr>\n<th>\n<h6><strong>M\u00f3d<\/strong><\/h6>\n<\/th>\n<th>\n<h6><strong>LF-3015 STE<\/strong><\/h6>\n<\/th>\n<th>\n<h6><strong>LF-4020 STE<\/strong><\/h6>\n<\/th>\n<th>\n<h6><strong>LF-6015 STE<\/strong><\/h6>\n<\/th>\n<th>\n<h6><strong>LF-6025 STE<\/strong><\/h6>\n<\/th>\n<\/tr>\n<\/thead>\n<tbody>\n<tr>\n<td>Munkater\u00fclet<\/td>\n<td>3000 * 1500 mm<\/td>\n<td>4000 * 2000 mm<\/td>\n<td>6000 * 1500 mm<\/td>\n<td>6000 * 2500 mm<\/td>\n<\/tr>\n<tr>\n<td>XY Z tengely l\u00f6kete<\/td>\n<td>1520 * 3100 * 100 mm<\/td>\n<td>2040 * 4050 * 100 mm<\/td>\n<td>1520 * 6050 * 100 mm<\/td>\n<td>2510 * 6100 * 260 mm<\/td>\n<\/tr>\n<tr>\n<td>L\u00e9zer t\u00e1pegys\u00e9g<\/td>\n<td colspan=\"4\">2000 W, 3000 W, 6000 W<\/td>\n<\/tr>\n<tr>\n<td>Maxim\u00e1lis gyorsul\u00e1s<\/td>\n<td colspan=\"4\">2G<\/td>\n<\/tr>\n<tr>\n<td>Pozicion\u00e1l\u00e1si pontoss\u00e1g<\/td>\n<td colspan=\"4\">\u00b10,03 mm<\/td>\n<\/tr>\n<tr>\n<td>Fesz\u00fclts\u00e9g<\/td>\n<td colspan=\"4\">380V 3 f\u00e1zis\u00fa 50\/60Hz<\/td>\n<\/tr>\n<tr>\n<td>V\u00e1g\u00e1si k\u00e9pess\u00e9g<\/td>\n<td colspan=\"4\">Sz\u00e9nac\u00e9l: 1-80 mm, Rozsdamentes ac\u00e9l: 1-70 mm, Alum\u00ednium: 1-60 mm, S\u00e1rgar\u00e9z: 1-20 mm<\/td>\n<\/tr>\n<tr>\n<td>Opcion\u00e1lis tartoz\u00e9kok<\/td>\n<td colspan=\"4\">L\u00e9gkondicion\u00e1l\u00f3, F\u00fcsttiszt\u00edt\u00f3, L\u00e9gkompresszor, Fesz\u00fclts\u00e9gszab\u00e1lyoz\u00f3<\/td>\n<\/tr>\n<\/tbody>\n<\/table>\n<p>&nbsp;<\/p>\n<h2>A csereasztal el\u0151nyei l\u00e9zerv\u00e1g\u00f3 g\u00e9pekben<\/h2>\n<ul>\n<li>Az LF-STE modell az LF-ST modellre \u00e9p\u00fcl egy csereplatform hozz\u00e1ad\u00e1s\u00e1val,<br \/>\nid\u0151t takar\u00edt meg a lemezv\u00e1g\u00e1s sor\u00e1n a be- \u00e9s kirakod\u00e1s sor\u00e1n, cs\u00f6kkentve az id\u0151t<br \/>\nk\u00f6lts\u00e9geket, \u00e9s jav\u00edtja a feldolgoz\u00e1si hat\u00e9konys\u00e1got.<\/li>\n<li>Teljesen intelligens CNC rendszer felhaszn\u00e1l\u00f3bar\u00e1t fel\u00fclettel a k\u00f6nny\u0171 kezelhet\u0151s\u00e9g \u00e9rdek\u00e9ben. Alacsony<br \/>\nkarbantart\u00e1si k\u00f6vetelm\u00e9nyek \u00e9s egyszer\u0171 karbantart\u00e1s, ami megk\u00f6nny\u00edti a haszn\u00e1lat\u00e1t.<\/li>\n<li>Magas szint\u0171 integr\u00e1ci\u00f3, hossz\u00fa \u00e9lettartam \u00e9s energiahat\u00e9kony kialak\u00edt\u00e1s<br \/>\njelent\u0151sen cs\u00f6kkenti a k\u00f6lts\u00e9geket. Egyes\u00edti a lemez- \u00e9s cs\u0151v\u00e1g\u00e1si k\u00e9pess\u00e9geket,<br \/>\nk\u00fcl\u00f6nf\u00e9le f\u00e9manyagok \u00e9s cs\u0151alkatr\u00e9szek feldolgoz\u00e1sa.<\/li>\n<\/ul>\n<p>A gy\u00e1rt\u00e1s folyamatosan v\u00e1ltoz\u00f3 k\u00f6rnyezet\u00e9ben a cser\u00e9l\u0151asztallal felszerelt l\u00e9zerv\u00e1g\u00f3 g\u00e9pek jelent\u0151s innov\u00e1ci\u00f3k\u00e9nt jelentek meg, k\u00fcl\u00f6n\u00f6sen a f\u00e9mlemezekkel \u00e9s cs\u00f6vekkel foglalkoz\u00f3 ipar\u00e1gakban. A cser\u00e9l\u0151asztal megk\u00f6nny\u00edti az anyagok z\u00f6kken\u0151mentes be- \u00e9s kirakod\u00e1s\u00e1t, hat\u00e9konyan minimaliz\u00e1lva az \u00e1ll\u00e1sid\u0151t a v\u00e1g\u00e1si folyamat sor\u00e1n. Ez a megn\u00f6vekedett termel\u00e9kenys\u00e9g a m\u0171k\u00f6d\u00e9si hat\u00e9konys\u00e1got is n\u00f6veli, lehet\u0151v\u00e9 t\u00e9ve a v\u00e1llalkoz\u00e1sok sz\u00e1m\u00e1ra a termel\u00e9s maximaliz\u00e1l\u00e1s\u00e1t, mik\u00f6zben magas szint\u0171 pontoss\u00e1got biztos\u00edtanak.<\/p>\n<p>A l\u00e9zerv\u00e1g\u00f3 g\u00e9pekbe cser\u00e9lhet\u0151 asztal be\u00e9p\u00edt\u00e9s\u00e9nek egyik f\u0151 el\u0151nye a folyamatos m\u0171veletek v\u00e9grehajt\u00e1s\u00e1nak lehet\u0151s\u00e9ge. M\u00edg az asztal egyik oldal\u00e1t v\u00e1g\u00e1sra haszn\u00e1lj\u00e1k, a m\u00e1sik oldal \u00faj anyagokkal k\u00e9sz\u00edthet\u0151 el\u0151. Ez az egyidej\u0171 folyamat jelent\u0151sen cs\u00f6kkenti az \u00fcresj\u00e1rati id\u0151t, lehet\u0151v\u00e9 t\u00e9ve a gy\u00e1rt\u00f3k sz\u00e1m\u00e1ra, hogy gyorsabb \u00e1tfut\u00e1si id\u0151ket \u00e9rjenek el \u00e9s betarts\u00e1k a szoros gy\u00e1rt\u00e1si \u00fctemterveket. P\u00e9ld\u00e1ul az aut\u00f3iparban, ahol a pontoss\u00e1g \u00e9s a hat\u00e9konys\u00e1g kiemelked\u0151 fontoss\u00e1g\u00fa, a cser\u00e9lhet\u0151 asztallal ell\u00e1tott l\u00e9zerv\u00e1g\u00f3 g\u00e9pek bevezet\u00e9se a munkafolyamatok javul\u00e1s\u00e1hoz vezetett, ami az \u00f6ssztermel\u00e9s jelent\u0151s n\u00f6veked\u00e9s\u00e9t eredm\u00e9nyezte.<\/p>\n<p>Tov\u00e1bb\u00e1 a l\u00e9zerv\u00e1g\u00f3 g\u00e9pek f\u00e9mlemezek \u00e9s cs\u00f6vek kezel\u00e9s\u00e9re val\u00f3 k\u00e9pess\u00e9ge sokoldal\u00fa eszk\u00f6zz\u00e9 teszi \u0151ket k\u00fcl\u00f6nf\u00e9le alkalmaz\u00e1sokhoz. Az olyan ipar\u00e1gak, mint a rep\u00fcl\u0151g\u00e9pipar, az \u00e9p\u00edt\u0151ipar \u00e9s a gy\u00e1rt\u00e1s, kihaszn\u00e1lj\u00e1k ezeket a g\u00e9peket \u00f6sszetett tervek nagy pontoss\u00e1g\u00fa v\u00e1g\u00e1s\u00e1ra. P\u00e9ld\u00e1ul egy egyedi f\u00e9m alkatr\u00e9szekre szakosodott gy\u00e1rt\u00f3m\u0171hely a 30% eset\u00e9ben a projekt \u00e1tfut\u00e1si idej\u00e9nek cs\u00f6kken\u00e9s\u00e9r\u0151l sz\u00e1molt be, miut\u00e1n \u00e1t\u00e1llt a cser\u00e9lhet\u0151 asztalokkal felszerelt l\u00e9zerv\u00e1g\u00f3 g\u00e9pekre. A k\u00fcl\u00f6nb\u00f6z\u0151 anyagok gyors be- \u00e9s kirakod\u00e1s\u00e1nak k\u00e9pess\u00e9ge nemcsak a munkafolyamatot jav\u00edtja, hanem optimaliz\u00e1lja a munkaer\u0151-er\u0151forr\u00e1sokat is, ami v\u00e9gs\u0151 soron k\u00f6lts\u00e9gmegtakar\u00edt\u00e1shoz vezet.<\/p>\n<p>\u00d6sszefoglalva, a l\u00e9zerv\u00e1g\u00f3 g\u00e9pekbe integr\u00e1lt cser\u00e9l\u0151asztalok sz\u00e1mos el\u0151nnyel j\u00e1rnak, k\u00fcl\u00f6n\u00f6sen a termel\u00e9kenys\u00e9g \u00e9s a hat\u00e9konys\u00e1g tekintet\u00e9ben. Az \u00e1ll\u00e1sid\u0151 minimaliz\u00e1l\u00e1s\u00e1val \u00e9s az anyagok rugalmas kezel\u00e9s\u00e9vel a v\u00e1llalkoz\u00e1sok nagyobb termel\u00e9st \u00e9s jobb k\u00f6lts\u00e9ghat\u00e9konys\u00e1got \u00e9rhetnek el. Ez az innov\u00e1ci\u00f3 felbecs\u00fclhetetlen \u00e9rt\u00e9k\u0171nek bizonyult sz\u00e1mos ipar\u00e1gban, \u00e9s j\u00f3l mutatja a fejlett gy\u00e1rt\u00e1si technol\u00f3gi\u00e1k bevezet\u00e9s\u00e9nek m\u00e9lyrehat\u00f3 hat\u00e1s\u00e1t.<\/p>","protected":false},"excerpt":{"rendered":"<p>Product Details: &nbsp; Mode LF-3015 STE LF-4020 STE LF-6015 STE LF-6025 STE Working Area 3000*1500mm 4000*2000mm 6000*1500mm 6000*2500mm XY Z Axis Stroke 1520*3100*100mm 2040*4050*100mm 1520*6050*100mm 2510*6100*260mm Laser Power Supply 2000w, 3000w, 6000w Maximum Acceleration 2G Positioning Accuracy \u00b10.03mm Voltage 380V 3PH 50\/60HZ Cutting Ability Carbon Steel: 1-80mm, Stainless Steel: 1-70mm, Aluminum: 1-60mm, Brass: 1-20mm Upgrade [&hellip;]<\/p>\n","protected":false},"featured_media":2493,"comment_status":"open","ping_status":"closed","template":"","meta":{"_uag_custom_page_level_css":"","site-sidebar-layout":"default","site-content-layout":"","ast-site-content-layout":"default","site-content-style":"default","site-sidebar-style":"default","ast-global-header-display":"","ast-banner-title-visibility":"","ast-main-header-display":"","ast-hfb-above-header-display":"","ast-hfb-below-header-display":"","ast-hfb-mobile-header-display":"","site-post-title":"","ast-breadcrumbs-content":"","ast-featured-img":"","footer-sml-layout":"","theme-transparent-header-meta":"default","adv-header-id-meta":"","stick-header-meta":"","header-above-stick-meta":"","header-main-stick-meta":"","header-below-stick-meta":"","astra-migrate-meta-layouts":"set","ast-page-background-enabled":"default","ast-page-background-meta":{"desktop":{"background-color":"","background-image":"","background-repeat":"repeat","background-position":"center center","background-size":"auto","background-attachment":"scroll","background-type":"","background-media":"","overlay-type":"","overlay-color":"","overlay-opacity":"","overlay-gradient":""},"tablet":{"background-color":"","background-image":"","background-repeat":"repeat","background-position":"center center","background-size":"auto","background-attachment":"scroll","background-type":"","background-media":"","overlay-type":"","overlay-color":"","overlay-opacity":"","overlay-gradient":""},"mobile":{"background-color":"","background-image":"","background-repeat":"repeat","background-position":"center center","background-size":"auto","background-attachment":"scroll","background-type":"","background-media":"","overlay-type":"","overlay-color":"","overlay-opacity":"","overlay-gradient":""}},"ast-content-background-meta":{"desktop":{"background-color":"var(--ast-global-color-5)","background-image":"","background-repeat":"repeat","background-position":"center center","background-size":"auto","background-attachment":"scroll","background-type":"","background-media":"","overlay-type":"","overlay-color":"","overlay-opacity":"","overlay-gradient":""},"tablet":{"background-color":"var(--ast-global-color-5)","background-image":"","background-repeat":"repeat","background-position":"center center","background-size":"auto","background-attachment":"scroll","background-type":"","background-media":"","overlay-type":"","overlay-color":"","overlay-opacity":"","overlay-gradient":""},"mobile":{"background-color":"var(--ast-global-color-5)","background-image":"","background-repeat":"repeat","background-position":"center center","background-size":"auto","background-attachment":"scroll","background-type":"","background-media":"","overlay-type":"","overlay-color":"","overlay-opacity":"","overlay-gradient":""}}},"product_brand":[],"product_cat":[17,121,122],"product_tag":[],"class_list":{"0":"post-2395","1":"product","2":"type-product","3":"status-publish","4":"has-post-thumbnail","6":"product_cat-laser-cutting-machine","7":"product_cat-lezergepek","8":"product_cat-lezervago-gepek","9":"product_shipping_class-heavy-packages","10":"desktop-align-center","11":"tablet-align-left","12":"mobile-align-left","14":"first","15":"instock","16":"taxable","17":"shipping-taxable","18":"purchasable","19":"product-type-variable"},"uagb_featured_image_src":{"full":["https:\/\/pionlux.eu\/wp-content\/uploads\/2024\/11\/03-02-PF-STE-1-4_3.jpg",700,700,false],"thumbnail":["https:\/\/pionlux.eu\/wp-content\/uploads\/2024\/11\/03-02-PF-STE-1-4_3-150x150.jpg",150,150,true],"medium":["https:\/\/pionlux.eu\/wp-content\/uploads\/2024\/11\/03-02-PF-STE-1-4_3-300x300.jpg",300,300,true],"medium_large":["https:\/\/pionlux.eu\/wp-content\/uploads\/2024\/11\/03-02-PF-STE-1-4_3.jpg",700,700,false],"large":["https:\/\/pionlux.eu\/wp-content\/uploads\/2024\/11\/03-02-PF-STE-1-4_3.jpg",700,700,false],"1536x1536":["https:\/\/pionlux.eu\/wp-content\/uploads\/2024\/11\/03-02-PF-STE-1-4_3.jpg",700,700,false],"2048x2048":["https:\/\/pionlux.eu\/wp-content\/uploads\/2024\/11\/03-02-PF-STE-1-4_3.jpg",700,700,false],"trp-custom-language-flag":["https:\/\/pionlux.eu\/wp-content\/uploads\/2024\/11\/03-02-PF-STE-1-4_3.jpg",12,12,false],"woocommerce_thumbnail":["https:\/\/pionlux.eu\/wp-content\/uploads\/2024\/11\/03-02-PF-STE-1-4_3-300x300.jpg",300,300,true],"woocommerce_single":["https:\/\/pionlux.eu\/wp-content\/uploads\/2024\/11\/03-02-PF-STE-1-4_3-600x600.jpg",600,600,true],"woocommerce_gallery_thumbnail":["https:\/\/pionlux.eu\/wp-content\/uploads\/2024\/11\/03-02-PF-STE-1-4_3-100x100.jpg",100,100,true]},"uagb_author_info":{"display_name":"Benjamin","author_link":"https:\/\/pionlux.eu\/hu\/author\/"},"uagb_comment_info":0,"uagb_excerpt":"Product Details: &nbsp; Mode LF-3015 STE LF-4020 STE LF-6015 STE LF-6025 STE Working Area 3000*1500mm 4000*2000mm 6000*1500mm 6000*2500mm XY Z Axis Stroke 1520*3100*100mm 2040*4050*100mm 1520*6050*100mm 2510*6100*260mm Laser Power Supply 2000w, 3000w, 6000w Maximum Acceleration 2G Positioning Accuracy \u00b10.03mm Voltage 380V 3PH 50\/60HZ Cutting Ability Carbon Steel: 1-80mm, Stainless Steel: 1-70mm, Aluminum: 1-60mm, Brass: 1-20mm Upgrade&hellip;","_links":{"self":[{"href":"https:\/\/pionlux.eu\/hu\/wp-json\/wp\/v2\/product\/2395","targetHints":{"allow":["GET"]}}],"collection":[{"href":"https:\/\/pionlux.eu\/hu\/wp-json\/wp\/v2\/product"}],"about":[{"href":"https:\/\/pionlux.eu\/hu\/wp-json\/wp\/v2\/types\/product"}],"replies":[{"embeddable":true,"href":"https:\/\/pionlux.eu\/hu\/wp-json\/wp\/v2\/comments?post=2395"}],"wp:featuredmedia":[{"embeddable":true,"href":"https:\/\/pionlux.eu\/hu\/wp-json\/wp\/v2\/media\/2493"}],"wp:attachment":[{"href":"https:\/\/pionlux.eu\/hu\/wp-json\/wp\/v2\/media?parent=2395"}],"wp:term":[{"taxonomy":"product_brand","embeddable":true,"href":"https:\/\/pionlux.eu\/hu\/wp-json\/wp\/v2\/product_brand?post=2395"},{"taxonomy":"product_cat","embeddable":true,"href":"https:\/\/pionlux.eu\/hu\/wp-json\/wp\/v2\/product_cat?post=2395"},{"taxonomy":"product_tag","embeddable":true,"href":"https:\/\/pionlux.eu\/hu\/wp-json\/wp\/v2\/product_tag?post=2395"}],"curies":[{"name":"munkaf\u00fczet","href":"https:\/\/api.w.org\/{rel}","templated":true}]}}