{"id":2408,"date":"2024-11-14T13:46:54","date_gmt":"2024-11-14T13:46:54","guid":{"rendered":"https:\/\/pionlux.eu\/?post_type=product&#038;p=2408"},"modified":"2026-04-10T09:40:34","modified_gmt":"2026-04-10T09:40:34","slug":"lw-laser-welding-machine","status":"publish","type":"product","link":"https:\/\/pionlux.eu\/hu\/termek\/lw-laser-welding-machine\/","title":{"rendered":"LW-W 4 az 1-ben L\u00e9zerhegeszt\u0151 G\u00e9p"},"content":{"rendered":"<h2>Term\u00e9kadatok:<\/h2>\n<ul>\n<li><strong>L\u00e9zer t\u00e1pegys\u00e9g<\/strong>:\u00a0 1500W- 3000W<\/li>\n<li><strong>L\u00e9zerforr\u00e1s<\/strong>:\u00a0 MAX Photonics<\/li>\n<li><strong>Teljes\u00edtm\u00e9nytartom\u00e1ny<\/strong>:\u00a0 10%\u2013100%<\/li>\n<li><strong>Kimeneti k\u00f6zponti hull\u00e1mhossz<\/strong>:\u00a0 1070 \u00b1 20nm<\/li>\n<li><strong>H\u0171t\u00e9si m\u00f3dszer<\/strong>: v\u00edzh\u0171t\u00e9s<\/li>\n<li><strong>Maxim\u00e1lis huzalel\u0151tol\u00e1si sebess\u00e9g<\/strong>:\u00a0 100m\/s<\/li>\n<li><strong>K\u00e1belhossz<\/strong>: 10 m\u00e9ter<\/li>\n<li><strong>T\u00e1pegys\u00e9g<\/strong>:\u00a0 230V (1500W-2000W) 380V (3000W), 1 Phase, 50Hz<\/li>\n<\/ul>\n<p><strong>Az alapterm\u00e9k tartalmazza<\/strong>:<\/p>\n<ul>\n<li>1 automatikus huzaladagol\u00f3 g\u00e9p<\/li>\n<li>1 hegeszt\u0151fej k\u00e9szlet<\/li>\n<li>1 tiszt\u00edt\u00f3fej<\/li>\n<li>1 v\u00e1g\u00f3fej<\/li>\n<\/ul>\n<h2>Fedezze fel a 4 az 1-ben l\u00e9zerhegeszt\u0151g\u00e9p erej\u00e9t<\/h2>\n<p>Tapasztalja meg a p\u00e1ratlan hat\u00e9konys\u00e1got a legmodernebb l\u00e9zerhegeszt\u0151g\u00e9p\u00fcnkkel, amelyet t\u00f6bbf\u00e9le alkalmaz\u00e1sra tervezt\u00fcnk. Ez az innovat\u00edv eszk\u00f6z n\u00e9gy alapvet\u0151 funkci\u00f3t \u00f6tv\u00f6z: hegeszt\u00e9st, v\u00e1g\u00e1st, tiszt\u00edt\u00e1st \u00e9s hegeszt\u00e9si varrattiszt\u00edt\u00e1st, \u00edgy a gy\u00e1rt\u00e1si ig\u00e9nyek t\u00f6k\u00e9letes megold\u00e1s\u00e1t k\u00edn\u00e1lja.<\/p>\n<h2>N\u00f6velje termel\u00e9kenys\u00e9g\u00e9t<\/h2>\n<p>A l\u00e9zerhegeszt\u0151g\u00e9p leegyszer\u0171s\u00edti a munkafolyamatot az\u00e1ltal, hogy k\u00fcl\u00f6nf\u00e9le funkci\u00f3kat integr\u00e1l egyetlen kompakt egys\u00e9gbe. Nincs t\u00f6bb\u00e9 sz\u00fcks\u00e9g a k\u00fcl\u00f6nb\u00f6z\u0151 g\u00e9pek k\u00f6z\u00f6tti v\u00e1lt\u00e1sra; mostant\u00f3l k\u00f6nnyed\u00e9n hegeszthet, v\u00e1ghat \u00e9s tiszt\u00edthat, \u00edgy id\u0151t \u00e9s er\u0151forr\u00e1sokat takar\u00edthat meg.<\/p>\n<h2>Kiv\u00e1l\u00f3 min\u0151s\u00e9g\u0171 teljes\u00edtm\u00e9ny, amiben megb\u00edzhat<\/h2>\n<p>Fejlett technol\u00f3gi\u00e1val k\u00e9sz\u00fclt, ez a g\u00e9p minden feladatban prec\u00edz \u00e9s min\u0151s\u00e9gi munk\u00e1t biztos\u00edt. Ak\u00e1r egy kis m\u0171helyr\u0151l, ak\u00e1r egy nagy gy\u00e1rt\u00f3\u00fczemr\u0151l van sz\u00f3, l\u00e9zerhegeszt\u0151g\u00e9p\u00fcnk a megb\u00edzhat\u00f3 v\u00e1laszt\u00e1s minden hegeszt\u00e9si \u00e9s v\u00e1g\u00e1si ig\u00e9nyhez.<\/p>","protected":false},"excerpt":{"rendered":"<p>Product Details: Laser Power Supply:\u00a0 1500W- 3000W Laser Source:\u00a0 MAX Photonics Power Range:\u00a0 10%\u2013100% Output Central Wavelength:\u00a0 1070 \u00b1 20nm Cooling Method:\u00a0 Water Cooling Maximum Wire Feed Speed:\u00a0 100m\/s Cable Length:\u00a0 10 meters Power Supply:\u00a0 230V (1500W-2000W) 380V (3000W), 1 Phase, 50Hz Base product includes: 1 Wire Feeding Machine 1 Welding Head Set 1 Cleaning [&hellip;]<\/p>\n","protected":false},"featured_media":2409,"comment_status":"open","ping_status":"closed","template":"","meta":{"_uag_custom_page_level_css":"","site-sidebar-layout":"default","site-content-layout":"","ast-site-content-layout":"default","site-content-style":"default","site-sidebar-style":"default","ast-global-header-display":"","ast-banner-title-visibility":"","ast-main-header-display":"","ast-hfb-above-header-display":"","ast-hfb-below-header-display":"","ast-hfb-mobile-header-display":"","site-post-title":"","ast-breadcrumbs-content":"","ast-featured-img":"","footer-sml-layout":"","theme-transparent-header-meta":"default","adv-header-id-meta":"","stick-header-meta":"","header-above-stick-meta":"","header-main-stick-meta":"","header-below-stick-meta":"","astra-migrate-meta-layouts":"set","ast-page-background-enabled":"default","ast-page-background-meta":{"desktop":{"background-color":"","background-image":"","background-repeat":"repeat","background-position":"center center","background-size":"auto","background-attachment":"scroll","background-type":"","background-media":"","overlay-type":"","overlay-color":"","overlay-opacity":"","overlay-gradient":""},"tablet":{"background-color":"","background-image":"","background-repeat":"repeat","background-position":"center center","background-size":"auto","background-attachment":"scroll","background-type":"","background-media":"","overlay-type":"","overlay-color":"","overlay-opacity":"","overlay-gradient":""},"mobile":{"background-color":"","background-image":"","background-repeat":"repeat","background-position":"center center","background-size":"auto","background-attachment":"scroll","background-type":"","background-media":"","overlay-type":"","overlay-color":"","overlay-opacity":"","overlay-gradient":""}},"ast-content-background-meta":{"desktop":{"background-color":"var(--ast-global-color-5)","background-image":"","background-repeat":"repeat","background-position":"center center","background-size":"auto","background-attachment":"scroll","background-type":"","background-media":"","overlay-type":"","overlay-color":"","overlay-opacity":"","overlay-gradient":""},"tablet":{"background-color":"var(--ast-global-color-5)","background-image":"","background-repeat":"repeat","background-position":"center center","background-size":"auto","background-attachment":"scroll","background-type":"","background-media":"","overlay-type":"","overlay-color":"","overlay-opacity":"","overlay-gradient":""},"mobile":{"background-color":"var(--ast-global-color-5)","background-image":"","background-repeat":"repeat","background-position":"center center","background-size":"auto","background-attachment":"scroll","background-type":"","background-media":"","overlay-type":"","overlay-color":"","overlay-opacity":"","overlay-gradient":""}}},"product_brand":[],"product_cat":[77,26,121,124,30],"product_tag":[],"class_list":{"0":"post-2408","1":"product","2":"type-product","3":"status-publish","4":"has-post-thumbnail","6":"product_cat-machine-sale","7":"product_cat-laser-welding-machines","8":"product_cat-lezergepek","9":"product_cat-lezerhegeszto-gepek","10":"product_cat-machine-spotlight","11":"product_shipping_class-medium-sized-packages","12":"desktop-align-center","13":"tablet-align-left","14":"mobile-align-left","16":"first","17":"instock","18":"taxable","19":"shipping-taxable","20":"purchasable","21":"product-type-variable"},"uagb_featured_image_src":{"full":["https:\/\/pionlux.eu\/wp-content\/uploads\/2024\/11\/04-01-PW-4W-1-6_261a03f6-c8b8-4aa4-b178-934daf28419d.jpg",700,700,false],"thumbnail":["https:\/\/pionlux.eu\/wp-content\/uploads\/2024\/11\/04-01-PW-4W-1-6_261a03f6-c8b8-4aa4-b178-934daf28419d-150x150.jpg",150,150,true],"medium":["https:\/\/pionlux.eu\/wp-content\/uploads\/2024\/11\/04-01-PW-4W-1-6_261a03f6-c8b8-4aa4-b178-934daf28419d-300x300.jpg",300,300,true],"medium_large":["https:\/\/pionlux.eu\/wp-content\/uploads\/2024\/11\/04-01-PW-4W-1-6_261a03f6-c8b8-4aa4-b178-934daf28419d.jpg",700,700,false],"large":["https:\/\/pionlux.eu\/wp-content\/uploads\/2024\/11\/04-01-PW-4W-1-6_261a03f6-c8b8-4aa4-b178-934daf28419d.jpg",700,700,false],"1536x1536":["https:\/\/pionlux.eu\/wp-content\/uploads\/2024\/11\/04-01-PW-4W-1-6_261a03f6-c8b8-4aa4-b178-934daf28419d.jpg",700,700,false],"2048x2048":["https:\/\/pionlux.eu\/wp-content\/uploads\/2024\/11\/04-01-PW-4W-1-6_261a03f6-c8b8-4aa4-b178-934daf28419d.jpg",700,700,false],"trp-custom-language-flag":["https:\/\/pionlux.eu\/wp-content\/uploads\/2024\/11\/04-01-PW-4W-1-6_261a03f6-c8b8-4aa4-b178-934daf28419d.jpg",12,12,false],"woocommerce_thumbnail":["https:\/\/pionlux.eu\/wp-content\/uploads\/2024\/11\/04-01-PW-4W-1-6_261a03f6-c8b8-4aa4-b178-934daf28419d-300x300.jpg",300,300,true],"woocommerce_single":["https:\/\/pionlux.eu\/wp-content\/uploads\/2024\/11\/04-01-PW-4W-1-6_261a03f6-c8b8-4aa4-b178-934daf28419d-600x600.jpg",600,600,true],"woocommerce_gallery_thumbnail":["https:\/\/pionlux.eu\/wp-content\/uploads\/2024\/11\/04-01-PW-4W-1-6_261a03f6-c8b8-4aa4-b178-934daf28419d-100x100.jpg",100,100,true]},"uagb_author_info":{"display_name":"Benjamin","author_link":"https:\/\/pionlux.eu\/hu\/author\/"},"uagb_comment_info":0,"uagb_excerpt":"Product Details: Laser Power Supply:\u00a0 1500W- 3000W Laser Source:\u00a0 MAX Photonics Power Range:\u00a0 10%\u2013100% Output Central Wavelength:\u00a0 1070 \u00b1 20nm Cooling Method:\u00a0 Water Cooling Maximum Wire Feed Speed:\u00a0 100m\/s Cable Length:\u00a0 10 meters Power Supply:\u00a0 230V (1500W-2000W) 380V (3000W), 1 Phase, 50Hz Base product includes: 1 Wire Feeding Machine 1 Welding Head Set 1 Cleaning&hellip;","_links":{"self":[{"href":"https:\/\/pionlux.eu\/hu\/wp-json\/wp\/v2\/product\/2408","targetHints":{"allow":["GET"]}}],"collection":[{"href":"https:\/\/pionlux.eu\/hu\/wp-json\/wp\/v2\/product"}],"about":[{"href":"https:\/\/pionlux.eu\/hu\/wp-json\/wp\/v2\/types\/product"}],"replies":[{"embeddable":true,"href":"https:\/\/pionlux.eu\/hu\/wp-json\/wp\/v2\/comments?post=2408"}],"wp:featuredmedia":[{"embeddable":true,"href":"https:\/\/pionlux.eu\/hu\/wp-json\/wp\/v2\/media\/2409"}],"wp:attachment":[{"href":"https:\/\/pionlux.eu\/hu\/wp-json\/wp\/v2\/media?parent=2408"}],"wp:term":[{"taxonomy":"product_brand","embeddable":true,"href":"https:\/\/pionlux.eu\/hu\/wp-json\/wp\/v2\/product_brand?post=2408"},{"taxonomy":"product_cat","embeddable":true,"href":"https:\/\/pionlux.eu\/hu\/wp-json\/wp\/v2\/product_cat?post=2408"},{"taxonomy":"product_tag","embeddable":true,"href":"https:\/\/pionlux.eu\/hu\/wp-json\/wp\/v2\/product_tag?post=2408"}],"curies":[{"name":"munkaf\u00fczet","href":"https:\/\/api.w.org\/{rel}","templated":true}]}}