{"id":2503,"date":"2024-11-17T21:41:52","date_gmt":"2024-11-17T21:41:52","guid":{"rendered":"https:\/\/pionlux.eu\/?post_type=product&#038;p=2503"},"modified":"2026-04-27T15:07:55","modified_gmt":"2026-04-27T15:07:55","slug":"lc-d-continuous-laser-cleaning-machine","status":"publish","type":"product","link":"https:\/\/pionlux.eu\/hu\/termek\/lc-d-continuous-laser-cleaning-machine\/","title":{"rendered":"LC-D folyamatos l\u00e9zertiszt\u00edt\u00f3 g\u00e9p"},"content":{"rendered":"<h2>Term\u00e9kadatok:<\/h2>\n<table border=\"1\" cellspacing=\"1\" cellpadding=\"1\">\n<tbody>\n<tr>\n<td>\n<div>Param\u00e9ter<\/div>\n<\/td>\n<td>\n<div>1000 W-os v\u00edzh\u0171t\u00e9ses<\/div>\n<\/td>\n<td>\n<div>1500 W-os v\u00edzh\u0171t\u00e9ses<\/div>\n<\/td>\n<td>\n<div>2000 W-os v\u00edzh\u0171t\u00e9ses<\/div>\n<\/td>\n<td>\n<div>3000 W-os v\u00edzh\u0171t\u00e9ses<\/div>\n<\/td>\n<\/tr>\n<tr>\n<td>\n<div>Maxim\u00e1lis kimeneti teljes\u00edtm\u00e9ny\/W<\/div>\n<\/td>\n<td>\n<div>1000<\/div>\n<\/td>\n<td>\n<div>1500<\/div>\n<\/td>\n<td>\n<div>2000<\/div>\n<\/td>\n<td>\n<div>3000<\/div>\n<\/td>\n<\/tr>\n<tr>\n<td>\n<div>\u00c1tm\u00e9r\u0151<\/div>\n<\/td>\n<td>\n<div>200 \u03bcm<\/div>\n<\/td>\n<td>\n<div>300 \u03bcm<\/div>\n<\/td>\n<td>\n<div>300 \u03bcm<\/div>\n<\/td>\n<td>\n<div>400 \u03bcm<\/div>\n<\/td>\n<\/tr>\n<tr>\n<td>\n<div>Sz\u00e1lhossz\/m<\/div>\n<\/td>\n<td>\n<div>10<\/div>\n<\/td>\n<td>\n<div>10<\/div>\n<\/td>\n<td>\n<div>10<\/div>\n<\/td>\n<td>\n<div>20<\/div>\n<\/td>\n<\/tr>\n<tr>\n<td>\n<div>Teljes teljes\u00edtm\u00e9ny\/W<\/div>\n<\/td>\n<td>\n<div>6000<\/div>\n<\/td>\n<td>\n<div>6500<\/div>\n<\/td>\n<td>\n<div>7500<\/div>\n<\/td>\n<td>\n<div>9500<\/div>\n<\/td>\n<\/tr>\n<tr>\n<td>\n<div>L\u00e9zersug\u00e1r min\u0151s\u00e9ge, BPP<\/div>\n<\/td>\n<td>\n<div>20~22 mm*mrad<\/div>\n<div>(200 \u03bcm)<\/div>\n<\/td>\n<td>\n<div>25~28 mm*mrad<\/div>\n<div>(300 \u03bcm)<\/div>\n<\/td>\n<td>\n<div>25~28 mm*mrad<\/div>\n<div>(300 \u03bcm)<\/div>\n<\/td>\n<td>\n<div>30~33 mm*mrad<\/div>\n<div>(400 \u03bcm)<\/div>\n<\/td>\n<\/tr>\n<tr>\n<td>\n<div>M\u0171k\u00f6d\u00e9si m\u00f3d<\/div>\n<\/td>\n<td colspan=\"4\" rowspan=\"1\">\n<div>CW\/Modul\u00e1lt<\/div>\n<\/td>\n<\/tr>\n<tr>\n<td>\n<div>V\u00f6r\u00f6s l\u00e1mpa erej\u00e9nek el\u0151n\u00e9zete<\/div>\n<\/td>\n<td colspan=\"4\" rowspan=\"1\">\n<div>150 \u03bcW<\/div>\n<\/td>\n<\/tr>\n<tr>\n<td>\n<div>Teljes\u00edtm\u00e9nyszab\u00e1lyoz\u00e1si tartom\u00e1ny\/%<\/div>\n<\/td>\n<td colspan=\"4\" rowspan=\"1\">\n<div>10-100<\/div>\n<\/td>\n<\/tr>\n<tr>\n<td>\n<div>H\u0171t\u00e9si m\u00f3dszer<\/div>\n<\/td>\n<td colspan=\"4\" rowspan=\"1\">\n<div>v\u00edzh\u0171t\u00e9ses<\/div>\n<\/td>\n<\/tr>\n<tr>\n<td>\n<div>Hajl\u00edt\u00e1si sug\u00e1r<\/div>\n<\/td>\n<td colspan=\"4\">\n<div>200 mm<\/div>\n<\/td>\n<\/tr>\n<\/tbody>\n<\/table>\n<h2>Mi az a folyamatos l\u00e9zeres tiszt\u00edt\u00f3g\u00e9p?<\/h2>\n<p>A folyamatos l\u00e9zeres tiszt\u00edt\u00f3g\u00e9p egy fejlett technol\u00f3giai megold\u00e1s, amelyet a szennyez\u0151d\u00e9sek hat\u00e9kony elt\u00e1vol\u00edt\u00e1s\u00e1ra terveztek k\u00fcl\u00f6nf\u00e9le fel\u00fcletekr\u0151l l\u00e9zertechnol\u00f3gia seg\u00edts\u00e9g\u00e9vel. Ezek a g\u00e9pek koncentr\u00e1lt f\u00e9nysugarakat haszn\u00e1lnak a fel\u00fcletek tiszt\u00edt\u00e1s\u00e1ra nagy intenzit\u00e1s\u00fa l\u00e9zerenergia kibocs\u00e1t\u00e1s\u00e1val, amely agglomer\u00e1lja \u00e9s elp\u00e1rologtatja a nem k\u00edv\u00e1nt anyagokat, p\u00e9ld\u00e1ul a rozsd\u00e1t, a fest\u00e9ket vagy m\u00e1s makacs maradv\u00e1nyokat. Ez az innovat\u00edv megk\u00f6zel\u00edt\u00e9s jelent\u0151s el\u0151rel\u00e9p\u00e9st jelent az ipari tiszt\u00edt\u00e1si technik\u00e1kban a hagyom\u00e1nyos m\u00f3dszerekhez, p\u00e9ld\u00e1ul a k\u00e9miai tiszt\u00edt\u00e1shoz vagy a szemcsesz\u00f3r\u00e1shoz k\u00e9pest.<\/p>\n<p>A folyamatos l\u00e9zeres tiszt\u00edt\u00f3g\u00e9pek kialak\u00edt\u00e1sa gyakran modul\u00e1ris, l\u00e9zerforr\u00e1ssal, vez\u00e9rl\u0151rendszerekkel \u00e9s egy mozg\u00e1smechanizmussal rendelkezik, amely a l\u00e9zersugarat a tiszt\u00edtand\u00f3 fel\u00fcleten ir\u00e1ny\u00edtja. A r\u00e1csos vagy f\u00f3kusz\u00e1l\u00f3 lencse jellemz\u0151en optimaliz\u00e1lja a l\u00e9zer energiaintenzit\u00e1s\u00e1t a tiszt\u00edt\u00e1si hat\u00e9konys\u00e1g maximaliz\u00e1l\u00e1sa \u00e9rdek\u00e9ben. Ezekben a g\u00e9pekben k\u00fcl\u00f6nf\u00e9le t\u00edpus\u00fa l\u00e9zereket haszn\u00e1lnak, bele\u00e9rtve a sz\u00e1las l\u00e9zereket, a CO2 l\u00e9zereket \u00e9s a szil\u00e1rdtest l\u00e9zereket. Minden l\u00e9zert\u00edpusnak megvannak a saj\u00e1tos el\u0151nyei az adott tiszt\u00edt\u00e1si alkalmaz\u00e1st\u00f3l f\u00fcgg\u0151en, p\u00e9ld\u00e1ul a tiszt\u00edtand\u00f3 anyag jelleg\u00e9t\u0151l \u00e9s a szennyez\u0151d\u00e9s m\u00e9lys\u00e9g\u00e9t\u0151l f\u00fcgg\u0151en.<\/p>\n<p>Ez a tiszt\u00edt\u00e1si technol\u00f3gia sz\u00e1mos anyag tiszt\u00edt\u00e1s\u00e1ra alkalmas, bele\u00e9rtve a f\u00e9meket, m\u0171anyagokat \u00e9s ker\u00e1mi\u00e1kat. A folyamatos l\u00e9zeres tiszt\u00edt\u00f3g\u00e9pek sokoldal\u00fas\u00e1ga alkalmass\u00e1 teszi \u0151ket k\u00fcl\u00f6nf\u00e9le ipar\u00e1gak sz\u00e1m\u00e1ra, az aut\u00f3ipart\u00f3l a rep\u00fcl\u0151g\u00e9piparon \u00e1t a t\u00f6rt\u00e9nelmi restaur\u00e1l\u00e1sig. Az ipar\u00e1gak fejl\u0151d\u00e9s\u00e9vel a hat\u00e9kony, k\u00f6rnyezetbar\u00e1t tiszt\u00edt\u00e1si megold\u00e1sok ir\u00e1nti kereslet is n\u00f6vekszik, \u00edgy a l\u00e9zeres tiszt\u00edt\u00e1s a modern ipari gyakorlatok \u00e9lvonal\u00e1ba ker\u00fcl. A folyamatos l\u00e9zeres tiszt\u00edt\u00f3g\u00e9pek t\u00e9rnyer\u00e9se \u00f6sszhangban van a berendez\u00e9sek \u00e9s l\u00e9tes\u00edtm\u00e9nyek karbantart\u00e1s\u00e1ban az automatiz\u00e1l\u00e1s \u00e9s a prec\u00edzi\u00f3 fel\u00e9 vezet\u0151 \u00e1tfog\u00f3 trenddel, ami az ipari tiszt\u00edt\u00e1si technol\u00f3gia t\u00f6rt\u00e9net\u00e9nek fordul\u00f3pontj\u00e1t jelenti.<\/p>\n<h2>A folyamatos l\u00e9zeres tiszt\u00edt\u00f3g\u00e9pek el\u0151nyei \u00e9s alkalmaz\u00e1sai<\/h2>\n<p>A folyamatos l\u00e9zeres tiszt\u00edt\u00f3g\u00e9pek sz\u00e1mos el\u0151nnyel rendelkeznek a hagyom\u00e1nyos tiszt\u00edt\u00e1si m\u00f3dszerekkel szemben, bele\u00e9rtve a k\u00e9miai \u00e9s abraz\u00edv technik\u00e1kat is. A l\u00e9zeres tiszt\u00edt\u00e1s egyik f\u0151 el\u0151nye a hihetetlen hat\u00e9konys\u00e1ga. A l\u00e9zerrendszerek hat\u00e9konyan elt\u00e1vol\u00edthatj\u00e1k a szennyez\u0151d\u00e9seket, p\u00e9ld\u00e1ul a rozsd\u00e1t, a fest\u00e9ket \u00e9s a koszt a fel\u00fcletekr\u0151l an\u00e9lk\u00fcl, hogy jelent\u0151s \u00e1ll\u00e1sid\u0151t kellene v\u00e9grehajtaniuk, ami minimaliz\u00e1lja a termel\u00e9si megszak\u00edt\u00e1sokat a k\u00fcl\u00f6nb\u00f6z\u0151 ipar\u00e1gakban.<\/p>\n<p>A l\u00e9zeres tiszt\u00edt\u00e1si technol\u00f3gia egy m\u00e1sik jelent\u0151s el\u0151nye a prec\u00edzi\u00f3. A l\u00e9zer f\u00f3kusz\u00e1lt jellege lehet\u0151v\u00e9 teszi a szelekt\u00edv tiszt\u00edt\u00e1st, amely meghat\u00e1rozott ter\u00fcleteket c\u00e9loz meg an\u00e9lk\u00fcl, hogy a szomsz\u00e9dos fel\u00fcleteket \u00e9rinten\u00e9. Ez a prec\u00edzi\u00f3 k\u00fcl\u00f6n\u00f6sen \u00e9rt\u00e9kes az olyan k\u00e9nyes alkalmaz\u00e1sokban, mint a m\u0171alkot\u00e1sok restaur\u00e1l\u00e1sa, ahol az eredeti anyag integrit\u00e1s\u00e1nak meg\u0151rz\u00e9se kiemelked\u0151 fontoss\u00e1g\u00fa. A hagyom\u00e1nyos csiszol\u00e1si m\u00f3dszerek v\u00e9letlen\u00fcl k\u00e1ros\u00edthatj\u00e1k vagy megv\u00e1ltoztathatj\u00e1k a fel\u00fcletet, m\u00edg a l\u00e9zeres tiszt\u00edt\u00e1s meg\u0151rzi a t\u00e1rgy eredeti \u00e1llapot\u00e1t.<\/p>\n<p>R\u00e1ad\u00e1sul a folyamatos l\u00e9zeres tiszt\u00edt\u00f3g\u00e9pek biztons\u00e1ga n\u00f6veli vonzerej\u00fcket. A hagyom\u00e1nyos tiszt\u00edt\u00e1si technik\u00e1kkal ellent\u00e9tben, amelyek gyakran vesz\u00e9lyes vegyszereket vagy abraz\u00edv anyagokat ig\u00e9nyelnek, a l\u00e9zeres tiszt\u00edt\u00e1s f\u00e9nyenergi\u00e1t haszn\u00e1l, ami jelent\u0151sen cs\u00f6kkenti a k\u00e1ros anyagoknak val\u00f3 kitetts\u00e9g kock\u00e1zat\u00e1t. Ez a biztons\u00e1gi fejleszt\u00e9s nemcsak a munkav\u00e1llal\u00f3kat v\u00e9di, hanem cs\u00f6kkenti a vegyi anyagok \u00e1rtalmatlan\u00edt\u00e1s\u00e1val \u00e9s abraz\u00edv anyagok haszn\u00e1lat\u00e1val j\u00e1r\u00f3 k\u00f6rnyezeti hat\u00e1sokat is.<\/p>\n<p>A k\u00f6rnyezeti el\u0151ny\u00f6k a l\u00e9zeres tiszt\u00edt\u00e1si folyamat sor\u00e1n keletkez\u0151 minim\u00e1lis hullad\u00e9kb\u00f3l ad\u00f3dnak. A folyamatos l\u00e9zeres tiszt\u00edt\u00f3g\u00e9pek kevesebb szennyvizet termelnek a hagyom\u00e1nyos tiszt\u00edt\u00e1si m\u00f3dszerekhez k\u00e9pest, ami m\u00e9rgez\u0151 mell\u00e9kterm\u00e9ket hozhat l\u00e9tre, amelyet k\u00f6r\u00fcltekint\u0151en kell \u00e1rtalmatlan\u00edtani. Ez a k\u00f6rnyezetbar\u00e1t megold\u00e1s \u00f6sszhangban van a fenntarthat\u00f3s\u00e1gra helyezett egyre n\u00f6vekv\u0151 glob\u00e1lis hangs\u00falyral, \u00edgy a l\u00e9zeres tiszt\u00edt\u00e1s felel\u0151ss\u00e9gteljesebb v\u00e1laszt\u00e1s azoknak a szervezeteknek, amelyek minimaliz\u00e1lni szeretn\u00e9k \u00f6kol\u00f3giai l\u00e1bnyomukat.<\/p>\n<p>Alkalmaz\u00e1sok tekintet\u00e9ben a folyamatos l\u00e9zeres tiszt\u00edt\u00e1s sz\u00e1mos \u00e1gazatot \u00e1talak\u00edt. P\u00e9ld\u00e1ul a gy\u00e1rt\u00e1sban \u00e9s az aut\u00f3iparban a l\u00e9zeres tiszt\u00edt\u00e1s seg\u00edt a fel\u00fcletek el\u0151k\u00e9sz\u00edt\u00e9s\u00e9ben fest\u00e9sre vagy hegeszt\u00e9sre, biztos\u00edtva az optim\u00e1lis tapad\u00e1st \u00e9s min\u0151s\u00e9get. A rep\u00fcl\u0151g\u00e9piparban seg\u00edt meg\u0151rizni a biztons\u00e1g szempontj\u00e1b\u00f3l kritikus alkatr\u00e9szek \u00e9ps\u00e9g\u00e9t. Ezenk\u00edv\u00fcl a m\u0171restaur\u00e1l\u00e1s ter\u00fclet\u00e9n is el\u0151ny\u00f6s, mivel lehet\u0151v\u00e9 teszi a restaur\u00e1torok sz\u00e1m\u00e1ra, hogy \u00e9rt\u00e9kes m\u0171t\u00e1rgyakat k\u00edm\u00e9letesen tiszt\u00edtsanak a k\u00e1rosod\u00e1s kock\u00e1zata n\u00e9lk\u00fcl. A folyamatos l\u00e9zeres tiszt\u00edt\u00f3g\u00e9pek sokoldal\u00fas\u00e1ga \u00e9s hat\u00e9konys\u00e1ga utat nyit a sz\u00e9les k\u00f6r\u0171 elterjed\u00e9s\u00fcknek sz\u00e1mos \u00e1gazatban.<\/p>","protected":false},"excerpt":{"rendered":"<p>Product Details: Parameter 1000W water cooled 1500W water cooled 2000W water cooled 3000W water cooled Maximum output power\/W 1000 1500 2000 3000 Diameter 200 \u03bcm 300 \u03bcm 300 \u03bcm 400 \u03bcm Fiber length\/m 10 10 10 20 Total power\/W 6000 6500 7500 9500 Laser Beam Quality, BPP 20~22 mm*mrad (200\u03bcm) 25~28 mm*mrad (300\u03bcm) 25~28 mm*mrad [&hellip;]<\/p>\n","protected":false},"featured_media":2406,"comment_status":"open","ping_status":"closed","template":"","meta":{"_uag_custom_page_level_css":"","site-sidebar-layout":"default","site-content-layout":"","ast-site-content-layout":"default","site-content-style":"default","site-sidebar-style":"default","ast-global-header-display":"","ast-banner-title-visibility":"","ast-main-header-display":"","ast-hfb-above-header-display":"","ast-hfb-below-header-display":"","ast-hfb-mobile-header-display":"","site-post-title":"","ast-breadcrumbs-content":"","ast-featured-img":"","footer-sml-layout":"","theme-transparent-header-meta":"default","adv-header-id-meta":"","stick-header-meta":"","header-above-stick-meta":"","header-main-stick-meta":"","header-below-stick-meta":"","astra-migrate-meta-layouts":"set","ast-page-background-enabled":"default","ast-page-background-meta":{"desktop":{"background-color":"","background-image":"","background-repeat":"repeat","background-position":"center center","background-size":"auto","background-attachment":"scroll","background-type":"","background-media":"","overlay-type":"","overlay-color":"","overlay-opacity":"","overlay-gradient":""},"tablet":{"background-color":"","background-image":"","background-repeat":"repeat","background-position":"center center","background-size":"auto","background-attachment":"scroll","background-type":"","background-media":"","overlay-type":"","overlay-color":"","overlay-opacity":"","overlay-gradient":""},"mobile":{"background-color":"","background-image":"","background-repeat":"repeat","background-position":"center center","background-size":"auto","background-attachment":"scroll","background-type":"","background-media":"","overlay-type":"","overlay-color":"","overlay-opacity":"","overlay-gradient":""}},"ast-content-background-meta":{"desktop":{"background-color":"var(--ast-global-color-5)","background-image":"","background-repeat":"repeat","background-position":"center center","background-size":"auto","background-attachment":"scroll","background-type":"","background-media":"","overlay-type":"","overlay-color":"","overlay-opacity":"","overlay-gradient":""},"tablet":{"background-color":"var(--ast-global-color-5)","background-image":"","background-repeat":"repeat","background-position":"center center","background-size":"auto","background-attachment":"scroll","background-type":"","background-media":"","overlay-type":"","overlay-color":"","overlay-opacity":"","overlay-gradient":""},"mobile":{"background-color":"var(--ast-global-color-5)","background-image":"","background-repeat":"repeat","background-position":"center center","background-size":"auto","background-attachment":"scroll","background-type":"","background-media":"","overlay-type":"","overlay-color":"","overlay-opacity":"","overlay-gradient":""}}},"product_brand":[],"product_cat":[28,77,121,123,30],"product_tag":[],"class_list":{"0":"post-2503","1":"product","2":"type-product","3":"status-publish","4":"has-post-thumbnail","6":"product_cat-laser-cleaning-machine","7":"product_cat-machine-sale","8":"product_cat-lezergepek","9":"product_cat-lezertisztito-gepek","10":"product_cat-machine-spotlight","11":"product_shipping_class-medium-sized-packages","12":"desktop-align-center","13":"tablet-align-left","14":"mobile-align-left","16":"first","17":"instock","18":"taxable","19":"shipping-taxable","20":"purchasable","21":"product-type-variable","22":"has-default-attributes"},"uagb_featured_image_src":{"full":["https:\/\/pionlux.eu\/wp-content\/uploads\/2024\/11\/04-01-PW-4W-1-2.jpg",700,700,false],"thumbnail":["https:\/\/pionlux.eu\/wp-content\/uploads\/2024\/11\/04-01-PW-4W-1-2-150x150.jpg",150,150,true],"medium":["https:\/\/pionlux.eu\/wp-content\/uploads\/2024\/11\/04-01-PW-4W-1-2-300x300.jpg",300,300,true],"medium_large":["https:\/\/pionlux.eu\/wp-content\/uploads\/2024\/11\/04-01-PW-4W-1-2.jpg",700,700,false],"large":["https:\/\/pionlux.eu\/wp-content\/uploads\/2024\/11\/04-01-PW-4W-1-2.jpg",700,700,false],"1536x1536":["https:\/\/pionlux.eu\/wp-content\/uploads\/2024\/11\/04-01-PW-4W-1-2.jpg",700,700,false],"2048x2048":["https:\/\/pionlux.eu\/wp-content\/uploads\/2024\/11\/04-01-PW-4W-1-2.jpg",700,700,false],"trp-custom-language-flag":["https:\/\/pionlux.eu\/wp-content\/uploads\/2024\/11\/04-01-PW-4W-1-2.jpg",12,12,false],"woocommerce_thumbnail":["https:\/\/pionlux.eu\/wp-content\/uploads\/2024\/11\/04-01-PW-4W-1-2-300x300.jpg",300,300,true],"woocommerce_single":["https:\/\/pionlux.eu\/wp-content\/uploads\/2024\/11\/04-01-PW-4W-1-2-600x600.jpg",600,600,true],"woocommerce_gallery_thumbnail":["https:\/\/pionlux.eu\/wp-content\/uploads\/2024\/11\/04-01-PW-4W-1-2-100x100.jpg",100,100,true]},"uagb_author_info":{"display_name":"Benjamin","author_link":"https:\/\/pionlux.eu\/hu\/author\/"},"uagb_comment_info":0,"uagb_excerpt":"Product Details: Parameter 1000W water cooled 1500W water cooled 2000W water cooled 3000W water cooled Maximum output power\/W 1000 1500 2000 3000 Diameter 200 \u03bcm 300 \u03bcm 300 \u03bcm 400 \u03bcm Fiber length\/m 10 10 10 20 Total power\/W 6000 6500 7500 9500 Laser Beam Quality, BPP 20~22 mm*mrad (200\u03bcm) 25~28 mm*mrad (300\u03bcm) 25~28 mm*mrad&hellip;","_links":{"self":[{"href":"https:\/\/pionlux.eu\/hu\/wp-json\/wp\/v2\/product\/2503","targetHints":{"allow":["GET"]}}],"collection":[{"href":"https:\/\/pionlux.eu\/hu\/wp-json\/wp\/v2\/product"}],"about":[{"href":"https:\/\/pionlux.eu\/hu\/wp-json\/wp\/v2\/types\/product"}],"replies":[{"embeddable":true,"href":"https:\/\/pionlux.eu\/hu\/wp-json\/wp\/v2\/comments?post=2503"}],"wp:featuredmedia":[{"embeddable":true,"href":"https:\/\/pionlux.eu\/hu\/wp-json\/wp\/v2\/media\/2406"}],"wp:attachment":[{"href":"https:\/\/pionlux.eu\/hu\/wp-json\/wp\/v2\/media?parent=2503"}],"wp:term":[{"taxonomy":"product_brand","embeddable":true,"href":"https:\/\/pionlux.eu\/hu\/wp-json\/wp\/v2\/product_brand?post=2503"},{"taxonomy":"product_cat","embeddable":true,"href":"https:\/\/pionlux.eu\/hu\/wp-json\/wp\/v2\/product_cat?post=2503"},{"taxonomy":"product_tag","embeddable":true,"href":"https:\/\/pionlux.eu\/hu\/wp-json\/wp\/v2\/product_tag?post=2503"}],"curies":[{"name":"munkaf\u00fczet","href":"https:\/\/api.w.org\/{rel}","templated":true}]}}