{"id":2504,"date":"2024-11-17T22:05:05","date_gmt":"2024-11-17T22:05:05","guid":{"rendered":"https:\/\/pionlux.eu\/?post_type=product&#038;p=2504"},"modified":"2026-04-27T15:07:05","modified_gmt":"2026-04-27T15:07:05","slug":"lc-s-suitcase-pulse-laser-cleaning-machine","status":"publish","type":"product","link":"https:\/\/pionlux.eu\/hu\/termek\/lc-s-suitcase-pulse-laser-cleaning-machine\/","title":{"rendered":"LC-S b\u0151r\u00f6nd impulzusl\u00e9zeres tiszt\u00edt\u00f3g\u00e9p"},"content":{"rendered":"<h2>Term\u00e9kadatok:<\/h2>\n<ul>\n<li>\n<div id=\"column_1645510852904\" class=\"col-md-6 col-md-first\" data-type=\"columns\" data-level=\"columns\">\n<div id=\"location_1645510852907\" data-type=\"locations\" data-level=\"rows\">\n<div id=\"component_wNprtdfGwFSE\" class=\"backstage-stwidgets-settingwrap\">\n<div class=\"sitewidget-graphic sitewidget-graphicNew-20230412153546 sitewidget-olul-liststyle\">\n<div class=\"sitewidget-content\">\n<div class=\"sitewidget-bd fix hasOverflowX\">\n<table border=\"1\" cellspacing=\"1\" cellpadding=\"1\">\n<tbody>\n<tr>\n<td>\u00a0\u00a0<strong>M\u00f3d<\/strong><\/td>\n<td>\u00a0\u00a0<strong>DT - QXS l\u00e9zertiszt\u00edt\u00f3 g\u00e9p\u00a0<\/strong><\/td>\n<\/tr>\n<tr>\n<td>\u00a0 L\u00e9zer t\u00edpusa<\/td>\n<td>\u00a0 Impulzusl\u00e9zer<\/td>\n<\/tr>\n<tr>\n<td>\u00a0 Sz\u00e1las l\u00e9zer teljes\u00edtm\u00e9ny<\/td>\n<td colspan=\"1\" rowspan=\"1\">\u00a0 100w-1000w<\/td>\n<\/tr>\n<tr>\n<td>\u00a0 L\u00e9zerfej szkennel\u00e9si tartom\u00e1nya<\/td>\n<td colspan=\"1\" rowspan=\"1\">\u00a0 100 \u00d7 100, 180 \u00d7 180<\/td>\n<\/tr>\n<tr>\n<td>\u00a0 Fej t\u00edpusa<\/td>\n<td colspan=\"1\" rowspan=\"1\">\u00a0 K\u00f6nny\u0171 k\u00e9zi<\/td>\n<\/tr>\n<tr>\n<td>\u00a0 H\u0171t\u00e9s t\u00edpusa<\/td>\n<td colspan=\"1\" rowspan=\"1\">\u00a0 Sz\u00e9lh\u0171t\u00e9s<\/td>\n<\/tr>\n<tr>\n<td>\u00a0 L\u00e9zerforr\u00e1s m\u00e1rka<\/td>\n<td colspan=\"1\" rowspan=\"1\">\u00a0 MAX, Raycus, IPG, Reci, Leapion stb.<\/td>\n<\/tr>\n<tr>\n<td>\u00a0 Vez\u00e9rl\u0151pult<\/td>\n<td colspan=\"1\" rowspan=\"1\">\u00a0 \u00c9rint\u0151k\u00e9perny\u0151<\/td>\n<\/tr>\n<tr>\n<td>\u00a0 L\u00e9zerfej \u00fczemm\u00f3d<\/td>\n<td colspan=\"1\" rowspan=\"1\">\u00a0 Manu\u00e1lis\/Automatikus<\/td>\n<\/tr>\n<\/tbody>\n<\/table>\n<\/div>\n<\/div>\n<\/div>\n<\/div>\n<\/div>\n<\/div>\n<div id=\"column_1675500404476\" class=\"col-md-6 col-md-last\" data-type=\"columns\" data-level=\"columns\">\n<div id=\"location_1675500404477\" data-type=\"locations\" data-level=\"rows\">\n<div id=\"component_BGpMOIfQcuJt\" class=\"backstage-stwidgets-settingwrap\">\n<div class=\"sitewidget-graphic sitewidget-graphicNew-20230412153547 sitewidget-olul-liststyle\">\n<div class=\"sitewidget-content\">\n<div class=\"sitewidget-bd fix hasOverflowX\">\n<table border=\"1\" cellspacing=\"1\" cellpadding=\"1\">\n<tbody>\n<tr>\n<td>\u00a0 Maxim\u00e1lis \u00e1tlagos teljes\u00edtm\u00e9ny (W)<\/td>\n<td>\u00a0 100, 200, 300, 500, 1000<\/td>\n<\/tr>\n<tr>\n<td>\u00a0 Teljes\u00edtm\u00e9nytartom\u00e1ny (%)<\/td>\n<td>\u00a0 10 &#8211; 100<\/td>\n<\/tr>\n<tr>\n<td>\u00a0 Kimeneti k\u00f6zponti hull\u00e1mhossz<\/td>\n<td colspan=\"1\" rowspan=\"1\">\u00a0 1080<\/td>\n<\/tr>\n<tr>\n<td>\u00a0 S\u00e1vsz\u00e9less\u00e9g (nm)<\/td>\n<td colspan=\"1\" rowspan=\"1\">\u00a0 4-6<\/td>\n<\/tr>\n<tr>\n<td>\u00a0 Impulzusism\u00e9tl\u00e9si frekvencia (kHz)<\/td>\n<td colspan=\"1\" rowspan=\"1\">\u00a0 20<\/td>\n<\/tr>\n<tr>\n<td>\u00a0 Minim\u00e1lis hajl\u00edt\u00e1si sug\u00e1r (mm)<\/td>\n<td colspan=\"1\" rowspan=\"1\">\u00a0 200<\/td>\n<\/tr>\n<tr>\n<td>\u00a0 Sz\u00e1lhossz (m)<\/td>\n<td colspan=\"1\" rowspan=\"1\">\u00a0 5 vagy 10<\/td>\n<\/tr>\n<tr>\n<td>\u00a0 Rendszer t\u00e1pell\u00e1t\u00e1si k\u00f6vetelm\u00e9ny<\/td>\n<td colspan=\"1\" rowspan=\"1\">\u00a0 220V vagy 380V<\/td>\n<\/tr>\n<tr>\n<td>\u00a0 Energiafogyaszt\u00e1s (W)<\/td>\n<td colspan=\"1\" rowspan=\"1\">\u00a0 &lt; 2000<\/td>\n<\/tr>\n<\/tbody>\n<\/table>\n<\/div>\n<\/div>\n<\/div>\n<\/div>\n<\/div>\n<\/div>\n<\/li>\n<\/ul>\n<h2>Bevezet\u00e9s a hordozhat\u00f3 impulzusl\u00e9zeres tiszt\u00edt\u00f3technol\u00f3gi\u00e1ba<\/h2>\n<p>A hordozhat\u00f3 impulzusl\u00e9zeres tiszt\u00edt\u00f3technol\u00f3gia \u00e1tt\u00f6r\u00e9st jelent a fel\u00fclettiszt\u00edt\u00e1sban, modern megold\u00e1st k\u00edn\u00e1lva, amely fel\u00fclm\u00falja a hagyom\u00e1nyos tiszt\u00edt\u00e1si m\u00f3dszereket. Ez a fejlett technika koncentr\u00e1lt l\u00e9zerf\u00e9ny-impulzusokat alkalmaz a szennyez\u0151d\u00e9sek, p\u00e9ld\u00e1ul a rozsda, a fest\u00e9k \u00e9s egy\u00e9b maradv\u00e1nyok hat\u00e9kony elt\u00e1vol\u00edt\u00e1s\u00e1ra a k\u00fcl\u00f6nb\u00f6z\u0151 fel\u00fcletekr\u0151l. A technol\u00f3gia a fotonika elv\u00e9n alapul, ahol az intenz\u00edv f\u00e9nysugarak molekul\u00e1ris szinten k\u00f6lcs\u00f6nhat\u00e1sba l\u00e9pnek a szennyez\u0151d\u00e9sekkel, felbontj\u00e1k k\u00f6t\u00e9seiket, \u00e9s lehet\u0151v\u00e9 teszik elt\u00e1vol\u00edt\u00e1sukat an\u00e9lk\u00fcl, hogy az alatta l\u00e9v\u0151 anyagot k\u00e1ros\u00edtan\u00e1k.<\/p>\n<p>Az impulzusl\u00e9zerek m\u00f6g\u00f6tt \u00e1ll\u00f3 tudom\u00e1ny azon a k\u00e9pess\u00e9g\u00fck\u00f6n alapul, hogy r\u00f6vid, nagy energi\u00e1j\u00fa, pontosan szab\u00e1lyozott f\u00e9nykit\u00f6r\u00e9seket bocs\u00e1tanak ki. Amikor ezek az impulzusok fel\u00fcletre \u00e9rnek, gyors h\u0151v\u00e1ltoz\u00e1sokat gener\u00e1lnak, ami a nem k\u00edv\u00e1nt anyagok elp\u00e1rolg\u00e1s\u00e1hoz vagy sz\u00e9tt\u00f6redez\u00e9s\u00e9hez vezet, mik\u00f6zben meg\u0151rzi az aljzat \u00e9ps\u00e9g\u00e9t. Ez a pontoss\u00e1g teszi az impulzusl\u00e9zeres tiszt\u00edt\u00e1st hat\u00e9kony m\u00f3dszerr\u00e9 olyan k\u00e9nyes alkalmaz\u00e1sokhoz, ahol m\u00e1s tiszt\u00edt\u00e1si technik\u00e1k k\u00e1rt okozhatnak vagy hat\u00e9konys\u00e1gveszt\u00e9shez vezethetnek.<\/p>\n<p>A l\u00e9zeres tiszt\u00edt\u00e1si technol\u00f3gia egyik legfontosabb el\u0151nye a sokoldal\u00fas\u00e1ga \u00e9s k\u00f6rnyezetbar\u00e1t jellege. A hagyom\u00e1nyos m\u00f3dszerekkel ellent\u00e9tben, amelyek gyakran k\u00e9miai old\u00f3szereket vagy abraz\u00edv anyagokat haszn\u00e1lnak, a l\u00e9zeres tiszt\u00edt\u00e1s kik\u00fcsz\u00f6b\u00f6li a k\u00e1ros anyagok haszn\u00e1lat\u00e1t, \u00edgy biztons\u00e1gosabb v\u00e1laszt\u00e1s mind a kezel\u0151k, mind a k\u00f6rnyezet sz\u00e1m\u00e1ra. Tov\u00e1bb\u00e1 az impulzusl\u00e9zeres tiszt\u00edt\u00f3g\u00e9p hordozhat\u00f3s\u00e1ga kiemelkedik; b\u0151r\u00f6nd form\u00e1j\u00e1ban tervezt\u00e9k, \u00edgy ez a berendez\u00e9s k\u00f6nnyen sz\u00e1ll\u00edthat\u00f3 k\u00fcl\u00f6nb\u00f6z\u0151 helysz\u00ednekre, \u00edgy sz\u00e1mos ipari \u00e9s kereskedelmi k\u00f6rnyezetben haszn\u00e1lhat\u00f3.<\/p>\n<p>L\u00e9nyeg\u00e9ben a hordozhat\u00f3 impulzusl\u00e9zeres tiszt\u00edt\u00f3g\u00e9p jelent\u0151s el\u0151rel\u00e9p\u00e9st jelent a tiszt\u00edt\u00e1si technol\u00f3gi\u00e1ban. A prec\u00edz, hat\u00e9kony tiszt\u00edt\u00e1si eredm\u00e9nyek el\u00e9r\u00e9s\u00e9re val\u00f3 k\u00e9pess\u00e9ge, mik\u00f6zben k\u00f6rnyezetbar\u00e1t \u00e9s k\u00f6nnyen sz\u00e1ll\u00edthat\u00f3, kiemeli a l\u00e9zertiszt\u00edt\u00e1s egyre n\u00f6vekv\u0151 jelent\u0151s\u00e9g\u00e9t a k\u00fcl\u00f6nf\u00e9le tiszt\u00edt\u00e1si alkalmaz\u00e1sokban felmer\u00fcl\u0151 kih\u00edv\u00e1sok kezel\u00e9s\u00e9ben.<\/p>\n<h2>A hordozhat\u00f3 l\u00e9zertiszt\u00edt\u00f3 g\u00e9p alkalmaz\u00e1sai \u00e9s el\u0151nyei<\/h2>\n<p>A hordozhat\u00f3 impulzusl\u00e9zeres tiszt\u00edt\u00f3g\u00e9p sokoldal\u00fas\u00e1g\u00e1nak \u00e9s hat\u00e9konys\u00e1g\u00e1nak k\u00f6sz\u00f6nhet\u0151en sz\u00e1mos ipar\u00e1gban egyre n\u00e9pszer\u0171bb. A gy\u00e1rt\u00e1si szektorban fel\u00fclet-el\u0151k\u00e9sz\u00edt\u00e9sre, rozsdaelt\u00e1vol\u00edt\u00e1sra \u00e9s prec\u00edzi\u00f3s alkatr\u00e9szek t\u00f6rmel\u00e9ktiszt\u00edt\u00e1s\u00e1ra haszn\u00e1lj\u00e1k. Az a k\u00e9pess\u00e9ge, hogy szelekt\u00edven elt\u00e1vol\u00edtja a szennyez\u0151d\u00e9seket an\u00e9lk\u00fcl, hogy az alapul szolg\u00e1l\u00f3 anyagot befoly\u00e1soln\u00e1, felbecs\u00fclhetetlen \u00e9rt\u00e9k\u0171 eszk\u00f6zz\u00e9 teszi a term\u00e9k integrit\u00e1s\u00e1nak \u00e9s min\u0151s\u00e9g\u00e9nek biztos\u00edt\u00e1s\u00e1ban. P\u00e9ld\u00e1ul egy vezet\u0151 gy\u00e1rt\u00f3 l\u00e9zertiszt\u00edt\u00e1st alkalmazott a fel\u00fcleti tapad\u00e1s jav\u00edt\u00e1s\u00e1ra a bevonatol\u00e1si alkalmaz\u00e1sokban, ami a term\u00e9k teljes\u00edtm\u00e9ny\u00e9nek javul\u00e1s\u00e1hoz vezetett.<\/p>\n<p>Az aut\u00f3iparban a l\u00e9zeres tiszt\u00edt\u00e1si technol\u00f3gia seg\u00edti a r\u00e9gi aut\u00f3alkatr\u00e9szek \u00e9s r\u00e9szegys\u00e9gek fel\u00faj\u00edt\u00e1s\u00e1t, k\u00f6lts\u00e9ghat\u00e9kony alternat\u00edv\u00e1t k\u00edn\u00e1lva a hagyom\u00e1nyos abraz\u00edv tiszt\u00edt\u00e1si m\u00f3dszerekhez k\u00e9pest. A fest\u00e9k, a zs\u00edr \u00e9s a rozsda hat\u00e9kony elt\u00e1vol\u00edt\u00e1s\u00e1val meghosszabb\u00edtja az alkatr\u00e9szek \u00e9lettartam\u00e1t, hozz\u00e1j\u00e1rulva az \u00e1gazat fenntarthat\u00f3s\u00e1gi er\u0151fesz\u00edt\u00e9seihez. Egy figyelemre m\u00e9lt\u00f3 eset egy klasszikus aut\u00f3alkatr\u00e9szek restaur\u00e1l\u00e1si projektje volt, ahol a l\u00e9zeres tiszt\u00edt\u00e1s kiv\u00e1l\u00f3nak bizonyult az eredeti forma \u00e9s anyagtulajdons\u00e1gok meg\u0151rz\u00e9s\u00e9ben, ami kulcsfontoss\u00e1g\u00fa volt a t\u00f6rt\u00e9nelmi h\u0171s\u00e9g szempontj\u00e1b\u00f3l.<\/p>\n<p>A kultur\u00e1lis \u00f6r\u00f6ks\u00e9gv\u00e9delmi szektor is \u00e1tvette a hordozhat\u00f3 l\u00e9zeres tiszt\u00edt\u00f3g\u00e9pek haszn\u00e1lat\u00e1t, k\u00fcl\u00f6n\u00f6sen a k\u00e9nyes m\u0171t\u00e1rgyak \u00e9s t\u00f6rt\u00e9nelmi \u00e9p\u00fcletek restaur\u00e1l\u00e1s\u00e1n\u00e1l. A k\u00e9miai m\u00f3dszerekkel ellent\u00e9tben a l\u00e9zeres tiszt\u00edt\u00e1s minimaliz\u00e1lja a m\u0171alkot\u00e1sok k\u00e1rosod\u00e1s\u00e1nak kock\u00e1zat\u00e1t, mik\u00f6zben hat\u00e9konyan elt\u00e1vol\u00edtja az id\u0151vel felhalmoz\u00f3dott szennyez\u0151d\u00e9sek r\u00e9tegeit. Kiemelked\u0151 p\u00e9lda erre a t\u00f6rt\u00e9nelmi eml\u00e9km\u0171vek restaur\u00e1l\u00e1sa, ahol a l\u00e9zeres tiszt\u00edt\u00e1s meg\u0151rzi azokat a bonyolult r\u00e9szleteket, amelyek egy\u00e9bk\u00e9nt elveszn\u00e9nek a durv\u00e1bb kezel\u00e9sek sor\u00e1n.<\/p>\n<p>M\u00e9g a h\u00e1ztart\u00e1si alkalmaz\u00e1sokban is egyre praktikusabb megold\u00e1sk\u00e9nt jelenik meg a l\u00e9zeres tiszt\u00edt\u00e1s olyan feladatokhoz, mint a graffiti elt\u00e1vol\u00edt\u00e1sa vagy a k\u00fclt\u00e9ri b\u00fatorok tiszt\u00edt\u00e1sa. Ezeknek a g\u00e9peknek a hordozhat\u00f3s\u00e1ga k\u00f6nny\u0171 haszn\u00e1latot \u00e9s rugalmass\u00e1got biztos\u00edt, lehet\u0151v\u00e9 t\u00e9ve a tiszt\u00edt\u00e1st v\u00e1ltozatos k\u00f6rnyezetekben an\u00e9lk\u00fcl, hogy kiterjedt el\u0151k\u00e9sz\u00fcletekre lenne sz\u00fcks\u00e9g.<\/p>\n<p>A hordozhat\u00f3 l\u00e9zertiszt\u00edt\u00f3 g\u00e9pek egyik kiemelked\u0151 el\u0151nye a k\u00f6rnyezetbar\u00e1t megk\u00f6zel\u00edt\u00e9s\u00fck. Minim\u00e1lis hullad\u00e9kot termelnek, \u00e9s kik\u00fcsz\u00f6b\u00f6lik a durva vegyszerek haszn\u00e1lat\u00e1t, \u00f6sszhangban a modern \u00f6kol\u00f3giai szabv\u00e1nyokkal. Ezenk\u00edv\u00fcl jelent\u0151s id\u0151megtakar\u00edt\u00e1st mutatnak, mivel a munkaig\u00e9nyes tiszt\u00edt\u00e1si folyamatok egyszer\u0171s\u00edthet\u0151k, n\u00f6velve az \u00e1ltal\u00e1nos termel\u00e9kenys\u00e9get. A fokozott biztons\u00e1gi profil is megk\u00fcl\u00f6nb\u00f6zteti \u0151ket a hagyom\u00e1nyos m\u00f3dszerekt\u0151l, cs\u00f6kkentve a s\u00e9r\u00fcl\u00e9s vagy a vesz\u00e9lyes anyagoknak val\u00f3 kitetts\u00e9g kock\u00e1zat\u00e1t. \u00d6sszess\u00e9g\u00e9ben a hordozhat\u00f3 impulzusl\u00e9zeres tiszt\u00edt\u00f3g\u00e9p t\u00f6bb \u00e1gazatban is \u00e1talak\u00edtja a tiszt\u00edt\u00e1si folyamatokat, tiszt\u00e1bb \u00e9s hat\u00e9konyabb j\u00f6v\u0151t \u00edg\u00e9rve.<\/p>","protected":false},"excerpt":{"rendered":"<p>Product Details: \u00a0\u00a0Mode \u00a0\u00a0DT-\u00a0Laser Cleaning Machine QXS\u00a0 \u00a0 Laser Type \u00a0 Pulse Laser \u00a0 Fiber Laser Power \u00a0 100w-1000w \u00a0 Laser head scanning range \u00a0 100 \u00d7 100\u3001180 \u00d7 180 \u00a0 Head Type \u00a0 LightWeight Handheld \u00a0 Cooling Type \u00a0 Wind Cooling \u00a0 Laser Source Brand \u00a0 MAX, Raycus, IPG, Reci, Leapion, etc. \u00a0 Control [&hellip;]<\/p>\n","protected":false},"featured_media":3471,"comment_status":"open","ping_status":"closed","template":"","meta":{"_uag_custom_page_level_css":"","site-sidebar-layout":"default","site-content-layout":"","ast-site-content-layout":"default","site-content-style":"default","site-sidebar-style":"default","ast-global-header-display":"","ast-banner-title-visibility":"","ast-main-header-display":"","ast-hfb-above-header-display":"","ast-hfb-below-header-display":"","ast-hfb-mobile-header-display":"","site-post-title":"","ast-breadcrumbs-content":"","ast-featured-img":"","footer-sml-layout":"","theme-transparent-header-meta":"default","adv-header-id-meta":"","stick-header-meta":"","header-above-stick-meta":"","header-main-stick-meta":"","header-below-stick-meta":"","astra-migrate-meta-layouts":"set","ast-page-background-enabled":"default","ast-page-background-meta":{"desktop":{"background-color":"","background-image":"","background-repeat":"repeat","background-position":"center center","background-size":"auto","background-attachment":"scroll","background-type":"","background-media":"","overlay-type":"","overlay-color":"","overlay-opacity":"","overlay-gradient":""},"tablet":{"background-color":"","background-image":"","background-repeat":"repeat","background-position":"center center","background-size":"auto","background-attachment":"scroll","background-type":"","background-media":"","overlay-type":"","overlay-color":"","overlay-opacity":"","overlay-gradient":""},"mobile":{"background-color":"","background-image":"","background-repeat":"repeat","background-position":"center center","background-size":"auto","background-attachment":"scroll","background-type":"","background-media":"","overlay-type":"","overlay-color":"","overlay-opacity":"","overlay-gradient":""}},"ast-content-background-meta":{"desktop":{"background-color":"var(--ast-global-color-5)","background-image":"","background-repeat":"repeat","background-position":"center center","background-size":"auto","background-attachment":"scroll","background-type":"","background-media":"","overlay-type":"","overlay-color":"","overlay-opacity":"","overlay-gradient":""},"tablet":{"background-color":"var(--ast-global-color-5)","background-image":"","background-repeat":"repeat","background-position":"center center","background-size":"auto","background-attachment":"scroll","background-type":"","background-media":"","overlay-type":"","overlay-color":"","overlay-opacity":"","overlay-gradient":""},"mobile":{"background-color":"var(--ast-global-color-5)","background-image":"","background-repeat":"repeat","background-position":"center center","background-size":"auto","background-attachment":"scroll","background-type":"","background-media":"","overlay-type":"","overlay-color":"","overlay-opacity":"","overlay-gradient":""}}},"product_brand":[],"product_cat":[28,121,123,30],"product_tag":[],"class_list":{"0":"post-2504","1":"product","2":"type-product","3":"status-publish","4":"has-post-thumbnail","6":"product_cat-laser-cleaning-machine","7":"product_cat-lezergepek","8":"product_cat-lezertisztito-gepek","9":"product_cat-machine-spotlight","10":"product_shipping_class-medium-sized-packages","11":"desktop-align-center","12":"tablet-align-left","13":"mobile-align-left","15":"first","16":"instock","17":"taxable","18":"shipping-taxable","19":"purchasable","20":"product-type-variable"},"uagb_featured_image_src":{"full":["https:\/\/pionlux.eu\/wp-content\/uploads\/2024\/11\/crop_1744710412205.webp",1809,1809,false],"thumbnail":["https:\/\/pionlux.eu\/wp-content\/uploads\/2024\/11\/crop_1744710412205-150x150.webp",150,150,true],"medium":["https:\/\/pionlux.eu\/wp-content\/uploads\/2024\/11\/crop_1744710412205-300x300.webp",300,300,true],"medium_large":["https:\/\/pionlux.eu\/wp-content\/uploads\/2024\/11\/crop_1744710412205-768x768.webp",768,768,true],"large":["https:\/\/pionlux.eu\/wp-content\/uploads\/2024\/11\/crop_1744710412205-1024x1024.webp",1024,1024,true],"1536x1536":["https:\/\/pionlux.eu\/wp-content\/uploads\/2024\/11\/crop_1744710412205-1536x1536.webp",1536,1536,true],"2048x2048":["https:\/\/pionlux.eu\/wp-content\/uploads\/2024\/11\/crop_1744710412205.webp",1809,1809,false],"trp-custom-language-flag":["https:\/\/pionlux.eu\/wp-content\/uploads\/2024\/11\/crop_1744710412205.webp",12,12,false],"woocommerce_thumbnail":["https:\/\/pionlux.eu\/wp-content\/uploads\/2024\/11\/crop_1744710412205-300x300.webp",300,300,true],"woocommerce_single":["https:\/\/pionlux.eu\/wp-content\/uploads\/2024\/11\/crop_1744710412205-600x600.webp",600,600,true],"woocommerce_gallery_thumbnail":["https:\/\/pionlux.eu\/wp-content\/uploads\/2024\/11\/crop_1744710412205-100x100.webp",100,100,true]},"uagb_author_info":{"display_name":"Benjamin","author_link":"https:\/\/pionlux.eu\/hu\/author\/"},"uagb_comment_info":0,"uagb_excerpt":"Product Details: \u00a0\u00a0Mode \u00a0\u00a0DT-\u00a0Laser Cleaning Machine QXS\u00a0 \u00a0 Laser Type \u00a0 Pulse Laser \u00a0 Fiber Laser Power \u00a0 100w-1000w \u00a0 Laser head scanning range \u00a0 100 \u00d7 100\u3001180 \u00d7 180 \u00a0 Head Type \u00a0 LightWeight Handheld \u00a0 Cooling Type \u00a0 Wind Cooling \u00a0 Laser Source Brand \u00a0 MAX, Raycus, IPG, Reci, Leapion, etc. \u00a0 Control&hellip;","_links":{"self":[{"href":"https:\/\/pionlux.eu\/hu\/wp-json\/wp\/v2\/product\/2504","targetHints":{"allow":["GET"]}}],"collection":[{"href":"https:\/\/pionlux.eu\/hu\/wp-json\/wp\/v2\/product"}],"about":[{"href":"https:\/\/pionlux.eu\/hu\/wp-json\/wp\/v2\/types\/product"}],"replies":[{"embeddable":true,"href":"https:\/\/pionlux.eu\/hu\/wp-json\/wp\/v2\/comments?post=2504"}],"wp:featuredmedia":[{"embeddable":true,"href":"https:\/\/pionlux.eu\/hu\/wp-json\/wp\/v2\/media\/3471"}],"wp:attachment":[{"href":"https:\/\/pionlux.eu\/hu\/wp-json\/wp\/v2\/media?parent=2504"}],"wp:term":[{"taxonomy":"product_brand","embeddable":true,"href":"https:\/\/pionlux.eu\/hu\/wp-json\/wp\/v2\/product_brand?post=2504"},{"taxonomy":"product_cat","embeddable":true,"href":"https:\/\/pionlux.eu\/hu\/wp-json\/wp\/v2\/product_cat?post=2504"},{"taxonomy":"product_tag","embeddable":true,"href":"https:\/\/pionlux.eu\/hu\/wp-json\/wp\/v2\/product_tag?post=2504"}],"curies":[{"name":"munkaf\u00fczet","href":"https:\/\/api.w.org\/{rel}","templated":true}]}}