{"id":2512,"date":"2024-11-18T14:26:19","date_gmt":"2024-11-18T14:26:19","guid":{"rendered":"https:\/\/pionlux.eu\/?post_type=product&#038;p=2512"},"modified":"2026-04-27T15:06:27","modified_gmt":"2026-04-27T15:06:27","slug":"lf-t-standard-fiber-laser-tube-cutting-machine","status":"publish","type":"product","link":"https:\/\/pionlux.eu\/hu\/termek\/lf-t-standard-fiber-laser-tube-cutting-machine\/","title":{"rendered":"LF-T standard sz\u00e1las l\u00e9zeres cs\u0151v\u00e1g\u00f3 g\u00e9p"},"content":{"rendered":"<h2>Term\u00e9kadatok:<\/h2>\n<ul>\n<li>\n<table border=\"1\" cellspacing=\"5\" cellpadding=\"1\">\n<thead>\n<tr>\n<th scope=\"col\">\u00a0 M\u00f3d<\/th>\n<th scope=\"col\">\u00a0 LF-6024T<\/th>\n<th scope=\"col\">\u00a0 LF-6035T<\/th>\n<\/tr>\n<\/thead>\n<tbody>\n<tr>\n<td>\u00a0 Minim\u00e1lis \u00e1tm\u00e9r\u0151<\/td>\n<td>\u00a0\u00a0\u03a620mm \u25a120mm<\/td>\n<td>\u00a0\u00a0\u03a620mm \u25a120mm<\/td>\n<\/tr>\n<tr>\n<td>\u00a0 Max. \u00e1tm\u00e9r\u0151<\/td>\n<td>\u00a0 \u03a6240mm \u25a1240mm<\/td>\n<td>\u00a0 \u03a6350mm \u25a1350mm<\/td>\n<\/tr>\n<tr>\n<td>\u00a0 L\u00e9zer t\u00e1pegys\u00e9g<\/td>\n<td colspan=\"2\" rowspan=\"1\">\u00a0 1500 W, 2000 W, 3000 W, 6000 W<\/td>\n<\/tr>\n<tr>\n<td>\u00a0 Maxim\u00e1lis gyorsul\u00e1s<\/td>\n<td colspan=\"2\" rowspan=\"1\">\u00a0 1,5G<\/td>\n<\/tr>\n<tr>\n<td>\u00a0 Pozicion\u00e1l\u00e1si pontoss\u00e1g<\/td>\n<td colspan=\"2\" rowspan=\"1\">\u00a0 \u00b10,03 mm<\/td>\n<\/tr>\n<tr>\n<td>\u00a0 Fesz\u00fclts\u00e9g<\/td>\n<td colspan=\"2\" rowspan=\"1\">\u00a0 380V 3PH 50\/60HZ<\/td>\n<\/tr>\n<tr>\n<td>\u00a0 Tokm\u00e1ny sebess\u00e9ge<\/td>\n<td colspan=\"2\" rowspan=\"1\">\u00a0 60 fordulat\/perc<\/td>\n<\/tr>\n<tr>\n<td>\u00a0 Opcion\u00e1lis tartoz\u00e9kok<\/td>\n<td colspan=\"2\" rowspan=\"1\">\u00a0 L\u00e9gkondicion\u00e1l\u00f3, F\u00fcsttiszt\u00edt\u00f3, L\u00e9gkompresszor, Fesz\u00fclts\u00e9gszab\u00e1lyoz\u00f3, Biztons\u00e1gi f\u00e9nyf\u00fcgg\u00f6ny<\/td>\n<\/tr>\n<\/tbody>\n<\/table>\n<\/li>\n<\/ul>\n<h2>A sz\u00e1las l\u00e9zertechnol\u00f3gia meg\u00e9rt\u00e9se<\/h2>\n<p>A sz\u00e1las l\u00e9zertechnol\u00f3gia jelent\u0151s el\u0151rel\u00e9p\u00e9st jelent a l\u00e9zerv\u00e1g\u00e1s ter\u00fclet\u00e9n, k\u00fcl\u00f6n\u00f6sen a cs\u00f6vek \u00e9s cs\u0151vezet\u00e9kek eset\u00e9ben. A sz\u00e1las l\u00e9zerek m\u00f6g\u00f6tti elv egy szil\u00e1rdtest k\u00f6zeg \u2013 egy ritkaf\u00f6ldf\u00e9mekkel, jellemz\u0151en itterbiummal adal\u00e9kolt \u00fcvegsz\u00e1l \u2013 haszn\u00e1lat\u00e1t foglalja mag\u00e1ban. Ez a kialak\u00edt\u00e1s jobb hat\u00e9konys\u00e1got \u00e9s eredm\u00e9nyesebb\u00e9 teszi a hagyom\u00e1nyos l\u00e9zerforr\u00e1sokhoz, p\u00e9ld\u00e1ul a CO2-l\u00e9zerekhez k\u00e9pest. A sz\u00e1las l\u00e9zer \u00e1ltal el\u0151\u00e1ll\u00edtott f\u00e9ny mag\u00e1ban a sz\u00e1lban keletkezik, ami egy kompakt \u00e9s robusztus rendszert tesz lehet\u0151v\u00e9, amely k\u00e9pes nagy koncentr\u00e1ci\u00f3j\u00fa nyal\u00e1bok el\u0151\u00e1ll\u00edt\u00e1s\u00e1ra k\u00fcl\u00f6nb\u00f6z\u0151 hull\u00e1mhosszakon.<\/p>\n<p>A sz\u00e1las l\u00e9zertechnol\u00f3gia el\u0151nyei a cs\u0151- \u00e9s cs\u0151vezet\u00e9k-v\u00e1g\u00e1sban sokr\u00e9t\u0171ek. A sz\u00e1las l\u00e9zerek els\u0151sorban kiv\u00e9teles v\u00e1g\u00e1si sebess\u00e9g\u00fckr\u0151l \u00e9s pontoss\u00e1gukr\u00f3l ismertek, ami az ipari alkalmaz\u00e1sokban fokozott termel\u00e9kenys\u00e9get eredm\u00e9nyez. A f\u00f3kusz\u00e1lt l\u00e9zersug\u00e1r tiszta v\u00e1g\u00e1sokat tesz lehet\u0151v\u00e9 minim\u00e1lis h\u0151torzul\u00e1ssal, cs\u00f6kkentve a kiterjedt ut\u00f3megmunk\u00e1l\u00e1s sz\u00fcks\u00e9gess\u00e9g\u00e9t. Ez k\u00fcl\u00f6n\u00f6sen el\u0151ny\u00f6s f\u00e9mek, p\u00e9ld\u00e1ul ac\u00e9l, alum\u00ednium \u00e9s tit\u00e1n megmunk\u00e1l\u00e1sakor, amelyeket sz\u00e9les k\u00f6rben haszn\u00e1lnak az ipari szektorban.<\/p>\n<p>Egy m\u00e1sik jelent\u0151s el\u0151ny a bonyolult form\u00e1k \u00e9s mint\u00e1k nagy ism\u00e9tl\u00e9si pontoss\u00e1ggal \u00e9s pontoss\u00e1ggal t\u00f6rt\u00e9n\u0151 v\u00e1g\u00e1s\u00e1nak k\u00e9pess\u00e9ge. A hagyom\u00e1nyos v\u00e1g\u00e1si m\u00f3dszerekkel ellent\u00e9tben, amelyek bonyolult be\u00e1ll\u00edt\u00e1sokat \u00e9s be\u00e1ll\u00edt\u00e1sokat ig\u00e9nyelhetnek, a sz\u00e1las l\u00e9zerek figyelemre m\u00e9lt\u00f3 alkalmazkod\u00f3k\u00e9pess\u00e9ggel k\u00e9pesek alkalmazkodni a k\u00fcl\u00f6nb\u00f6z\u0151 anyagvastags\u00e1gokhoz \u00e9s -t\u00edpusokhoz. Ez a rugalmass\u00e1g elengedhetetlen azokban az ipar\u00e1gakban, ahol a testreszab\u00e1s \u00e9s a gyors protot\u00edpusk\u00e9sz\u00edt\u00e9s l\u00e9tfontoss\u00e1g\u00fa, lehet\u0151v\u00e9 t\u00e9ve a gy\u00e1rt\u00f3k sz\u00e1m\u00e1ra, hogy hat\u00e9konyan megfeleljenek az \u00fcgyfelek egyedi ig\u00e9nyeinek.<\/p>\n<p>A sz\u00e1las l\u00e9zertechnol\u00f3gia leg\u00fajabb fejleszt\u00e9sei tov\u00e1bb n\u00f6velt\u00e9k a technol\u00f3gia k\u00e9pess\u00e9geit. Az olyan innov\u00e1ci\u00f3k, mint a t\u00f6bb kilowattos sz\u00e1las l\u00e9zerek \u00e9s az adapt\u00edv v\u00e1g\u00e1si technik\u00e1k, jelent\u0151sen megn\u00f6velt\u00e9k a v\u00e1g\u00e1si sebess\u00e9get, mik\u00f6zben meg\u0151rizt\u00e9k a hajsz\u00e1lpontoss\u00e1got. Az automatiz\u00e1lt rendszerek sz\u00e1las l\u00e9zerekkel val\u00f3 integr\u00e1ci\u00f3ja a jobb munkafolyamat-kezel\u00e9st is megk\u00f6nny\u00edti, \u00edgy optim\u00e1lis v\u00e1laszt\u00e1st jelentenek a modern gy\u00e1rt\u00e1si k\u00f6rnyezetekben. \u00cdgy a sz\u00e1las l\u00e9zerv\u00e1g\u00f3 g\u00e9pek bevezet\u00e9se jelent\u0151sen emeli a m\u0171k\u00f6d\u00e9si hat\u00e9konys\u00e1g \u00e9s a term\u00e9kmin\u0151s\u00e9g sz\u00ednvonal\u00e1t a cs\u0151- \u00e9s cs\u0151v\u00e1g\u00f3 iparban.<\/p>\n<h2>A sz\u00e1las l\u00e9zeres cs\u0151v\u00e1g\u00f3 g\u00e9pek el\u0151nyei \u00e9s alkalmaz\u00e1sai<\/h2>\n<p>A sz\u00e1las l\u00e9zeres cs\u0151v\u00e1g\u00f3 g\u00e9pek \u00e1talak\u00edt\u00f3 technol\u00f3gi\u00e1v\u00e1 v\u00e1ltak sz\u00e1mos ipar\u00e1gban, sz\u00e1mos el\u0151nnyel j\u00e1rva, amelyek n\u00f6velik a termel\u00e9si hat\u00e9konys\u00e1got. Az egyik legjelent\u0151sebb el\u0151ny\u00fck a nagy v\u00e1g\u00e1si sebess\u00e9g. Ezek a g\u00e9pek gyors feldolgoz\u00e1si id\u0151ket \u00e9rhetnek el, lehet\u0151v\u00e9 t\u00e9ve a gy\u00e1rt\u00f3k sz\u00e1m\u00e1ra, hogy a min\u0151s\u00e9g fel\u00e1ldoz\u00e1sa n\u00e9lk\u00fcl megfeleljenek a n\u00f6vekv\u0151 termel\u00e9si ig\u00e9nyeknek. A figyelemre m\u00e9lt\u00f3 sebess\u00e9g, a folyamatos m\u0171k\u00f6d\u00e9s k\u00e9pess\u00e9g\u00e9vel p\u00e1rosulva, jelent\u0151sen n\u00f6veli az \u00f6ssztermel\u00e9kenys\u00e9get.<\/p>\n<p>A sebess\u00e9g mellett a kiv\u00e9teles pontoss\u00e1g is a sz\u00e1las l\u00e9zertechnol\u00f3gia egyik jellemz\u0151je. Ezek a g\u00e9pek fejlett optikai rendszereket haszn\u00e1lnak a prec\u00edz v\u00e1g\u00e1sok elv\u00e9gz\u00e9s\u00e9hez, minimaliz\u00e1lva a hibahat\u00e1rt, \u00e9s biztos\u00edtva, hogy a v\u00e9gterm\u00e9kek k\u00f6vetkezetesen megfeleljenek a szigor\u00fa el\u0151\u00edr\u00e1soknak. Ez a pontoss\u00e1gi szint k\u00fcl\u00f6n\u00f6sen el\u0151ny\u00f6s olyan ipar\u00e1gakban, mint a rep\u00fcl\u0151g\u00e9pipar \u00e9s az aut\u00f3ipar, ahol a t\u0171r\u00e9sek kritikus fontoss\u00e1g\u00faak, \u00e9s b\u00e1rmilyen elt\u00e9r\u00e9s k\u00f6lts\u00e9ges \u00e1tdolgoz\u00e1shoz vagy az alkatr\u00e9szek meghib\u00e1sod\u00e1s\u00e1hoz vezethet.<\/p>\n<p>Egy m\u00e1sik figyelemre m\u00e9lt\u00f3 el\u0151ny a sz\u00e1las l\u00e9zeres cs\u0151v\u00e1g\u00e1ssal j\u00e1r\u00f3 cs\u00f6kkentett anyagvesztes\u00e9g. A f\u00f3kusz\u00e1lt l\u00e9zersug\u00e1r biztos\u00edtja a rendk\u00edv\u00fcl tiszta v\u00e1g\u00e1sokat, ami kevesebb hullad\u00e9kanyagot eredm\u00e9nyez. Ez a hat\u00e9konys\u00e1g nemcsak a nyersanyagk\u00f6lts\u00e9geket cs\u00f6kkenti, hanem el\u0151seg\u00edti a k\u00f6rnyezeti fenntarthat\u00f3s\u00e1got is, ami egyre fontosabb szempont a modern gy\u00e1rt\u00e1si gyakorlatban.<\/p>\n<p>A sz\u00e1las l\u00e9zerg\u00e9pek hossz\u00fa \u00e9lettartama \u00e9s alacsony karbantart\u00e1si ig\u00e9nyei tov\u00e1bb cs\u00f6kkentik az \u00fczemeltet\u00e9si k\u00f6lts\u00e9geket. A hagyom\u00e1nyos v\u00e1g\u00f3technol\u00f3gi\u00e1khoz k\u00e9pest kevesebb mozg\u00f3 alkatr\u00e9sznek k\u00f6sz\u00f6nhet\u0151en ezek a g\u00e9pek kisebb kop\u00e1ssal \u00e9s elhaszn\u00e1l\u00f3d\u00e1ssal k\u00fczdenek, ami alacsonyabb karbantart\u00e1si k\u00f6lts\u00e9geket eredm\u00e9nyez.<\/p>\n<p>Az olyan ipar\u00e1gak, mint a gy\u00e1rt\u00e1s, az aut\u00f3ipar \u00e9s a rep\u00fcl\u0151g\u00e9pipar, sz\u00e9les k\u00f6rben haszn\u00e1lnak sz\u00e1las l\u00e9zeres cs\u0151v\u00e1g\u00f3 g\u00e9peket t\u00f6bbek k\u00f6z\u00f6tt kipufog\u00f3rendszerek, szerkezeti alkatr\u00e9szek \u00e9s bonyolult cs\u0151konfigur\u00e1ci\u00f3k gy\u00e1rt\u00e1s\u00e1hoz. Ahogy a testreszab\u00e1s \u00e9s a gyors protot\u00edpusgy\u00e1rt\u00e1s ir\u00e1nti ig\u00e9ny n\u00f6vekszik, a sz\u00e1las l\u00e9zeres g\u00e9pek v\u00e1rhat\u00f3an fejl\u0151dni fognak, olyan fejlett funkci\u00f3kat be\u00e9p\u00edtve, mint az automatiz\u00e1l\u00e1s \u00e9s az intelligens technol\u00f3gia a m\u0171k\u00f6d\u00e9s egyszer\u0171s\u00edt\u00e9se \u00e9rdek\u00e9ben. Ahogy ezek az ipar\u00e1gak tov\u00e1bbra is az innov\u00e1ci\u00f3t alkalmazz\u00e1k, a sz\u00e1las l\u00e9zeres cs\u0151v\u00e1g\u00f3 g\u00e9pek kulcsszerepet j\u00e1tszanak majd a hat\u00e9konys\u00e1g n\u00f6vel\u00e9s\u00e9ben \u00e9s a j\u00f6v\u0151beli n\u00f6veked\u00e9s el\u0151seg\u00edt\u00e9s\u00e9ben.<\/p>","protected":false},"excerpt":{"rendered":"<p>Product Details: \u00a0 Mode \u00a0 LF-6024T \u00a0 LF-6035T \u00a0 Min Diameter \u00a0\u00a0\u03a620mm \u25a120mm \u00a0\u00a0\u03a620mm \u25a120mm \u00a0 Max Diameter \u00a0 \u03a6240mm \u25a1240mm \u00a0 \u03a6350mm \u25a1350mm \u00a0 Laser Power Supply \u00a0 1500w, 2000w, 3000w, 6000w \u00a0 Maximum Acceleration \u00a0 1.5G \u00a0 Positioning Accuracy \u00a0 \u00b10.03mm \u00a0 Voltage \u00a0 380V 3PH50\/60HZ \u00a0 Chuck Speed \u00a0 60r\/min \u00a0 Upgrade [&hellip;]<\/p>\n","protected":false},"featured_media":2516,"comment_status":"open","ping_status":"closed","template":"","meta":{"_uag_custom_page_level_css":"","site-sidebar-layout":"default","site-content-layout":"","ast-site-content-layout":"default","site-content-style":"default","site-sidebar-style":"default","ast-global-header-display":"","ast-banner-title-visibility":"","ast-main-header-display":"","ast-hfb-above-header-display":"","ast-hfb-below-header-display":"","ast-hfb-mobile-header-display":"","site-post-title":"","ast-breadcrumbs-content":"","ast-featured-img":"","footer-sml-layout":"","theme-transparent-header-meta":"default","adv-header-id-meta":"","stick-header-meta":"","header-above-stick-meta":"","header-main-stick-meta":"","header-below-stick-meta":"","astra-migrate-meta-layouts":"set","ast-page-background-enabled":"default","ast-page-background-meta":{"desktop":{"background-color":"","background-image":"","background-repeat":"repeat","background-position":"center center","background-size":"auto","background-attachment":"scroll","background-type":"","background-media":"","overlay-type":"","overlay-color":"","overlay-opacity":"","overlay-gradient":""},"tablet":{"background-color":"","background-image":"","background-repeat":"repeat","background-position":"center center","background-size":"auto","background-attachment":"scroll","background-type":"","background-media":"","overlay-type":"","overlay-color":"","overlay-opacity":"","overlay-gradient":""},"mobile":{"background-color":"","background-image":"","background-repeat":"repeat","background-position":"center center","background-size":"auto","background-attachment":"scroll","background-type":"","background-media":"","overlay-type":"","overlay-color":"","overlay-opacity":"","overlay-gradient":""}},"ast-content-background-meta":{"desktop":{"background-color":"var(--ast-global-color-5)","background-image":"","background-repeat":"repeat","background-position":"center center","background-size":"auto","background-attachment":"scroll","background-type":"","background-media":"","overlay-type":"","overlay-color":"","overlay-opacity":"","overlay-gradient":""},"tablet":{"background-color":"var(--ast-global-color-5)","background-image":"","background-repeat":"repeat","background-position":"center center","background-size":"auto","background-attachment":"scroll","background-type":"","background-media":"","overlay-type":"","overlay-color":"","overlay-opacity":"","overlay-gradient":""},"mobile":{"background-color":"var(--ast-global-color-5)","background-image":"","background-repeat":"repeat","background-position":"center center","background-size":"auto","background-attachment":"scroll","background-type":"","background-media":"","overlay-type":"","overlay-color":"","overlay-opacity":"","overlay-gradient":""}}},"product_brand":[],"product_cat":[17,121,122],"product_tag":[],"class_list":{"0":"post-2512","1":"product","2":"type-product","3":"status-publish","4":"has-post-thumbnail","6":"product_cat-laser-cutting-machine","7":"product_cat-lezergepek","8":"product_cat-lezervago-gepek","9":"product_shipping_class-heavy-packages","10":"desktop-align-center","11":"tablet-align-left","12":"mobile-align-left","14":"first","15":"instock","16":"taxable","17":"shipping-taxable","18":"purchasable","19":"product-type-variable"},"uagb_featured_image_src":{"full":["https:\/\/pionlux.eu\/wp-content\/uploads\/2024\/11\/02-02-PF-BT-1-5_2.jpg",700,700,false],"thumbnail":["https:\/\/pionlux.eu\/wp-content\/uploads\/2024\/11\/02-02-PF-BT-1-5_2-150x150.jpg",150,150,true],"medium":["https:\/\/pionlux.eu\/wp-content\/uploads\/2024\/11\/02-02-PF-BT-1-5_2-300x300.jpg",300,300,true],"medium_large":["https:\/\/pionlux.eu\/wp-content\/uploads\/2024\/11\/02-02-PF-BT-1-5_2.jpg",700,700,false],"large":["https:\/\/pionlux.eu\/wp-content\/uploads\/2024\/11\/02-02-PF-BT-1-5_2.jpg",700,700,false],"1536x1536":["https:\/\/pionlux.eu\/wp-content\/uploads\/2024\/11\/02-02-PF-BT-1-5_2.jpg",700,700,false],"2048x2048":["https:\/\/pionlux.eu\/wp-content\/uploads\/2024\/11\/02-02-PF-BT-1-5_2.jpg",700,700,false],"trp-custom-language-flag":["https:\/\/pionlux.eu\/wp-content\/uploads\/2024\/11\/02-02-PF-BT-1-5_2.jpg",12,12,false],"woocommerce_thumbnail":["https:\/\/pionlux.eu\/wp-content\/uploads\/2024\/11\/02-02-PF-BT-1-5_2-300x300.jpg",300,300,true],"woocommerce_single":["https:\/\/pionlux.eu\/wp-content\/uploads\/2024\/11\/02-02-PF-BT-1-5_2-600x600.jpg",600,600,true],"woocommerce_gallery_thumbnail":["https:\/\/pionlux.eu\/wp-content\/uploads\/2024\/11\/02-02-PF-BT-1-5_2-100x100.jpg",100,100,true]},"uagb_author_info":{"display_name":"Benjamin","author_link":"https:\/\/pionlux.eu\/hu\/author\/"},"uagb_comment_info":0,"uagb_excerpt":"Product Details: \u00a0 Mode \u00a0 LF-6024T \u00a0 LF-6035T \u00a0 Min Diameter \u00a0\u00a0\u03a620mm \u25a120mm \u00a0\u00a0\u03a620mm \u25a120mm \u00a0 Max Diameter \u00a0 \u03a6240mm \u25a1240mm \u00a0 \u03a6350mm \u25a1350mm \u00a0 Laser Power Supply \u00a0 1500w, 2000w, 3000w, 6000w \u00a0 Maximum Acceleration \u00a0 1.5G \u00a0 Positioning Accuracy \u00a0 \u00b10.03mm \u00a0 Voltage \u00a0 380V 3PH50\/60HZ \u00a0 Chuck Speed \u00a0 60r\/min \u00a0 Upgrade&hellip;","_links":{"self":[{"href":"https:\/\/pionlux.eu\/hu\/wp-json\/wp\/v2\/product\/2512","targetHints":{"allow":["GET"]}}],"collection":[{"href":"https:\/\/pionlux.eu\/hu\/wp-json\/wp\/v2\/product"}],"about":[{"href":"https:\/\/pionlux.eu\/hu\/wp-json\/wp\/v2\/types\/product"}],"replies":[{"embeddable":true,"href":"https:\/\/pionlux.eu\/hu\/wp-json\/wp\/v2\/comments?post=2512"}],"wp:featuredmedia":[{"embeddable":true,"href":"https:\/\/pionlux.eu\/hu\/wp-json\/wp\/v2\/media\/2516"}],"wp:attachment":[{"href":"https:\/\/pionlux.eu\/hu\/wp-json\/wp\/v2\/media?parent=2512"}],"wp:term":[{"taxonomy":"product_brand","embeddable":true,"href":"https:\/\/pionlux.eu\/hu\/wp-json\/wp\/v2\/product_brand?post=2512"},{"taxonomy":"product_cat","embeddable":true,"href":"https:\/\/pionlux.eu\/hu\/wp-json\/wp\/v2\/product_cat?post=2512"},{"taxonomy":"product_tag","embeddable":true,"href":"https:\/\/pionlux.eu\/hu\/wp-json\/wp\/v2\/product_tag?post=2512"}],"curies":[{"name":"munkaf\u00fczet","href":"https:\/\/api.w.org\/{rel}","templated":true}]}}