{"id":2550,"date":"2024-11-19T07:34:54","date_gmt":"2024-11-19T07:34:54","guid":{"rendered":"https:\/\/pionlux.eu\/?post_type=product&#038;p=2550"},"modified":"2026-04-27T14:15:21","modified_gmt":"2026-04-27T14:15:21","slug":"lm-p-portable-co2-laser-marking-machine","status":"publish","type":"product","link":"https:\/\/pionlux.eu\/hu\/termek\/lm-p-portable-co2-laser-marking-machine\/","title":{"rendered":"LM-P Hordozhat\u00f3 Co2 L\u00e9zerjel\u00f6l\u0151 G\u00e9p"},"content":{"rendered":"<h2>Term\u00e9kadatok:<\/h2>\n<ul>\n<li>\n<table border=\"1\" cellspacing=\"1\" cellpadding=\"1\">\n<tbody>\n<tr>\n<td>\n<div><strong>Modellsz\u00e1m<\/strong><\/div>\n<\/td>\n<td>\n<div><strong>LM-P<\/strong><\/div>\n<\/td>\n<\/tr>\n<tr>\n<td>\n<div>Munkater\u00fclet<\/div>\n<\/td>\n<td>\n<div>100 * 100 mm \/ 200 * 200 mm \/ 300 mm * 300 mm<\/div>\n<\/td>\n<\/tr>\n<tr>\n<td>\n<div>L\u00e9zerteljes\u00edtm\u00e9ny<\/div>\n<\/td>\n<td>\n<div>30 W\/40 W\/60 W<\/div>\n<\/td>\n<\/tr>\n<tr>\n<td>\n<div>L\u00e9zer t\u00e1pegys\u00e9g<\/div>\n<\/td>\n<td>\n<div>MAX \/ RAYCUS \/ IPG \/ DAWEI<\/div>\n<\/td>\n<\/tr>\n<tr>\n<td>\n<div>Grav\u00edroz\u00f3 vonal sebess\u00e9ge<\/div>\n<\/td>\n<td>\n<div>\u22647000 mm\/s<\/div>\n<\/td>\n<\/tr>\n<tr>\n<td>\n<div>Minim\u00e1lis vonalvastags\u00e1g<\/div>\n<\/td>\n<td>\n<div>0,02 mm<\/div>\n<\/td>\n<\/tr>\n<tr>\n<td>\n<div>Ism\u00e9tl\u00e9si pontoss\u00e1g<\/div>\n<\/td>\n<td>\n<div>+0,01 mm<\/div>\n<\/td>\n<\/tr>\n<tr>\n<td>\n<div>Egys\u00e9g teljes\u00edtm\u00e9nye<\/div>\n<\/td>\n<td>\n<div>&lt;0,5 kW<\/div>\n<\/td>\n<\/tr>\n<tr>\n<td>\n<div>\u00dczemi fesz\u00fclts\u00e9g<\/div>\n<\/td>\n<td>\n<div>220v \/ 1ph \/ 50hz<\/div>\n<\/td>\n<\/tr>\n<\/tbody>\n<\/table>\n<\/li>\n<\/ul>\n<div><\/div>\n<h2>CO2 l\u00e9zeres jel\u00f6l\u0151g\u00e9pek<\/h2>\n<p>A CO2 l\u00e9zeres jel\u00f6l\u0151g\u00e9pek jelent\u0151s n\u00e9pszer\u0171s\u00e9gre tettek szert sokoldal\u00fas\u00e1guk \u00e9s a k\u00fcl\u00f6nf\u00e9le anyagok feldolgoz\u00e1s\u00e1ban val\u00f3 hat\u00e9konys\u00e1guk miatt. Sz\u00e9n-dioxid g\u00e1zl\u00e9zerforr\u00e1st haszn\u00e1lva ezek a g\u00e9pek kiv\u00e1l\u00f3 min\u0151s\u00e9g\u0171 sugarat hoznak l\u00e9tre, amely k\u00fcl\u00f6n\u00f6sen alkalmas a prec\u00edzi\u00f3t \u00e9s r\u00e9szletess\u00e9get ig\u00e9nyl\u0151 alkalmaz\u00e1sokhoz. A CO2 l\u00e9zerek grav\u00edroz\u00e1si, v\u00e1g\u00e1si \u00e9s jel\u00f6l\u00e9si k\u00e9pess\u00e9ge sz\u00e9les anyagspektrumot \u00f6lel fel, bele\u00e9rtve a f\u00e1t, az akrilt, az \u00fcveget \u00e9s bizonyos f\u00e9meket. Ez az alkalmazkod\u00f3k\u00e9pess\u00e9g teszi \u0151ket el\u0151nyben r\u00e9szes\u00edtett v\u00e1laszt\u00e1ss\u00e1 az ipar\u00e1gak sz\u00e1m\u00e1ra, a feliratokt\u00f3l a m\u0171v\u00e9szeti alkalmaz\u00e1sokig.<\/p>\n<p>A CO2 l\u00e9zeres jel\u00f6l\u0151rendszerek egyik meghat\u00e1roz\u00f3 jellemz\u0151je, hogy k\u00e9pesek bonyolult mint\u00e1kat l\u00e9trehozni sima fel\u00fcletekkel. Ez k\u00fcl\u00f6n\u00f6sen el\u0151ny\u00f6s log\u00f3k, r\u00e9szletes grafik\u00e1k \u00e9s sz\u00f6vegek k\u00e9sz\u00edt\u00e9sekor olyan anyagokon, amelyek nagyfok\u00fa tisztas\u00e1got ig\u00e9nyelnek. Ezeknek a g\u00e9peknek a pontoss\u00e1g\u00e1t a m\u0171k\u00f6d\u00e9si sebess\u00e9g\u00fck eg\u00e9sz\u00edti ki, lehet\u0151v\u00e9 t\u00e9ve a v\u00e1llalkoz\u00e1sok sz\u00e1m\u00e1ra, hogy nagy \u00e1tereszt\u0151k\u00e9pess\u00e9get \u00e9rjenek el a min\u0151s\u00e9g fel\u00e1ldoz\u00e1sa n\u00e9lk\u00fcl, ami elengedhetetlen a mai gyors temp\u00f3j\u00fa termel\u00e9si k\u00f6rnyezetekben.<\/p>\n<p>A famegmunk\u00e1l\u00e1si alkalmaz\u00e1sokban a CO2 l\u00e9zeres jel\u00f6l\u0151g\u00e9peket gyakran haszn\u00e1lj\u00e1k dekor\u00e1ci\u00f3s c\u00e9lokra, egyedi grav\u00edroz\u00e1sokat hozva l\u00e9tre, amelyek fokozz\u00e1k a k\u00e9szterm\u00e9kek eszt\u00e9tik\u00e1j\u00e1t. Hasonl\u00f3k\u00e9ppen n\u00e9lk\u00fcl\u00f6zhetetlenn\u00e9 v\u00e1ltak a feliratoz\u00e1si ipar\u00e1gban, ahol a k\u00fcl\u00f6nf\u00e9le hordoz\u00f3k hat\u00e9kony jel\u00f6l\u00e9s\u00e9nek k\u00e9pess\u00e9ge k\u00f6lts\u00e9ghat\u00e9kony termel\u00e9st eredm\u00e9nyez. Ezenk\u00edv\u00fcl a CO2 l\u00e9zerek k\u00e9pesek nagy kontraszt\u00fa jel\u00f6l\u00e9sek el\u0151\u00e1ll\u00edt\u00e1s\u00e1ra, ami elengedhetetlen lehet a l\u00e1that\u00f3s\u00e1g \u00e9s a m\u00e1rka\u00e9p\u00edt\u00e9s szempontj\u00e1b\u00f3l.<\/p>\n<p>A CO2 l\u00e9zeres jel\u00f6l\u0151g\u00e9pek karbantart\u00e1si ig\u00e9nyei viszonylag alacsonyak, ami n\u00f6veli vonzerej\u00fcket. Megfelel\u0151 gondoz\u00e1s \u00e9s az \u00fczemeltet\u00e9si ir\u00e1nyelvek betart\u00e1sa mellett ezek a g\u00e9pek hossz\u00fa ideig megb\u00edzhat\u00f3 szolg\u00e1ltat\u00e1st ny\u00fajthatnak. A sokoldal\u00fas\u00e1g, a hat\u00e9konys\u00e1g \u00e9s az alacsony karbantart\u00e1si ig\u00e9ny kombin\u00e1ci\u00f3ja \u00e9rt\u00e9kes eszk\u00f6zz\u00e9 teszi a CO2 l\u00e9zeres jel\u00f6l\u0151g\u00e9peket sz\u00e1mos termel\u00e9si k\u00f6rnyezetben.<\/p>\n<p>&nbsp;<\/p>","protected":false},"excerpt":{"rendered":"<p>Product Details: Model No. LM-P Working area 100*100mm\/200*200mm\/300mm*300mm Laser power 30w\/40W\/60W Laser power supply MAX \/ RAYCUS \/ IPG \/ DAWEI Engraving line speed \u22647000mm\/s Minimum line width 0.02mm Repeatability accuracy +0.01mm Unit power &lt;0.5kw Working voltage 220v \/ 1ph \/ 50hz CO2 Laser Marking Machines CO2 laser marking machines have gained considerable popularity due [&hellip;]<\/p>\n","protected":false},"featured_media":2519,"comment_status":"open","ping_status":"closed","template":"","meta":{"_uag_custom_page_level_css":"","site-sidebar-layout":"default","site-content-layout":"","ast-site-content-layout":"default","site-content-style":"default","site-sidebar-style":"default","ast-global-header-display":"","ast-banner-title-visibility":"","ast-main-header-display":"","ast-hfb-above-header-display":"","ast-hfb-below-header-display":"","ast-hfb-mobile-header-display":"","site-post-title":"","ast-breadcrumbs-content":"","ast-featured-img":"","footer-sml-layout":"","theme-transparent-header-meta":"default","adv-header-id-meta":"","stick-header-meta":"","header-above-stick-meta":"","header-main-stick-meta":"","header-below-stick-meta":"","astra-migrate-meta-layouts":"set","ast-page-background-enabled":"default","ast-page-background-meta":{"desktop":{"background-color":"","background-image":"","background-repeat":"repeat","background-position":"center center","background-size":"auto","background-attachment":"scroll","background-type":"","background-media":"","overlay-type":"","overlay-color":"","overlay-opacity":"","overlay-gradient":""},"tablet":{"background-color":"","background-image":"","background-repeat":"repeat","background-position":"center center","background-size":"auto","background-attachment":"scroll","background-type":"","background-media":"","overlay-type":"","overlay-color":"","overlay-opacity":"","overlay-gradient":""},"mobile":{"background-color":"","background-image":"","background-repeat":"repeat","background-position":"center center","background-size":"auto","background-attachment":"scroll","background-type":"","background-media":"","overlay-type":"","overlay-color":"","overlay-opacity":"","overlay-gradient":""}},"ast-content-background-meta":{"desktop":{"background-color":"var(--ast-global-color-5)","background-image":"","background-repeat":"repeat","background-position":"center center","background-size":"auto","background-attachment":"scroll","background-type":"","background-media":"","overlay-type":"","overlay-color":"","overlay-opacity":"","overlay-gradient":""},"tablet":{"background-color":"var(--ast-global-color-5)","background-image":"","background-repeat":"repeat","background-position":"center center","background-size":"auto","background-attachment":"scroll","background-type":"","background-media":"","overlay-type":"","overlay-color":"","overlay-opacity":"","overlay-gradient":""},"mobile":{"background-color":"var(--ast-global-color-5)","background-image":"","background-repeat":"repeat","background-position":"center center","background-size":"auto","background-attachment":"scroll","background-type":"","background-media":"","overlay-type":"","overlay-color":"","overlay-opacity":"","overlay-gradient":""}}},"product_brand":[],"product_cat":[77,29,121,125,30],"product_tag":[],"class_list":{"0":"post-2550","1":"product","2":"type-product","3":"status-publish","4":"has-post-thumbnail","6":"product_cat-machine-sale","7":"product_cat-laser-marking-machine","8":"product_cat-lezergepek","9":"product_cat-lezerjelolo-gepek","10":"product_cat-machine-spotlight","11":"product_shipping_class-light-packages","12":"desktop-align-center","13":"tablet-align-left","14":"mobile-align-left","16":"first","17":"instock","18":"taxable","19":"shipping-taxable","20":"purchasable","21":"product-type-variable","22":"has-default-attributes"},"uagb_featured_image_src":{"full":["https:\/\/pionlux.eu\/wp-content\/uploads\/2024\/11\/06-02-PM-P-1-1_2.jpg",700,700,false],"thumbnail":["https:\/\/pionlux.eu\/wp-content\/uploads\/2024\/11\/06-02-PM-P-1-1_2-150x150.jpg",150,150,true],"medium":["https:\/\/pionlux.eu\/wp-content\/uploads\/2024\/11\/06-02-PM-P-1-1_2-300x300.jpg",300,300,true],"medium_large":["https:\/\/pionlux.eu\/wp-content\/uploads\/2024\/11\/06-02-PM-P-1-1_2.jpg",700,700,false],"large":["https:\/\/pionlux.eu\/wp-content\/uploads\/2024\/11\/06-02-PM-P-1-1_2.jpg",700,700,false],"1536x1536":["https:\/\/pionlux.eu\/wp-content\/uploads\/2024\/11\/06-02-PM-P-1-1_2.jpg",700,700,false],"2048x2048":["https:\/\/pionlux.eu\/wp-content\/uploads\/2024\/11\/06-02-PM-P-1-1_2.jpg",700,700,false],"trp-custom-language-flag":["https:\/\/pionlux.eu\/wp-content\/uploads\/2024\/11\/06-02-PM-P-1-1_2.jpg",12,12,false],"woocommerce_thumbnail":["https:\/\/pionlux.eu\/wp-content\/uploads\/2024\/11\/06-02-PM-P-1-1_2-300x300.jpg",300,300,true],"woocommerce_single":["https:\/\/pionlux.eu\/wp-content\/uploads\/2024\/11\/06-02-PM-P-1-1_2-600x600.jpg",600,600,true],"woocommerce_gallery_thumbnail":["https:\/\/pionlux.eu\/wp-content\/uploads\/2024\/11\/06-02-PM-P-1-1_2-100x100.jpg",100,100,true]},"uagb_author_info":{"display_name":"Benjamin","author_link":"https:\/\/pionlux.eu\/hu\/author\/"},"uagb_comment_info":0,"uagb_excerpt":"Product Details: Model No. LM-P Working area 100*100mm\/200*200mm\/300mm*300mm Laser power 30w\/40W\/60W Laser power supply MAX \/ RAYCUS \/ IPG \/ DAWEI Engraving line speed \u22647000mm\/s Minimum line width 0.02mm Repeatability accuracy +0.01mm Unit power &lt;0.5kw Working voltage 220v \/ 1ph \/ 50hz CO2 Laser Marking Machines CO2 laser marking machines have gained considerable popularity due&hellip;","_links":{"self":[{"href":"https:\/\/pionlux.eu\/hu\/wp-json\/wp\/v2\/product\/2550","targetHints":{"allow":["GET"]}}],"collection":[{"href":"https:\/\/pionlux.eu\/hu\/wp-json\/wp\/v2\/product"}],"about":[{"href":"https:\/\/pionlux.eu\/hu\/wp-json\/wp\/v2\/types\/product"}],"replies":[{"embeddable":true,"href":"https:\/\/pionlux.eu\/hu\/wp-json\/wp\/v2\/comments?post=2550"}],"wp:featuredmedia":[{"embeddable":true,"href":"https:\/\/pionlux.eu\/hu\/wp-json\/wp\/v2\/media\/2519"}],"wp:attachment":[{"href":"https:\/\/pionlux.eu\/hu\/wp-json\/wp\/v2\/media?parent=2550"}],"wp:term":[{"taxonomy":"product_brand","embeddable":true,"href":"https:\/\/pionlux.eu\/hu\/wp-json\/wp\/v2\/product_brand?post=2550"},{"taxonomy":"product_cat","embeddable":true,"href":"https:\/\/pionlux.eu\/hu\/wp-json\/wp\/v2\/product_cat?post=2550"},{"taxonomy":"product_tag","embeddable":true,"href":"https:\/\/pionlux.eu\/hu\/wp-json\/wp\/v2\/product_tag?post=2550"}],"curies":[{"name":"munkaf\u00fczet","href":"https:\/\/api.w.org\/{rel}","templated":true}]}}