{"id":2580,"date":"2024-11-19T15:24:42","date_gmt":"2024-11-19T15:24:42","guid":{"rendered":"https:\/\/pionlux.eu\/?post_type=product&#038;p=2580"},"modified":"2026-04-27T14:13:37","modified_gmt":"2026-04-27T14:13:37","slug":"lm-p-portable-mopa-laser-marking-machine","status":"publish","type":"product","link":"https:\/\/pionlux.eu\/hu\/termek\/lm-p-portable-mopa-laser-marking-machine\/","title":{"rendered":"LM-P Hordozhat\u00f3 Mopa L\u00e9zerjel\u00f6l\u0151 G\u00e9p"},"content":{"rendered":"<h2>Term\u00e9kadatok:<\/h2>\n<ul>\n<li>L\u00e9zerforr\u00e1s: JPT<\/li>\n<li>L\u00e9zerteljes\u00edtm\u00e9ny: 20W\/30W\/60W<\/li>\n<li>Munkater\u00fclet: 100 * 100 mm \/ 200 * 200 mm<\/li>\n<li>Hordozhat\u00f3 t\u00edpus<\/li>\n<li>SINO-Galvo lencse<\/li>\n<li>L\u00e9zerh\u00e1z terepi lencse<\/li>\n<li>EZCAD leapion testreszabott vez\u00e9rl\u0151rendszer<\/li>\n<li>220V 1PH 50HZ<\/li>\n<\/ul>\n<div><\/div>\n<h2>MOPA l\u00e9zeres jel\u00f6l\u0151g\u00e9pek<\/h2>\n<p>A MOPA (Master Oscillator Power Amplifier) l\u00e9zeres jel\u00f6l\u0151g\u00e9pek jelent\u0151s el\u0151rel\u00e9p\u00e9st jelentenek a l\u00e9zertechnol\u00f3gia ter\u00fclet\u00e9n. \u00dagy tervezt\u00e9k \u0151ket, hogy jav\u00edts\u00e1k a jel\u00f6l\u00e9si k\u00e9pess\u00e9geket sz\u00e1mos anyagon, k\u00fcl\u00f6n\u00f6sen a f\u00e9meken. Ez a sokoldal\u00fas\u00e1g els\u0151sorban a MOPA rendszer azon k\u00e9pess\u00e9g\u00e9nek k\u00f6sz\u00f6nhet\u0151, hogy k\u00e9pes mind az impulzus id\u0151tartam\u00e1t, mind a frekvenci\u00e1j\u00e1t be\u00e1ll\u00edtani. Ennek eredm\u00e9nyek\u00e9nt a felhaszn\u00e1l\u00f3k nagyobb kontrollt \u00e9lvezhetnek a jel\u00f6l\u00e9si folyamat felett, ami sz\u00e9lesk\u00f6r\u0171 alkalmaz\u00e1si lehet\u0151s\u00e9geket tesz lehet\u0151v\u00e9.<\/p>\n<p>A MOPA l\u00e9zeres jel\u00f6l\u0151g\u00e9pek egyik kiemelked\u0151 tulajdons\u00e1ga, hogy k\u00e9pesek k\u00fcl\u00f6nf\u00e9le sz\u00edneket el\u0151\u00e1ll\u00edtani f\u00e9mfel\u00fcleteken. Ezt a k\u00e9pess\u00e9get a jel\u00f6l\u00e9si folyamat sor\u00e1n leadott energia pontos szab\u00e1lyoz\u00e1s\u00e1val \u00e9rik el. A MOPA l\u00e9zerekkel a kezel\u0151k manipul\u00e1lhatj\u00e1k a param\u00e9tereket, ami olyan jellegzetes vizu\u00e1lis effektusokat eredm\u00e9nyez, amelyek a hagyom\u00e1nyos l\u00e9zeres jel\u00f6l\u0151rendszerekkel nem \u00e9rhet\u0151k el. A sz\u00ednkimenet testreszab\u00e1s\u00e1nak lehet\u0151s\u00e9ge k\u00fcl\u00f6n\u00f6sen n\u00e9pszer\u0171v\u00e9 teszi ezeket a g\u00e9peket azokban az ipar\u00e1gakban, ahol a m\u00e1rka\u00e9p\u00edt\u00e9s \u00e9s az eszt\u00e9tikai megjelen\u00e9s elengedhetetlen.<\/p>\n<p>Tov\u00e1bb\u00e1 az \u00e1ll\u00edthat\u00f3 impulzusid\u0151tartam m\u00e9lyebb grav\u00edroz\u00e1st tesz lehet\u0151v\u00e9, \u00edgy bonyolult mint\u00e1k \u00e9s r\u00e9szletes jel\u00f6l\u00e9sek k\u00e9sz\u00edthet\u0151k. A MOPA l\u00e9zeres jel\u00f6l\u0151g\u00e9pek \u00e1ltal k\u00edn\u00e1lt pontoss\u00e1g kulcsfontoss\u00e1g\u00fa a nagy precizit\u00e1s\u00fa k\u00f6rnyezetekben, mint p\u00e9ld\u00e1ul az elektronikai, aut\u00f3ipari \u00e9s orvosi szektorban. P\u00e9ld\u00e1ul az elektronikai iparban a MOPA l\u00e9zerek olvashatatlan sorozatsz\u00e1mokkal vagy QR-k\u00f3dokkal jel\u00f6lhetik meg a kis alkatr\u00e9szeket, biztos\u00edtva a nyomon k\u00f6vethet\u0151s\u00e9get az alkatr\u00e9szek integrit\u00e1s\u00e1nak vesz\u00e9lyeztet\u00e9se n\u00e9lk\u00fcl.<\/p>\n<p>\u00d6sszess\u00e9g\u00e9ben a MOPA l\u00e9zeres jel\u00f6l\u0151g\u00e9pek hat\u00e9kony eszk\u00f6z\u00f6k azoknak a v\u00e1llalkoz\u00e1soknak, amelyek fejleszteni szeretn\u00e9k jel\u00f6l\u00e9si k\u00e9pess\u00e9geiket. K\u00fcl\u00f6nb\u00f6z\u0151 anyagokkal val\u00f3 munkav\u00e9gz\u00e9s, k\u00fcl\u00f6nb\u00f6z\u0151 sz\u00ednek el\u0151\u00e1ll\u00edt\u00e1sa \u00e9s nagyfok\u00fa pontoss\u00e1g el\u00e9r\u00e9se ide\u00e1lis v\u00e1laszt\u00e1ss\u00e1 teszi \u0151ket a kiv\u00e1l\u00f3s\u00e1got ig\u00e9nyl\u0151 alkalmaz\u00e1sokhoz. Ahogy a technol\u00f3gia folyamatosan fejl\u0151dik, a MOPA l\u00e9zeres jel\u00f6l\u0151rendszerek el\u0151nyei al\u00e1h\u00fazz\u00e1k n\u00f6vekv\u0151 fontoss\u00e1gukat a gy\u00e1rt\u00e1si \u00e9s termel\u00e9si folyamatokban.<\/p>\n<p>&nbsp;<\/p>","protected":false},"excerpt":{"rendered":"<p>Product Details: Laser Source: JPT Laser Power:20W\/30W\/60W Working Area: 100*100mm\/200*200mm PORTABLE TYPE SINO-Galvo lens Laser-house field lens EZCAD leapion customized control system 220V 1PH 50HZ MOPA Laser Marking Machines MOPA (Master Oscillator Power Amplifier) laser marking machines represent a significant advancement in the field of laser technology. They are designed to enhance the marking capabilities [&hellip;]<\/p>\n","protected":false},"featured_media":2519,"comment_status":"open","ping_status":"closed","template":"","meta":{"_uag_custom_page_level_css":"","site-sidebar-layout":"default","site-content-layout":"","ast-site-content-layout":"default","site-content-style":"default","site-sidebar-style":"default","ast-global-header-display":"","ast-banner-title-visibility":"","ast-main-header-display":"","ast-hfb-above-header-display":"","ast-hfb-below-header-display":"","ast-hfb-mobile-header-display":"","site-post-title":"","ast-breadcrumbs-content":"","ast-featured-img":"","footer-sml-layout":"","theme-transparent-header-meta":"default","adv-header-id-meta":"","stick-header-meta":"","header-above-stick-meta":"","header-main-stick-meta":"","header-below-stick-meta":"","astra-migrate-meta-layouts":"set","ast-page-background-enabled":"default","ast-page-background-meta":{"desktop":{"background-color":"","background-image":"","background-repeat":"repeat","background-position":"center center","background-size":"auto","background-attachment":"scroll","background-type":"","background-media":"","overlay-type":"","overlay-color":"","overlay-opacity":"","overlay-gradient":""},"tablet":{"background-color":"","background-image":"","background-repeat":"repeat","background-position":"center center","background-size":"auto","background-attachment":"scroll","background-type":"","background-media":"","overlay-type":"","overlay-color":"","overlay-opacity":"","overlay-gradient":""},"mobile":{"background-color":"","background-image":"","background-repeat":"repeat","background-position":"center center","background-size":"auto","background-attachment":"scroll","background-type":"","background-media":"","overlay-type":"","overlay-color":"","overlay-opacity":"","overlay-gradient":""}},"ast-content-background-meta":{"desktop":{"background-color":"var(--ast-global-color-5)","background-image":"","background-repeat":"repeat","background-position":"center center","background-size":"auto","background-attachment":"scroll","background-type":"","background-media":"","overlay-type":"","overlay-color":"","overlay-opacity":"","overlay-gradient":""},"tablet":{"background-color":"var(--ast-global-color-5)","background-image":"","background-repeat":"repeat","background-position":"center center","background-size":"auto","background-attachment":"scroll","background-type":"","background-media":"","overlay-type":"","overlay-color":"","overlay-opacity":"","overlay-gradient":""},"mobile":{"background-color":"var(--ast-global-color-5)","background-image":"","background-repeat":"repeat","background-position":"center center","background-size":"auto","background-attachment":"scroll","background-type":"","background-media":"","overlay-type":"","overlay-color":"","overlay-opacity":"","overlay-gradient":""}}},"product_brand":[],"product_cat":[77,29,121,125,30],"product_tag":[76,71,73,72,74,75],"class_list":{"0":"post-2580","1":"product","2":"type-product","3":"status-publish","4":"has-post-thumbnail","6":"product_cat-machine-sale","7":"product_cat-laser-marking-machine","8":"product_cat-lezergepek","9":"product_cat-lezerjelolo-gepek","10":"product_cat-machine-spotlight","11":"product_tag-lezer","12":"product_tag-mopa-laser","13":"product_tag-mopa-laser-europe","14":"product_tag-mopa-laser-hungary","15":"product_tag-mopa-lezer","16":"product_tag-mopa-lezer-magyarorszag","17":"product_shipping_class-light-packages","18":"desktop-align-center","19":"tablet-align-left","20":"mobile-align-left","22":"first","23":"onbackorder","24":"taxable","25":"shipping-taxable","26":"purchasable","27":"product-type-variable"},"uagb_featured_image_src":{"full":["https:\/\/pionlux.eu\/wp-content\/uploads\/2024\/11\/06-02-PM-P-1-1_2.jpg",700,700,false],"thumbnail":["https:\/\/pionlux.eu\/wp-content\/uploads\/2024\/11\/06-02-PM-P-1-1_2-150x150.jpg",150,150,true],"medium":["https:\/\/pionlux.eu\/wp-content\/uploads\/2024\/11\/06-02-PM-P-1-1_2-300x300.jpg",300,300,true],"medium_large":["https:\/\/pionlux.eu\/wp-content\/uploads\/2024\/11\/06-02-PM-P-1-1_2.jpg",700,700,false],"large":["https:\/\/pionlux.eu\/wp-content\/uploads\/2024\/11\/06-02-PM-P-1-1_2.jpg",700,700,false],"1536x1536":["https:\/\/pionlux.eu\/wp-content\/uploads\/2024\/11\/06-02-PM-P-1-1_2.jpg",700,700,false],"2048x2048":["https:\/\/pionlux.eu\/wp-content\/uploads\/2024\/11\/06-02-PM-P-1-1_2.jpg",700,700,false],"trp-custom-language-flag":["https:\/\/pionlux.eu\/wp-content\/uploads\/2024\/11\/06-02-PM-P-1-1_2.jpg",12,12,false],"woocommerce_thumbnail":["https:\/\/pionlux.eu\/wp-content\/uploads\/2024\/11\/06-02-PM-P-1-1_2-300x300.jpg",300,300,true],"woocommerce_single":["https:\/\/pionlux.eu\/wp-content\/uploads\/2024\/11\/06-02-PM-P-1-1_2-600x600.jpg",600,600,true],"woocommerce_gallery_thumbnail":["https:\/\/pionlux.eu\/wp-content\/uploads\/2024\/11\/06-02-PM-P-1-1_2-100x100.jpg",100,100,true]},"uagb_author_info":{"display_name":"Benjamin","author_link":"https:\/\/pionlux.eu\/hu\/author\/"},"uagb_comment_info":0,"uagb_excerpt":"Product Details: Laser Source: JPT Laser Power:20W\/30W\/60W Working Area: 100*100mm\/200*200mm PORTABLE TYPE SINO-Galvo lens Laser-house field lens EZCAD leapion customized control system 220V 1PH 50HZ MOPA Laser Marking Machines MOPA (Master Oscillator Power Amplifier) laser marking machines represent a significant advancement in the field of laser technology. They are designed to enhance the marking capabilities&hellip;","_links":{"self":[{"href":"https:\/\/pionlux.eu\/hu\/wp-json\/wp\/v2\/product\/2580","targetHints":{"allow":["GET"]}}],"collection":[{"href":"https:\/\/pionlux.eu\/hu\/wp-json\/wp\/v2\/product"}],"about":[{"href":"https:\/\/pionlux.eu\/hu\/wp-json\/wp\/v2\/types\/product"}],"replies":[{"embeddable":true,"href":"https:\/\/pionlux.eu\/hu\/wp-json\/wp\/v2\/comments?post=2580"}],"wp:featuredmedia":[{"embeddable":true,"href":"https:\/\/pionlux.eu\/hu\/wp-json\/wp\/v2\/media\/2519"}],"wp:attachment":[{"href":"https:\/\/pionlux.eu\/hu\/wp-json\/wp\/v2\/media?parent=2580"}],"wp:term":[{"taxonomy":"product_brand","embeddable":true,"href":"https:\/\/pionlux.eu\/hu\/wp-json\/wp\/v2\/product_brand?post=2580"},{"taxonomy":"product_cat","embeddable":true,"href":"https:\/\/pionlux.eu\/hu\/wp-json\/wp\/v2\/product_cat?post=2580"},{"taxonomy":"product_tag","embeddable":true,"href":"https:\/\/pionlux.eu\/hu\/wp-json\/wp\/v2\/product_tag?post=2580"}],"curies":[{"name":"munkaf\u00fczet","href":"https:\/\/api.w.org\/{rel}","templated":true}]}}