{"id":3113,"date":"2024-12-29T13:48:41","date_gmt":"2024-12-29T13:48:41","guid":{"rendered":"https:\/\/pionlux.eu\/?post_type=product&#038;p=3113"},"modified":"2026-04-27T13:49:35","modified_gmt":"2026-04-27T13:49:35","slug":"lm-pe-portable-enclosed-fiber-laser-marking-machine","status":"publish","type":"product","link":"https:\/\/pionlux.eu\/hu\/termek\/lm-pe-portable-enclosed-fiber-laser-marking-machine\/","title":{"rendered":"LM-P Hordozhat\u00f3 Z\u00e1rt Fiber L\u00e9zerjel\u00f6l\u0151 G\u00e9p"},"content":{"rendered":"<h2>Term\u00e9kadatok:<\/h2>\n<ul>\n<li>\n<table border=\"1\" cellspacing=\"1\" cellpadding=\"1\">\n<tbody>\n<tr>\n<td>\n<div><strong>Modellsz\u00e1m<\/strong><\/div>\n<\/td>\n<td>\n<div><strong>LM-PE<\/strong><\/div>\n<\/td>\n<\/tr>\n<tr>\n<td>\n<div>Munkater\u00fclet<\/div>\n<\/td>\n<td>\n<div>100 * 100 mm \/ 200 * 200 mm<\/div>\n<\/td>\n<\/tr>\n<tr>\n<td>\n<div>L\u00e9zerteljes\u00edtm\u00e9ny<\/div>\n<\/td>\n<td>\n<div>20 W\/30 W\/50 W<\/div>\n<\/td>\n<\/tr>\n<tr>\n<td>\n<div>L\u00e9zer t\u00e1pegys\u00e9g<\/div>\n<\/td>\n<td>\n<div>MAX \/ RAYCUS \/ IPG<\/div>\n<\/td>\n<\/tr>\n<tr>\n<td>\n<div>Grav\u00edroz\u00f3 vonal sebess\u00e9ge<\/div>\n<\/td>\n<td>\n<div>\u22647000 mm\/s<\/div>\n<\/td>\n<\/tr>\n<tr>\n<td>\n<div>Minim\u00e1lis vonalvastags\u00e1g<\/div>\n<\/td>\n<td>\n<div>0,02 mm<\/div>\n<\/td>\n<\/tr>\n<tr>\n<td>\n<div>Ism\u00e9tl\u00e9si pontoss\u00e1g<\/div>\n<\/td>\n<td>\n<div>+0,01 mm<\/div>\n<\/td>\n<\/tr>\n<tr>\n<td>\n<div>Egys\u00e9g teljes\u00edtm\u00e9nye<\/div>\n<\/td>\n<td>\n<div>&lt;0,5 kW<\/div>\n<\/td>\n<\/tr>\n<tr>\n<td>\n<div>\u00dczemi fesz\u00fclts\u00e9g<\/div>\n<\/td>\n<td>\n<div>220 V \/ 1 f\u00e1zis \/ 50 Hz (opcion\u00e1lis)<\/div>\n<\/td>\n<\/tr>\n<\/tbody>\n<\/table>\n<\/li>\n<\/ul>\n<h2>Sz\u00e1las l\u00e9zeres jel\u00f6l\u0151g\u00e9pek<\/h2>\n<p>A sz\u00e1las l\u00e9zeres jel\u00f6l\u0151g\u00e9pek jelent\u0151s el\u0151rel\u00e9p\u00e9st jelentenek a l\u00e9zeres jel\u00f6l\u00e9si technol\u00f3gi\u00e1ban, els\u0151sorban robusztus k\u00e9pess\u00e9geiknek \u00e9s gyors feldolgoz\u00e1si sebess\u00e9g\u00fcknek k\u00f6sz\u00f6nhet\u0151en. Ezek a g\u00e9pek szil\u00e1rdtest l\u00e9zerrendszert haszn\u00e1lnak, amely kiv\u00e9teles jel\u00f6l\u00e9si min\u0151s\u00e9get biztos\u00edt, \u00edgy k\u00fcl\u00f6n\u00f6sen hat\u00e9konyak nagy volumen\u0171 gy\u00e1rt\u00e1si k\u00f6rnyezetben. A sz\u00e1las l\u00e9zerek hat\u00e9konys\u00e1ga \u00e9s pontoss\u00e1ga meger\u0151s\u00edtette szerep\u00fcket a k\u00fcl\u00f6nb\u00f6z\u0151 \u00e1gazatokban, k\u00fcl\u00f6n\u00f6sen a gy\u00e1rt\u00e1sban \u00e9s az ipari alkalmaz\u00e1sokban.<\/p>\n<p>A sz\u00e1las l\u00e9zeres jel\u00f6l\u0151g\u00e9pek egyik kiemelked\u0151 tulajdons\u00e1ga, hogy k\u00fcl\u00f6nf\u00e9le anyagokat, t\u00f6bbek k\u00f6z\u00f6tt f\u00e9meket, m\u0171anyagokat \u00e9s ker\u00e1mi\u00e1kat is k\u00e9pesek jel\u00f6lni. Ezeknek a g\u00e9peknek a sokoldal\u00fas\u00e1ga k\u00fcl\u00f6n\u00f6sen el\u0151ny\u00f6s, mivel lehet\u0151v\u00e9 teszi a gy\u00e1rt\u00f3k sz\u00e1m\u00e1ra, hogy egyetlen rendszert haszn\u00e1ljanak t\u00f6bb alkalmaz\u00e1shoz. A sz\u00e1las l\u00e9zerekkel el\u00e9rhet\u0151 nagy pontoss\u00e1g \u00e9s r\u00e9szletess\u00e9g biztos\u00edtja, hogy a jel\u00f6l\u00e9sek, p\u00e9ld\u00e1ul a vonalk\u00f3dok, log\u00f3k \u00e9s sorozatsz\u00e1mok, ne csak tiszt\u00e1k \u00e9s olvashat\u00f3k, hanem tart\u00f3sak is legyenek, m\u00e9g zord k\u00f6r\u00fclm\u00e9nyek k\u00f6z\u00f6tt is.<\/p>\n<p>R\u00e1ad\u00e1sul a sz\u00e1loptik\u00e1s l\u00e9zerek h\u00edresek az \u00e9lettartamukr\u00f3l, amely jellemz\u0151en sok m\u00e1s l\u00e9zert\u00edpusn\u00e1l hosszabb, mivel kevesebb mozg\u00f3 alkatr\u00e9szt tartalmaznak, \u00e9s a szil\u00e1rdtest technol\u00f3gia tart\u00f3s. Ez a hossz\u00fa \u00e9lettartam hozz\u00e1j\u00e1rul az alacsonyabb karbantart\u00e1si k\u00f6lts\u00e9gekhez, \u00edgy a sz\u00e1loptik\u00e1s l\u00e9zerek k\u00f6lts\u00e9ghat\u00e9kony befektet\u00e9st jelentenek a min\u0151s\u00e9gre \u00e9s a hat\u00e9konys\u00e1gra \u00f6sszpontos\u00edt\u00f3 szervezetek sz\u00e1m\u00e1ra. \u00dagy tervezt\u00e9k \u0151ket, hogy minimaliz\u00e1lj\u00e1k az \u00e1ll\u00e1sid\u0151t, tov\u00e1bb n\u00f6velve a termel\u00e9kenys\u00e9get a gy\u00e1rt\u00f3sorokon.<\/p>\n<p>A m\u00e9lygrav\u00edroz\u00e1s egy m\u00e1sik ter\u00fclet, ahol a sz\u00e1las l\u00e9zeres jel\u00f6l\u0151g\u00e9pek kiemelked\u0151ek. Ez a funkci\u00f3 jelent\u0151s m\u00e9lys\u00e9g\u0171 jel\u00f6l\u00e9seket tesz lehet\u0151v\u00e9, ami elengedhetetlen azokn\u00e1l az alkalmaz\u00e1sokn\u00e1l, amelyek hossz\u00fa id\u0151n kereszt\u00fcl egy\u00e9rtelm\u0171 azonos\u00edt\u00e1st ig\u00e9nyelnek. Azok az ipar\u00e1gak, amelyek bonyolult mint\u00e1kkal foglalkoznak, vagy \u00e1lland\u00f3 azonos\u00edt\u00e1st ig\u00e9nyelnek, egyre ink\u00e1bb a sz\u00e1las l\u00e9zerekre t\u00e1maszkodnak jel\u00f6l\u00e9si ig\u00e9nyeik kiel\u00e9g\u00edt\u00e9s\u00e9re. \u00d6sszess\u00e9g\u00e9ben a sebess\u00e9g, a pontoss\u00e1g \u00e9s az alacsony \u00fczemeltet\u00e9si k\u00f6lts\u00e9gek kombin\u00e1ci\u00f3ja teszi a sz\u00e1las l\u00e9zeres jel\u00f6l\u0151g\u00e9peket a legjobb v\u00e1laszt\u00e1ss\u00e1 azoknak a v\u00e1llalkoz\u00e1soknak, amelyek n\u00f6velni k\u00edv\u00e1nj\u00e1k gy\u00e1rt\u00e1si k\u00e9pess\u00e9geiket.<\/p>","protected":false},"excerpt":{"rendered":"<p>Product Details: Model No. LM-PE Working area 100*100mm\/200*200mm Laser power 20w\/30w\/50w Laser power supply MAX \/ RAYCUS \/\u00a0IPG Engraving line speed \u22647000mm\/s Minimum line width 0.02mm Repeatability accuracy +0.01mm Unit power &lt;0.5kw Working voltage 220v \/ 1ph \/ 50hz(option) Fiber Laser Marking Machines Fiber laser marking machines represent a significant advancement in laser marking technology, [&hellip;]<\/p>\n","protected":false},"featured_media":3119,"comment_status":"open","ping_status":"closed","template":"","meta":{"_uag_custom_page_level_css":"","site-sidebar-layout":"default","site-content-layout":"","ast-site-content-layout":"default","site-content-style":"default","site-sidebar-style":"default","ast-global-header-display":"","ast-banner-title-visibility":"","ast-main-header-display":"","ast-hfb-above-header-display":"","ast-hfb-below-header-display":"","ast-hfb-mobile-header-display":"","site-post-title":"","ast-breadcrumbs-content":"","ast-featured-img":"","footer-sml-layout":"","theme-transparent-header-meta":"default","adv-header-id-meta":"","stick-header-meta":"","header-above-stick-meta":"","header-main-stick-meta":"","header-below-stick-meta":"","astra-migrate-meta-layouts":"set","ast-page-background-enabled":"default","ast-page-background-meta":{"desktop":{"background-color":"","background-image":"","background-repeat":"repeat","background-position":"center center","background-size":"auto","background-attachment":"scroll","background-type":"","background-media":"","overlay-type":"","overlay-color":"","overlay-opacity":"","overlay-gradient":""},"tablet":{"background-color":"","background-image":"","background-repeat":"repeat","background-position":"center center","background-size":"auto","background-attachment":"scroll","background-type":"","background-media":"","overlay-type":"","overlay-color":"","overlay-opacity":"","overlay-gradient":""},"mobile":{"background-color":"","background-image":"","background-repeat":"repeat","background-position":"center center","background-size":"auto","background-attachment":"scroll","background-type":"","background-media":"","overlay-type":"","overlay-color":"","overlay-opacity":"","overlay-gradient":""}},"ast-content-background-meta":{"desktop":{"background-color":"var(--ast-global-color-5)","background-image":"","background-repeat":"repeat","background-position":"center center","background-size":"auto","background-attachment":"scroll","background-type":"","background-media":"","overlay-type":"","overlay-color":"","overlay-opacity":"","overlay-gradient":""},"tablet":{"background-color":"var(--ast-global-color-5)","background-image":"","background-repeat":"repeat","background-position":"center center","background-size":"auto","background-attachment":"scroll","background-type":"","background-media":"","overlay-type":"","overlay-color":"","overlay-opacity":"","overlay-gradient":""},"mobile":{"background-color":"var(--ast-global-color-5)","background-image":"","background-repeat":"repeat","background-position":"center center","background-size":"auto","background-attachment":"scroll","background-type":"","background-media":"","overlay-type":"","overlay-color":"","overlay-opacity":"","overlay-gradient":""}}},"product_brand":[],"product_cat":[29,121,125,30],"product_tag":[43,44,45,46],"class_list":{"0":"post-3113","1":"product","2":"type-product","3":"status-publish","4":"has-post-thumbnail","6":"product_cat-laser-marking-machine","7":"product_cat-lezergepek","8":"product_cat-lezerjelolo-gepek","9":"product_cat-machine-spotlight","10":"product_tag-fiber-laser","11":"product_tag-fiber-laser-machine","12":"product_tag-laser-machine","13":"product_tag-laser-marking","14":"product_shipping_class-light-packages","15":"desktop-align-center","16":"tablet-align-left","17":"mobile-align-left","19":"first","20":"onbackorder","21":"taxable","22":"shipping-taxable","23":"purchasable","24":"product-type-variable"},"uagb_featured_image_src":{"full":["https:\/\/pionlux.eu\/wp-content\/uploads\/2024\/12\/06-01-PM-E-1-1_2.jpg",700,700,false],"thumbnail":["https:\/\/pionlux.eu\/wp-content\/uploads\/2024\/12\/06-01-PM-E-1-1_2-150x150.jpg",150,150,true],"medium":["https:\/\/pionlux.eu\/wp-content\/uploads\/2024\/12\/06-01-PM-E-1-1_2-300x300.jpg",300,300,true],"medium_large":["https:\/\/pionlux.eu\/wp-content\/uploads\/2024\/12\/06-01-PM-E-1-1_2.jpg",700,700,false],"large":["https:\/\/pionlux.eu\/wp-content\/uploads\/2024\/12\/06-01-PM-E-1-1_2.jpg",700,700,false],"1536x1536":["https:\/\/pionlux.eu\/wp-content\/uploads\/2024\/12\/06-01-PM-E-1-1_2.jpg",700,700,false],"2048x2048":["https:\/\/pionlux.eu\/wp-content\/uploads\/2024\/12\/06-01-PM-E-1-1_2.jpg",700,700,false],"trp-custom-language-flag":["https:\/\/pionlux.eu\/wp-content\/uploads\/2024\/12\/06-01-PM-E-1-1_2-12x12.jpg",12,12,true],"woocommerce_thumbnail":["https:\/\/pionlux.eu\/wp-content\/uploads\/2024\/12\/06-01-PM-E-1-1_2-300x300.jpg",300,300,true],"woocommerce_single":["https:\/\/pionlux.eu\/wp-content\/uploads\/2024\/12\/06-01-PM-E-1-1_2-600x600.jpg",600,600,true],"woocommerce_gallery_thumbnail":["https:\/\/pionlux.eu\/wp-content\/uploads\/2024\/12\/06-01-PM-E-1-1_2-100x100.jpg",100,100,true]},"uagb_author_info":{"display_name":"Benjamin","author_link":"https:\/\/pionlux.eu\/hu\/author\/"},"uagb_comment_info":0,"uagb_excerpt":"Product Details: Model No. LM-PE Working area 100*100mm\/200*200mm Laser power 20w\/30w\/50w Laser power supply MAX \/ RAYCUS \/\u00a0IPG Engraving line speed \u22647000mm\/s Minimum line width 0.02mm Repeatability accuracy +0.01mm Unit power &lt;0.5kw Working voltage 220v \/ 1ph \/ 50hz(option) Fiber Laser Marking Machines Fiber laser marking machines represent a significant advancement in laser marking technology,&hellip;","_links":{"self":[{"href":"https:\/\/pionlux.eu\/hu\/wp-json\/wp\/v2\/product\/3113","targetHints":{"allow":["GET"]}}],"collection":[{"href":"https:\/\/pionlux.eu\/hu\/wp-json\/wp\/v2\/product"}],"about":[{"href":"https:\/\/pionlux.eu\/hu\/wp-json\/wp\/v2\/types\/product"}],"replies":[{"embeddable":true,"href":"https:\/\/pionlux.eu\/hu\/wp-json\/wp\/v2\/comments?post=3113"}],"wp:featuredmedia":[{"embeddable":true,"href":"https:\/\/pionlux.eu\/hu\/wp-json\/wp\/v2\/media\/3119"}],"wp:attachment":[{"href":"https:\/\/pionlux.eu\/hu\/wp-json\/wp\/v2\/media?parent=3113"}],"wp:term":[{"taxonomy":"product_brand","embeddable":true,"href":"https:\/\/pionlux.eu\/hu\/wp-json\/wp\/v2\/product_brand?post=3113"},{"taxonomy":"product_cat","embeddable":true,"href":"https:\/\/pionlux.eu\/hu\/wp-json\/wp\/v2\/product_cat?post=3113"},{"taxonomy":"product_tag","embeddable":true,"href":"https:\/\/pionlux.eu\/hu\/wp-json\/wp\/v2\/product_tag?post=3113"}],"curies":[{"name":"munkaf\u00fczet","href":"https:\/\/api.w.org\/{rel}","templated":true}]}}