{"id":3163,"date":"2024-12-30T22:45:50","date_gmt":"2024-12-30T22:45:50","guid":{"rendered":"https:\/\/pionlux.eu\/?post_type=product&#038;p=3163"},"modified":"2026-04-27T14:16:47","modified_gmt":"2026-04-27T14:16:47","slug":"lf-st-sheet-and-tube-laser-cutting-machine","status":"publish","type":"product","link":"https:\/\/pionlux.eu\/hu\/termek\/lf-st-sheet-and-tube-laser-cutting-machine\/","title":{"rendered":"LF-ST lemez- \u00e9s cs\u0151l\u00e9zeres v\u00e1g\u00f3g\u00e9p"},"content":{"rendered":"<h2>Term\u00e9kadatok:<\/h2>\n<p>&nbsp;<\/p>\n<table class=\"custom-table\">\n<thead>\n<tr>\n<th>\n<h6><strong>M\u00f3d<\/strong><\/h6>\n<\/th>\n<th>\n<h6><strong>LF-3015ST<\/strong><\/h6>\n<\/th>\n<th>\n<h6><strong>LF-4020ST<\/strong><\/h6>\n<\/th>\n<th>\n<h6><strong>LF-6015ST<\/strong><\/h6>\n<\/th>\n<th>\n<h6><strong>LF-6025ST<\/strong><\/h6>\n<\/th>\n<\/tr>\n<\/thead>\n<tbody>\n<tr>\n<td>Munkater\u00fclet<\/td>\n<td>3000 * 1500 mm<\/td>\n<td>4000 * 2000 mm<\/td>\n<td>6000 * 1500 mm<\/td>\n<td>6000 * 2500 mm<\/td>\n<\/tr>\n<tr>\n<td>XY Z tengely l\u00f6kete<\/td>\n<td>1520 * 3100 * 100 mm<\/td>\n<td>2040 * 4050 * 100 mm<\/td>\n<td>1520 * 6050 * 100 mm<\/td>\n<td>2510 * 6100 * 260 mm<\/td>\n<\/tr>\n<tr>\n<td>L\u00e9zer t\u00e1pegys\u00e9g<\/td>\n<td colspan=\"4\">2000 W, 3000 W, 6000 W<\/td>\n<\/tr>\n<tr>\n<td>Maxim\u00e1lis gyorsul\u00e1s<\/td>\n<td colspan=\"4\">2G<\/td>\n<\/tr>\n<tr>\n<td>Pozicion\u00e1l\u00e1si pontoss\u00e1g<\/td>\n<td colspan=\"4\">\u00b10,03 mm<\/td>\n<\/tr>\n<tr>\n<td>Fesz\u00fclts\u00e9g<\/td>\n<td colspan=\"4\">380V 3 f\u00e1zis\u00fa 50\/60Hz<\/td>\n<\/tr>\n<tr>\n<td>V\u00e1g\u00e1si k\u00e9pess\u00e9g<\/td>\n<td colspan=\"4\">Sz\u00e9nac\u00e9l: 1-80 mm, Rozsdamentes ac\u00e9l: 1-70 mm, Alum\u00ednium: 1-60 mm, S\u00e1rgar\u00e9z: 1-20 mm<\/td>\n<\/tr>\n<tr>\n<td>Opcion\u00e1lis tartoz\u00e9kok<\/td>\n<td colspan=\"4\">L\u00e9gkondicion\u00e1l\u00f3, F\u00fcsttiszt\u00edt\u00f3, L\u00e9gkompresszor, Fesz\u00fclts\u00e9gszab\u00e1lyoz\u00f3<\/td>\n<\/tr>\n<\/tbody>\n<\/table>\n<p>&nbsp;<\/p>\n<p>&nbsp;<\/p>","protected":false},"excerpt":{"rendered":"<p>Product Details: &nbsp; Mode LF-3015ST LF-4020ST LF-6015ST LF-6025ST Working Area 3000*1500mm 4000*2000mm 6000*1500mm 6000*2500mm XY Z Axis Stroke 1520*3100*100mm 2040*4050*100mm 1520*6050*100mm 2510*6100*260mm Laser Power Supply 2000w, 3000w, 6000w Maximum Acceleration 2G Positioning Accuracy \u00b10.03mm Voltage 380V 3PH 50\/60HZ Cutting Ability Carbon Steel: 1-80mm, Stainless Steel: 1-70mm, Aluminum: 1-60mm, Brass: 1-20mm Upgrade Air Conditioner, Smoke Purifier, [&hellip;]<\/p>\n","protected":false},"featured_media":3167,"comment_status":"open","ping_status":"closed","template":"","meta":{"_uag_custom_page_level_css":"","site-sidebar-layout":"default","site-content-layout":"","ast-site-content-layout":"default","site-content-style":"default","site-sidebar-style":"default","ast-global-header-display":"","ast-banner-title-visibility":"","ast-main-header-display":"","ast-hfb-above-header-display":"","ast-hfb-below-header-display":"","ast-hfb-mobile-header-display":"","site-post-title":"","ast-breadcrumbs-content":"","ast-featured-img":"","footer-sml-layout":"","theme-transparent-header-meta":"default","adv-header-id-meta":"","stick-header-meta":"","header-above-stick-meta":"","header-main-stick-meta":"","header-below-stick-meta":"","astra-migrate-meta-layouts":"set","ast-page-background-enabled":"default","ast-page-background-meta":{"desktop":{"background-color":"","background-image":"","background-repeat":"repeat","background-position":"center center","background-size":"auto","background-attachment":"scroll","background-type":"","background-media":"","overlay-type":"","overlay-color":"","overlay-opacity":"","overlay-gradient":""},"tablet":{"background-color":"","background-image":"","background-repeat":"repeat","background-position":"center center","background-size":"auto","background-attachment":"scroll","background-type":"","background-media":"","overlay-type":"","overlay-color":"","overlay-opacity":"","overlay-gradient":""},"mobile":{"background-color":"","background-image":"","background-repeat":"repeat","background-position":"center center","background-size":"auto","background-attachment":"scroll","background-type":"","background-media":"","overlay-type":"","overlay-color":"","overlay-opacity":"","overlay-gradient":""}},"ast-content-background-meta":{"desktop":{"background-color":"var(--ast-global-color-5)","background-image":"","background-repeat":"repeat","background-position":"center center","background-size":"auto","background-attachment":"scroll","background-type":"","background-media":"","overlay-type":"","overlay-color":"","overlay-opacity":"","overlay-gradient":""},"tablet":{"background-color":"var(--ast-global-color-5)","background-image":"","background-repeat":"repeat","background-position":"center center","background-size":"auto","background-attachment":"scroll","background-type":"","background-media":"","overlay-type":"","overlay-color":"","overlay-opacity":"","overlay-gradient":""},"mobile":{"background-color":"var(--ast-global-color-5)","background-image":"","background-repeat":"repeat","background-position":"center center","background-size":"auto","background-attachment":"scroll","background-type":"","background-media":"","overlay-type":"","overlay-color":"","overlay-opacity":"","overlay-gradient":""}}},"product_brand":[],"product_cat":[17,121,122],"product_tag":[],"class_list":{"0":"post-3163","1":"product","2":"type-product","3":"status-publish","4":"has-post-thumbnail","6":"product_cat-laser-cutting-machine","7":"product_cat-lezergepek","8":"product_cat-lezervago-gepek","9":"product_shipping_class-heavy-packages","10":"desktop-align-center","11":"tablet-align-left","12":"mobile-align-left","14":"first","15":"onbackorder","16":"taxable","17":"shipping-taxable","18":"purchasable","19":"product-type-variable"},"uagb_featured_image_src":{"full":["https:\/\/pionlux.eu\/wp-content\/uploads\/2024\/12\/cnc-fiber-laser-cutter-machine.webp",800,554,false],"thumbnail":["https:\/\/pionlux.eu\/wp-content\/uploads\/2024\/12\/cnc-fiber-laser-cutter-machine-150x150.webp",150,150,true],"medium":["https:\/\/pionlux.eu\/wp-content\/uploads\/2024\/12\/cnc-fiber-laser-cutter-machine-300x208.webp",300,208,true],"medium_large":["https:\/\/pionlux.eu\/wp-content\/uploads\/2024\/12\/cnc-fiber-laser-cutter-machine-768x532.webp",768,532,true],"large":["https:\/\/pionlux.eu\/wp-content\/uploads\/2024\/12\/cnc-fiber-laser-cutter-machine.webp",800,554,false],"1536x1536":["https:\/\/pionlux.eu\/wp-content\/uploads\/2024\/12\/cnc-fiber-laser-cutter-machine.webp",800,554,false],"2048x2048":["https:\/\/pionlux.eu\/wp-content\/uploads\/2024\/12\/cnc-fiber-laser-cutter-machine.webp",800,554,false],"trp-custom-language-flag":["https:\/\/pionlux.eu\/wp-content\/uploads\/2024\/12\/cnc-fiber-laser-cutter-machine-18x12.webp",18,12,true],"woocommerce_thumbnail":["https:\/\/pionlux.eu\/wp-content\/uploads\/2024\/12\/cnc-fiber-laser-cutter-machine-300x300.webp",300,300,true],"woocommerce_single":["https:\/\/pionlux.eu\/wp-content\/uploads\/2024\/12\/cnc-fiber-laser-cutter-machine-600x416.webp",600,416,true],"woocommerce_gallery_thumbnail":["https:\/\/pionlux.eu\/wp-content\/uploads\/2024\/12\/cnc-fiber-laser-cutter-machine-100x100.webp",100,100,true]},"uagb_author_info":{"display_name":"Benjamin","author_link":"https:\/\/pionlux.eu\/hu\/author\/"},"uagb_comment_info":0,"uagb_excerpt":"Product Details: &nbsp; Mode LF-3015ST LF-4020ST LF-6015ST LF-6025ST Working Area 3000*1500mm 4000*2000mm 6000*1500mm 6000*2500mm XY Z Axis Stroke 1520*3100*100mm 2040*4050*100mm 1520*6050*100mm 2510*6100*260mm Laser Power Supply 2000w, 3000w, 6000w Maximum Acceleration 2G Positioning Accuracy \u00b10.03mm Voltage 380V 3PH 50\/60HZ Cutting Ability Carbon Steel: 1-80mm, Stainless Steel: 1-70mm, Aluminum: 1-60mm, Brass: 1-20mm Upgrade Air Conditioner, Smoke Purifier,&hellip;","_links":{"self":[{"href":"https:\/\/pionlux.eu\/hu\/wp-json\/wp\/v2\/product\/3163","targetHints":{"allow":["GET"]}}],"collection":[{"href":"https:\/\/pionlux.eu\/hu\/wp-json\/wp\/v2\/product"}],"about":[{"href":"https:\/\/pionlux.eu\/hu\/wp-json\/wp\/v2\/types\/product"}],"replies":[{"embeddable":true,"href":"https:\/\/pionlux.eu\/hu\/wp-json\/wp\/v2\/comments?post=3163"}],"wp:featuredmedia":[{"embeddable":true,"href":"https:\/\/pionlux.eu\/hu\/wp-json\/wp\/v2\/media\/3167"}],"wp:attachment":[{"href":"https:\/\/pionlux.eu\/hu\/wp-json\/wp\/v2\/media?parent=3163"}],"wp:term":[{"taxonomy":"product_brand","embeddable":true,"href":"https:\/\/pionlux.eu\/hu\/wp-json\/wp\/v2\/product_brand?post=3163"},{"taxonomy":"product_cat","embeddable":true,"href":"https:\/\/pionlux.eu\/hu\/wp-json\/wp\/v2\/product_cat?post=3163"},{"taxonomy":"product_tag","embeddable":true,"href":"https:\/\/pionlux.eu\/hu\/wp-json\/wp\/v2\/product_tag?post=3163"}],"curies":[{"name":"munkaf\u00fczet","href":"https:\/\/api.w.org\/{rel}","templated":true}]}}