{"id":324,"date":"2024-11-12T19:33:04","date_gmt":"2024-11-12T19:33:04","guid":{"rendered":"https:\/\/pionlux.eu\/product\/kryo-x26-mtb-model-z\/"},"modified":"2025-08-04T10:11:44","modified_gmt":"2025-08-04T10:11:44","slug":"lf-se-enclosed-laser-cutting-machine","status":"publish","type":"product","link":"https:\/\/pionlux.eu\/hu\/termek\/lf-se-enclosed-laser-cutting-machine\/","title":{"rendered":"LF-SE z\u00e1rt sz\u00e1las l\u00e9zerv\u00e1g\u00f3 g\u00e9p"},"content":{"rendered":"<h2>Term\u00e9kadatok:<\/h2>\n<ul>\n<li>L\u00e9zerteljes\u00edtm\u00e9ny: 1000W \u2013 3000W<\/li>\n<li>Vez\u00e9rl\u0151rendszer: FSCUT 2000E vez\u00e9rl\u0151rendszer<\/li>\n<li>Meghajt\u00e1sok \u00e9s motorok: Jap\u00e1n Fuji szervomotor-rendszer<\/li>\n<li>Sz\u00e1las l\u00e9zerfej: Raytools autof\u00f3kuszos l\u00e9zerfej BM110<\/li>\n<li>Munkater\u00fclet: 3000 * 1500 mm<\/li>\n<li>Elsz\u00edv\u00f3 ventil\u00e1tor: Leapion<\/li>\n<li>Elektromos proporcion\u00e1lis szelep: Jap\u00e1n SMC elektromos proporcion\u00e1lis szelep<\/li>\n<li>Vezet\u0151s\u00ednek: Tajvani s\u00ednek<\/li>\n<li>Rack \u00e9s felszerel\u00e9s: Tajvan YYC Rack<\/li>\n<li>Ken\u00e9s: Automatikus ken\u0151rendszer<\/li>\n<li>Reduktor: Jap\u00e1n Shimpo<\/li>\n<li>Elektronikus alkatr\u00e9sz: Franciaorsz\u00e1g SCHNEIDER<\/li>\n<li>H\u0171t\u0151: S&amp;A<\/li>\n<li>Fesz\u00fclts\u00e9g: 380V 3 f\u00e1zis 50\/60Hz<\/li>\n<\/ul>\n<h2>\u00c1ttekint\u00e9s<\/h2>\n<p>Bemutatjuk a legmodernebb, z\u00e1rt rendszer\u0171 sz\u00e1loptik\u00e1s l\u00e9zerv\u00e1g\u00f3 g\u00e9p\u00fcnket, amelyet a prec\u00edzi\u00f3 \u00e9s a hat\u00e9konys\u00e1g jegy\u00e9ben tervezt\u00fcnk. Ak\u00e1r 3000 W-os nagy teljes\u00edtm\u00e9ny\u0171 l\u00e9zerforr\u00e1s\u00e1val ez a g\u00e9p kiemelkedik a piacon, p\u00e1ratlan v\u00e1g\u00e1si k\u00e9pess\u00e9gekkel. Z\u00e1rt, biztons\u00e1gos \u00e9s k\u00f6rnyezetbar\u00e1t kialak\u00edt\u00e1s. K\u00f6nnyen sz\u00e1ll\u00edthat\u00f3 \u00e9s telep\u00edthet\u0151, minimaliz\u00e1lja a sz\u00e1ll\u00edt\u00e1si \u00e9s be\u00e1ll\u00edt\u00e1si k\u00f6lts\u00e9geket. \u00e9s f\u00e9mb\u00fator-gy\u00e1rt\u00f3 ipar\u00e1gak sz\u00e1m\u00e1ra.<\/p>\n<ul>\n<li>K\u00f6nnyen sz\u00e1ll\u00edthat\u00f3 \u00e9s telep\u00edthet\u0151, minimaliz\u00e1lja a sz\u00e1ll\u00edt\u00e1si \u00e9s be\u00e1ll\u00edt\u00e1si k\u00f6lts\u00e9geket. \u00e9s f\u00e9mb\u00fator-gy\u00e1rt\u00f3 ipar\u00e1gakban.<\/li>\n<li>A berendez\u00e9s elektromos r\u00e9szek sz\u00e9tszerel\u00e9se n\u00e9lk\u00fcl sz\u00e1ll\u00edthat\u00f3<br \/>\nalkatr\u00e9szeket, ami \u00f6sszeszerel\u00e9si id\u0151t \u00e9s k\u00f6lts\u00e9get takar\u00edt meg a felhaszn\u00e1l\u00f3k sz\u00e1m\u00e1ra. A k\u00e9zhezv\u00e9telt k\u00f6vet\u0151en<br \/>\nberendez\u00e9s, a felhaszn\u00e1l\u00f3knak csak egy egyszer\u0171 h\u00e1l\u00f3zati csatlakoztat\u00e1st kell v\u00e9grehajtaniuk az ind\u00edt\u00e1shoz<br \/>\nhaszn\u00e1lva.<\/li>\n<li>Egyplatformos konfigur\u00e1ci\u00f3j\u00e1nak k\u00f6sz\u00f6nhet\u0151en a g\u00e9p magas sz\u00ednvonalat is biztos\u00edt<br \/>\nrugalmass\u00e1g, amely lehet\u0151v\u00e9 teszi a sz\u00e1ll\u00edt\u00e1st 20 l\u00e1bas kont\u00e9nerben, \u00e9s minimaliz\u00e1lja a<br \/>\nsz\u00e1ll\u00edt\u00e1si k\u00f6lts\u00e9gek az \u00fcgyfelek sz\u00e1m\u00e1ra.<\/li>\n<\/ul>\n<h2>F\u0151bb jellemz\u0151k<\/h2>\n<p>Ez a cs\u00facstechnol\u00f3gi\u00e1s sz\u00e1las l\u00e9zerv\u00e1g\u00f3 fejlett technol\u00f3gi\u00e1t integr\u00e1l a k\u00fcl\u00f6nf\u00e9le anyagok sima \u00e9s prec\u00edz v\u00e1g\u00e1s\u00e1hoz. Z\u00e1rt kialak\u00edt\u00e1sa fokozza a biztons\u00e1got, mik\u00f6zben jav\u00edtja a haszn\u00e1lhat\u00f3s\u00e1got a v\u00e1ltozatos munkak\u00f6rnyezetekben, mind az ipari, mind a kereskedelmi ig\u00e9nyeket kiel\u00e9g\u00edtve.<\/p>\n<h2>Alkalmaz\u00e1sok<\/h2>\n<p>L\u00e9zerv\u00e1g\u00f3 g\u00e9p\u00fcnk sokoldal\u00fa, ide\u00e1lis f\u00e9mmegmunk\u00e1l\u00e1si, feliratoz\u00e1si \u00e9s egy\u00e9b bonyolult v\u00e1g\u00e1si feladatokhoz. Fedezze fel a fokozott termel\u00e9kenys\u00e9get \u00e9s min\u0151s\u00e9get ezzel a robusztus, z\u00e1rt g\u00e9ppel, amely t\u00f6k\u00e9letes kieg\u00e9sz\u00edt\u0151je lehet b\u00e1rmely nagy termel\u00e9s\u0171 f\u00e9mmegmunk\u00e1l\u00f3 helyis\u00e9gnek.<\/p>","protected":false},"excerpt":{"rendered":"<p>Z\u00e1rt sz\u00e1las l\u00e9zerv\u00e1g\u00f3 g\u00e9p<\/p>","protected":false},"featured_media":2433,"comment_status":"open","ping_status":"closed","template":"","meta":{"_uag_custom_page_level_css":"","site-sidebar-layout":"default","site-content-layout":"default","ast-site-content-layout":"default","site-content-style":"default","site-sidebar-style":"default","ast-global-header-display":"","ast-banner-title-visibility":"","ast-main-header-display":"","ast-hfb-above-header-display":"","ast-hfb-below-header-display":"","ast-hfb-mobile-header-display":"","site-post-title":"disabled","ast-breadcrumbs-content":"disabled","ast-featured-img":"","footer-sml-layout":"","theme-transparent-header-meta":"default","adv-header-id-meta":"","stick-header-meta":"","header-above-stick-meta":"","header-main-stick-meta":"","header-below-stick-meta":"","astra-migrate-meta-layouts":"set","ast-page-background-enabled":"default","ast-page-background-meta":{"desktop":{"background-color":"","background-image":"","background-repeat":"repeat","background-position":"center center","background-size":"auto","background-attachment":"scroll","background-type":"","background-media":"","overlay-type":"","overlay-color":"","overlay-opacity":"","overlay-gradient":""},"tablet":{"background-color":"","background-image":"","background-repeat":"repeat","background-position":"center center","background-size":"auto","background-attachment":"scroll","background-type":"","background-media":"","overlay-type":"","overlay-color":"","overlay-opacity":"","overlay-gradient":""},"mobile":{"background-color":"","background-image":"","background-repeat":"repeat","background-position":"center center","background-size":"auto","background-attachment":"scroll","background-type":"","background-media":"","overlay-type":"","overlay-color":"","overlay-opacity":"","overlay-gradient":""}},"ast-content-background-meta":{"desktop":{"background-color":"var(--ast-global-color-5)","background-image":"","background-repeat":"repeat","background-position":"center center","background-size":"auto","background-attachment":"scroll","background-type":"","background-media":"","overlay-type":"","overlay-color":"","overlay-opacity":"","overlay-gradient":""},"tablet":{"background-color":"var(--ast-global-color-5)","background-image":"","background-repeat":"repeat","background-position":"center center","background-size":"auto","background-attachment":"scroll","background-type":"","background-media":"","overlay-type":"","overlay-color":"","overlay-opacity":"","overlay-gradient":""},"mobile":{"background-color":"var(--ast-global-color-5)","background-image":"","background-repeat":"repeat","background-position":"center center","background-size":"auto","background-attachment":"scroll","background-type":"","background-media":"","overlay-type":"","overlay-color":"","overlay-opacity":"","overlay-gradient":""}}},"product_brand":[],"product_cat":[17,77,121,122],"product_tag":[],"class_list":{"0":"post-324","1":"product","2":"type-product","3":"status-publish","4":"has-post-thumbnail","6":"product_cat-laser-cutting-machine","7":"product_cat-machine-sale","8":"product_cat-lezergepek","9":"product_cat-lezervago-gepek","10":"product_shipping_class-heavy-packages","11":"desktop-align-center","12":"tablet-align-left","13":"mobile-align-left","15":"first","16":"instock","17":"taxable","18":"shipping-taxable","19":"purchasable","20":"product-type-variable"},"uagb_featured_image_src":{"full":["https:\/\/pionlux.eu\/wp-content\/uploads\/2024\/11\/cnc-fiber-laser-cutting-machine.png",1000,700,false],"thumbnail":["https:\/\/pionlux.eu\/wp-content\/uploads\/2024\/11\/cnc-fiber-laser-cutting-machine-150x150.png",150,150,true],"medium":["https:\/\/pionlux.eu\/wp-content\/uploads\/2024\/11\/cnc-fiber-laser-cutting-machine-300x210.png",300,210,true],"medium_large":["https:\/\/pionlux.eu\/wp-content\/uploads\/2024\/11\/cnc-fiber-laser-cutting-machine-768x538.png",768,538,true],"large":["https:\/\/pionlux.eu\/wp-content\/uploads\/2024\/11\/cnc-fiber-laser-cutting-machine.png",1000,700,false],"1536x1536":["https:\/\/pionlux.eu\/wp-content\/uploads\/2024\/11\/cnc-fiber-laser-cutting-machine.png",1000,700,false],"2048x2048":["https:\/\/pionlux.eu\/wp-content\/uploads\/2024\/11\/cnc-fiber-laser-cutting-machine.png",1000,700,false],"trp-custom-language-flag":["https:\/\/pionlux.eu\/wp-content\/uploads\/2024\/11\/cnc-fiber-laser-cutting-machine.png",18,12,false],"woocommerce_thumbnail":["https:\/\/pionlux.eu\/wp-content\/uploads\/2024\/11\/cnc-fiber-laser-cutting-machine-300x300.png",300,300,true],"woocommerce_single":["https:\/\/pionlux.eu\/wp-content\/uploads\/2024\/11\/cnc-fiber-laser-cutting-machine-600x420.png",600,420,true],"woocommerce_gallery_thumbnail":["https:\/\/pionlux.eu\/wp-content\/uploads\/2024\/11\/cnc-fiber-laser-cutting-machine-100x100.png",100,100,true]},"uagb_author_info":{"display_name":"Benjamin","author_link":"https:\/\/pionlux.eu\/hu\/author\/"},"uagb_comment_info":0,"uagb_excerpt":"Enclosed Fiber Laser Cutting Machine","_links":{"self":[{"href":"https:\/\/pionlux.eu\/hu\/wp-json\/wp\/v2\/product\/324","targetHints":{"allow":["GET"]}}],"collection":[{"href":"https:\/\/pionlux.eu\/hu\/wp-json\/wp\/v2\/product"}],"about":[{"href":"https:\/\/pionlux.eu\/hu\/wp-json\/wp\/v2\/types\/product"}],"replies":[{"embeddable":true,"href":"https:\/\/pionlux.eu\/hu\/wp-json\/wp\/v2\/comments?post=324"}],"wp:featuredmedia":[{"embeddable":true,"href":"https:\/\/pionlux.eu\/hu\/wp-json\/wp\/v2\/media\/2433"}],"wp:attachment":[{"href":"https:\/\/pionlux.eu\/hu\/wp-json\/wp\/v2\/media?parent=324"}],"wp:term":[{"taxonomy":"product_brand","embeddable":true,"href":"https:\/\/pionlux.eu\/hu\/wp-json\/wp\/v2\/product_brand?post=324"},{"taxonomy":"product_cat","embeddable":true,"href":"https:\/\/pionlux.eu\/hu\/wp-json\/wp\/v2\/product_cat?post=324"},{"taxonomy":"product_tag","embeddable":true,"href":"https:\/\/pionlux.eu\/hu\/wp-json\/wp\/v2\/product_tag?post=324"}],"curies":[{"name":"munkaf\u00fczet","href":"https:\/\/api.w.org\/{rel}","templated":true}]}}