{"id":325,"date":"2024-11-12T19:33:04","date_gmt":"2024-11-12T19:33:04","guid":{"rendered":"https:\/\/pionlux.eu\/product\/kryo-x26-mtb-model-y\/"},"modified":"2025-12-05T08:28:10","modified_gmt":"2025-12-05T08:28:10","slug":"lf-mi-high-precision-laser-cutting-machine","status":"publish","type":"product","link":"https:\/\/pionlux.eu\/hu\/termek\/lf-mi-high-precision-laser-cutting-machine\/","title":{"rendered":"LF-Mi Mini nagy pontoss\u00e1g\u00fa sz\u00e1las l\u00e9zerv\u00e1g\u00f3 g\u00e9p"},"content":{"rendered":"<h2>Term\u00e9kadatok:<\/h2>\n<ul>\n<li>\n<table border=\"1\" cellspacing=\"1\" cellpadding=\"1\">\n<tbody>\n<tr>\n<td>\n<div>M\u00f3d<\/div>\n<\/td>\n<td>\n<div>LF-6060Mi<\/div>\n<\/td>\n<\/tr>\n<tr>\n<td>\n<div>Munkater\u00fclet<\/div>\n<\/td>\n<td>600*600mm<\/td>\n<\/tr>\n<tr>\n<td>\n<div>XYZ tengely<\/div>\n<\/td>\n<td>\n<div>600 * 600 * 100 mm<\/div>\n<\/td>\n<\/tr>\n<tr>\n<td>\n<div>L\u00e9zer t\u00e1pegys\u00e9g<\/div>\n<\/td>\n<td colspan=\"1\" rowspan=\"1\">\n<div>1000 W, 1500 W, 2000 W, 3000 W, 6000 W,<\/div>\n<\/td>\n<\/tr>\n<tr>\n<td>\n<div>Ter\u00fclet<\/div>\n<\/td>\n<td colspan=\"1\">\n<div>1480 * 1480 * 2050 mm<\/div>\n<\/td>\n<\/tr>\n<tr>\n<td>\n<div>Maxim\u00e1lis gyorsul\u00e1s<\/div>\n<\/td>\n<td colspan=\"1\" rowspan=\"1\">\n<div>1,5G<\/div>\n<\/td>\n<\/tr>\n<tr>\n<td>\n<div>Pozicion\u00e1l\u00e1si pontoss\u00e1g<\/div>\n<\/td>\n<td colspan=\"1\" rowspan=\"1\">\n<div><span style=\"font-family: Open Sans;\">\u00b18 \u03bcm<\/span><\/div>\n<\/td>\n<\/tr>\n<tr>\n<td>\n<div>Fesz\u00fclts\u00e9g<\/div>\n<\/td>\n<td colspan=\"1\" rowspan=\"1\">\n<div>380V 3 f\u00e1zis\u00fa 50\/60Hz<\/div>\n<\/td>\n<\/tr>\n<tr>\n<td>\n<div>Opcion\u00e1lis tartoz\u00e9kok<\/div>\n<\/td>\n<td colspan=\"1\" rowspan=\"1\">\n<div>L\u00e9gkondicion\u00e1l\u00f3, F\u00fcsttiszt\u00edt\u00f3, L\u00e9gkompresszor, Fesz\u00fclts\u00e9gszab\u00e1lyoz\u00f3<\/div>\n<\/td>\n<\/tr>\n<\/tbody>\n<\/table>\n<\/li>\n<\/ul>\n<h2>A nagy pontoss\u00e1g\u00fa l\u00e9zerv\u00e1g\u00e1si technol\u00f3gia meg\u00e9rt\u00e9se<\/h2>\n<p>A nagy pontoss\u00e1g\u00fa l\u00e9zerv\u00e1g\u00e1si technol\u00f3gia forradalmas\u00edtotta a gy\u00e1rt\u00e1si \u00e9s megmunk\u00e1l\u00e1si ipar\u00e1gakat az\u00e1ltal, hogy lehet\u0151v\u00e9 tette a bonyolult mint\u00e1k \u00e9s form\u00e1k kiv\u00e1g\u00e1s\u00e1t k\u00fcl\u00f6nf\u00e9le anyagokb\u00f3l figyelemre m\u00e9lt\u00f3 pontoss\u00e1ggal. A technol\u00f3gia k\u00f6z\u00e9ppontj\u00e1ban a l\u00e9zerforr\u00e1s \u00e1ll, amely egy er\u0151sen koncentr\u00e1lt f\u00e9nysugarat gener\u00e1l. Ez a sug\u00e1r finomhangolhat\u00f3 meghat\u00e1rozott param\u00e9terek el\u00e9r\u00e9s\u00e9hez, lehet\u0151v\u00e9 t\u00e9ve a m\u00e9ly behatol\u00e1st \u00e9s a tiszta v\u00e1g\u00e1sokat v\u00e9kony lemezekben, \u00edgy ide\u00e1lis megold\u00e1st jelent a prec\u00edzi\u00f3t ig\u00e9nyl\u0151 alkalmaz\u00e1sokhoz.<\/p>\n<p>A vezet\u0151rendszer egy m\u00e1sik kritikus elem, amely befoly\u00e1solja a v\u00e1g\u00e1si folyamat pontoss\u00e1g\u00e1t. A modern l\u00e9zerv\u00e1g\u00f3 g\u00e9pek fejlett \u00e9rz\u00e9kel\u0151ket \u00e9s szoftveralgoritmusokat haszn\u00e1lnak, amelyek biztos\u00edtj\u00e1k, hogy a l\u00e9zersug\u00e1r elt\u00e9r\u00e9s n\u00e9lk\u00fcl k\u00f6vesse a k\u00edv\u00e1nt \u00fatvonalat. Ennek a rendszernek mikroszkopikus t\u0171r\u00e9shat\u00e1rokon bel\u00fcl kell m\u0171k\u00f6dnie a sz\u00fcks\u00e9ges pontoss\u00e1g fenntart\u00e1sa \u00e9rdek\u00e9ben, k\u00fcl\u00f6n\u00f6sen olyan ipar\u00e1gakban, mint a rep\u00fcl\u0151g\u00e9pipar, az aut\u00f3ipar \u00e9s az elektronika, ahol m\u00e9g a legkisebb hiba is jelent\u0151s k\u00f6vetkezm\u00e9nyekkel j\u00e1rhat.<\/p>\n<p>Tov\u00e1bb\u00e1 a v\u00e1g\u00f3fej \u00fagy van kialak\u00edtva, hogy vez\u00e9relje a l\u00e9zersug\u00e1r pozicion\u00e1l\u00e1s\u00e1t \u00e9s f\u00f3kusz\u00e1t, mik\u00f6zben az az anyagon mozog. Ez az alkatr\u00e9sz optim\u00e1lis teljes\u00edtm\u00e9nyre lett tervezve, olyan funkci\u00f3kkal, mint az \u00e1ll\u00edthat\u00f3 f\u00f3kuszt\u00e1vols\u00e1g, amely alkalmazkodik a k\u00fcl\u00f6nb\u00f6z\u0151 anyagt\u00edpusokhoz \u00e9s vastags\u00e1gokhoz. Ezen alkatr\u00e9szek id\u0151beli fejl\u0151d\u00e9se kifinomultabb m\u00f3dszereket eredm\u00e9nyezett, amelyek a nagy sebess\u00e9g\u0171 m\u0171veletek sor\u00e1n a stabilit\u00e1st \u00e9s a pontoss\u00e1got helyezik el\u0151t\u00e9rbe, ez\u00e1ltal cs\u00f6kkentve az anyag deform\u00e1ci\u00f3j\u00e1nak vagy selejt\u00e9nek val\u00f3sz\u00edn\u0171s\u00e9g\u00e9t.<\/p>\n<p>A nagy pontoss\u00e1g\u00fa l\u00e9zerv\u00e1g\u00e1si technol\u00f3gia l\u00e9tfontoss\u00e1g\u00fa szerepet j\u00e1tszik a gy\u00e1rt\u00e1sban \u00e9s a protot\u00edpus-k\u00e9sz\u00edt\u00e9sben is, mivel lehet\u0151v\u00e9 teszi az alkatr\u00e9szek gyors l\u00e9trehoz\u00e1s\u00e1t, ami jobb term\u00e9kmin\u0151s\u00e9ghez vezethet. Ez a prec\u00edzi\u00f3 nemcsak a v\u00e9gterm\u00e9k eszt\u00e9tikai megjelen\u00e9s\u00e9t fokozza, hanem minimaliz\u00e1lja az anyaghullad\u00e9kot is, mivel a v\u00e1g\u00e1si folyamat jelent\u0151sen kevesebb selejtet termel a hagyom\u00e1nyos m\u00f3dszerekhez k\u00e9pest. Ahogy az ipar\u00e1gak egyre ink\u00e1bb alkalmazz\u00e1k a l\u00e9zerv\u00e1g\u00e1si technol\u00f3gi\u00e1t, a nagy pontoss\u00e1g\u00fa megold\u00e1sok ir\u00e1nti kereslet csak er\u0151s\u00f6dni fog, alak\u00edtva a termel\u00e9s \u00e9s az innov\u00e1ci\u00f3 j\u00f6v\u0151j\u00e9t.<\/p>\n<h2>A nagysebess\u00e9g\u0171 l\u00e9zerv\u00e1g\u00e1s el\u0151nyei v\u00e9kony lemezek eset\u00e9n<\/h2>\n<p>A nagysebess\u00e9g\u0171 l\u00e9zerv\u00e1g\u00f3 technol\u00f3gia forradalmas\u00edtotta a v\u00e9kony lemezanyagok feldolgoz\u00e1s\u00e1t, sz\u00e1mos el\u0151nnyel j\u00e1rva, amelyek n\u00f6velik a gy\u00e1rt\u00e1si hat\u00e9konys\u00e1got \u00e9s a termel\u00e9kenys\u00e9get. Az egyik legjelent\u0151sebb el\u0151ny a v\u00e1g\u00e1si folyamat hat\u00e9konys\u00e1ga. A nagysebess\u00e9g\u0171 l\u00e9zerv\u00e1g\u00f3 g\u00e9pek jelent\u0151sen cs\u00f6kkentik a gy\u00e1rt\u00e1si id\u0151t az\u00e1ltal, hogy lehet\u0151v\u00e9 teszik a gy\u00e1rt\u00f3k sz\u00e1m\u00e1ra, hogy figyelemre m\u00e9lt\u00f3 sebess\u00e9ggel \u00e9s pontoss\u00e1ggal v\u00e9gezz\u00e9k a v\u00e1g\u00e1sokat. Ez a hat\u00e9konys\u00e1g a megn\u00f6vekedett \u00e1tereszt\u0151k\u00e9pess\u00e9ghez vezet, ami azt jelenti, hogy a v\u00e1llalkoz\u00e1sok r\u00f6videbb id\u0151 alatt magasabb termel\u00e9si szintet \u00e9rhetnek el, ami v\u00e9gs\u0151 soron a j\u00f6vedelmez\u0151s\u00e9g n\u00f6veked\u00e9s\u00e9hez vezet.<\/p>\n<p>Ezenk\u00edv\u00fcl a nagysebess\u00e9g\u0171 l\u00e9zerv\u00e1g\u00f3 g\u00e9pek kompakt kialak\u00edt\u00e1sa k\u00fcl\u00f6n\u00f6sen el\u0151ny\u00f6s a helysz\u0171k\u00e9vel k\u00fczd\u0151 gy\u00e1rt\u00f3k sz\u00e1m\u00e1ra. Ezeknek a g\u00e9peknek a kis helyig\u00e9nye lehet\u0151v\u00e9 teszi integr\u00e1ci\u00f3jukat k\u00fcl\u00f6nf\u00e9le gy\u00e1rt\u00e1si k\u00f6rnyezetekbe an\u00e9lk\u00fcl, hogy a megl\u00e9v\u0151 be\u00e1ll\u00edt\u00e1sokon jelent\u0151s m\u00f3dos\u00edt\u00e1sokat kellene v\u00e9gezni. Ez egyre el\u0151ny\u00f6sebb a kisebb v\u00e1llalkoz\u00e1sok sz\u00e1m\u00e1ra, amelyek optimaliz\u00e1lni k\u00edv\u00e1nj\u00e1k m\u0171k\u00f6d\u00e9s\u00fcket, mik\u00f6zben fenntartj\u00e1k a l\u00e9zerv\u00e1g\u00e1si folyamatokhoz sz\u00fcks\u00e9ges helyet.<\/p>\n<p>Egy m\u00e1sik fontos szempont, amelyet figyelembe kell venni, a nagysebess\u00e9g\u0171 l\u00e9zerv\u00e1g\u00e1ssal j\u00e1r\u00f3 \u00fczemeltet\u00e9si k\u00f6lts\u00e9gek cs\u00f6kkent\u00e9se. A v\u00e1g\u00e1si sebess\u00e9g n\u00f6vel\u00e9s\u00e9vel, mik\u00f6zben meg\u0151rzi a nagy pontoss\u00e1got, a gy\u00e1rt\u00f3k minimaliz\u00e1lhatj\u00e1k az anyagpazarl\u00e1st, ami alacsonyabb nyersanyag-fogyaszt\u00e1st eredm\u00e9nyez. Ez a m\u0171k\u00f6d\u00e9si hat\u00e9konys\u00e1g az energiafogyaszt\u00e1sra is kiterjed; a nagysebess\u00e9g\u0171 g\u00e9pek gyakran kevesebb energi\u00e1t ig\u00e9nyelnek feldolgozott egys\u00e9genk\u00e9nt a hagyom\u00e1nyos v\u00e1g\u00e1si m\u00f3dszerekhez k\u00e9pest, ami tov\u00e1bb cs\u00f6kkenti az \u00f6sszk\u00f6lts\u00e9geket.<\/p>\n<p>Az ipar\u00e1gi esettanulm\u00e1nyok a nagysebess\u00e9g\u0171 l\u00e9zerv\u00e1g\u00e1si technol\u00f3gia sikeres alkalmaz\u00e1s\u00e1t mutatj\u00e1k be k\u00fcl\u00f6nb\u00f6z\u0151 \u00e1gazatokban, p\u00e9ld\u00e1ul az aut\u00f3iparban, a rep\u00fcl\u0151g\u00e9piparban \u00e9s az elektronik\u00e1ban. Ezen ipar\u00e1gak v\u00e1llalatai jelent\u0151s javul\u00e1sr\u00f3l sz\u00e1moltak be a termel\u00e9si hat\u00e9konys\u00e1gban, a prec\u00edz, tiszta v\u00e1g\u00e1sok lehet\u0151v\u00e9 teszik a z\u00f6kken\u0151mentes \u00f6sszeszerel\u00e9st \u00e9s a cs\u00f6kkentett ut\u00f3munk\u00e1latokat. A v\u00e9kony lemezek nagysebess\u00e9g\u0171 l\u00e9zerv\u00e1g\u00e1s\u00e1nak el\u0151nyei teh\u00e1t \u00e1talak\u00edt\u00f3 hat\u00e1ssal b\u00edrnak mind a termel\u00e9kenys\u00e9gre, mind a k\u00f6lts\u00e9ghat\u00e9konys\u00e1gra, \u00e9s a modern gy\u00e1rt\u00e1si folyamatok kritikus eszk\u00f6z\u00e9v\u00e9 pozicion\u00e1lj\u00e1k azt.<\/p>","protected":false},"excerpt":{"rendered":"<p>Product Details: Mode LF-6060Mi Working Area 600*600mm X Y Z Axis Stroke 600*600*100mm Laser Power Supply 1000w, 1500w, 2000w, 3000w, 6000w, Footprint 1480*1480*2050mm Maximum Acceleration 1.5G Positioning Accuracy \u00b18\u03bcm Voltage 380V 3PH 50\/60HZ Upgrade Air Conditioner, Smoke Purifier, Air Compressor, Voltage Regulator Understanding High Precision Laser Cutting Technology High precision laser cutting technology has revolutionized [&hellip;]<\/p>\n","protected":false},"featured_media":2454,"comment_status":"open","ping_status":"closed","template":"","meta":{"_uag_custom_page_level_css":"","site-sidebar-layout":"default","site-content-layout":"default","ast-site-content-layout":"default","site-content-style":"default","site-sidebar-style":"default","ast-global-header-display":"","ast-banner-title-visibility":"","ast-main-header-display":"","ast-hfb-above-header-display":"","ast-hfb-below-header-display":"","ast-hfb-mobile-header-display":"","site-post-title":"disabled","ast-breadcrumbs-content":"disabled","ast-featured-img":"","footer-sml-layout":"","theme-transparent-header-meta":"default","adv-header-id-meta":"","stick-header-meta":"","header-above-stick-meta":"","header-main-stick-meta":"","header-below-stick-meta":"","astra-migrate-meta-layouts":"set","ast-page-background-enabled":"default","ast-page-background-meta":{"desktop":{"background-color":"","background-image":"","background-repeat":"repeat","background-position":"center center","background-size":"auto","background-attachment":"scroll","background-type":"","background-media":"","overlay-type":"","overlay-color":"","overlay-opacity":"","overlay-gradient":""},"tablet":{"background-color":"","background-image":"","background-repeat":"repeat","background-position":"center center","background-size":"auto","background-attachment":"scroll","background-type":"","background-media":"","overlay-type":"","overlay-color":"","overlay-opacity":"","overlay-gradient":""},"mobile":{"background-color":"","background-image":"","background-repeat":"repeat","background-position":"center center","background-size":"auto","background-attachment":"scroll","background-type":"","background-media":"","overlay-type":"","overlay-color":"","overlay-opacity":"","overlay-gradient":""}},"ast-content-background-meta":{"desktop":{"background-color":"var(--ast-global-color-5)","background-image":"","background-repeat":"repeat","background-position":"center center","background-size":"auto","background-attachment":"scroll","background-type":"","background-media":"","overlay-type":"","overlay-color":"","overlay-opacity":"","overlay-gradient":""},"tablet":{"background-color":"var(--ast-global-color-5)","background-image":"","background-repeat":"repeat","background-position":"center center","background-size":"auto","background-attachment":"scroll","background-type":"","background-media":"","overlay-type":"","overlay-color":"","overlay-opacity":"","overlay-gradient":""},"mobile":{"background-color":"var(--ast-global-color-5)","background-image":"","background-repeat":"repeat","background-position":"center center","background-size":"auto","background-attachment":"scroll","background-type":"","background-media":"","overlay-type":"","overlay-color":"","overlay-opacity":"","overlay-gradient":""}}},"product_brand":[],"product_cat":[17,77,121,122],"product_tag":[],"class_list":{"0":"post-325","1":"product","2":"type-product","3":"status-publish","4":"has-post-thumbnail","6":"product_cat-laser-cutting-machine","7":"product_cat-machine-sale","8":"product_cat-lezergepek","9":"product_cat-lezervago-gepek","10":"product_shipping_class-heavy-packages","11":"desktop-align-center","12":"tablet-align-left","13":"mobile-align-left","15":"first","16":"instock","17":"taxable","18":"shipping-taxable","19":"purchasable","20":"product-type-variable"},"uagb_featured_image_src":{"full":["https:\/\/pionlux.eu\/wp-content\/uploads\/2024\/11\/image-1.png",1189,669,false],"thumbnail":["https:\/\/pionlux.eu\/wp-content\/uploads\/2024\/11\/image-1-150x150.png",150,150,true],"medium":["https:\/\/pionlux.eu\/wp-content\/uploads\/2024\/11\/image-1-300x169.png",300,169,true],"medium_large":["https:\/\/pionlux.eu\/wp-content\/uploads\/2024\/11\/image-1-768x432.png",768,432,true],"large":["https:\/\/pionlux.eu\/wp-content\/uploads\/2024\/11\/image-1-1024x576.png",1024,576,true],"1536x1536":["https:\/\/pionlux.eu\/wp-content\/uploads\/2024\/11\/image-1.png",1189,669,false],"2048x2048":["https:\/\/pionlux.eu\/wp-content\/uploads\/2024\/11\/image-1.png",1189,669,false],"trp-custom-language-flag":["https:\/\/pionlux.eu\/wp-content\/uploads\/2024\/11\/image-1.png",18,10,false],"woocommerce_thumbnail":["https:\/\/pionlux.eu\/wp-content\/uploads\/2024\/11\/image-1-300x300.png",300,300,true],"woocommerce_single":["https:\/\/pionlux.eu\/wp-content\/uploads\/2024\/11\/image-1-600x338.png",600,338,true],"woocommerce_gallery_thumbnail":["https:\/\/pionlux.eu\/wp-content\/uploads\/2024\/11\/image-1-100x100.png",100,100,true]},"uagb_author_info":{"display_name":"Benjamin","author_link":"https:\/\/pionlux.eu\/hu\/author\/"},"uagb_comment_info":0,"uagb_excerpt":"Product Details: Mode LF-6060Mi Working Area 600*600mm X Y Z Axis Stroke 600*600*100mm Laser Power Supply 1000w, 1500w, 2000w, 3000w, 6000w, Footprint 1480*1480*2050mm Maximum Acceleration 1.5G Positioning Accuracy \u00b18\u03bcm Voltage 380V 3PH 50\/60HZ Upgrade Air Conditioner, Smoke Purifier, Air Compressor, Voltage Regulator Understanding High Precision Laser Cutting Technology High precision laser cutting technology has revolutionized&hellip;","_links":{"self":[{"href":"https:\/\/pionlux.eu\/hu\/wp-json\/wp\/v2\/product\/325","targetHints":{"allow":["GET"]}}],"collection":[{"href":"https:\/\/pionlux.eu\/hu\/wp-json\/wp\/v2\/product"}],"about":[{"href":"https:\/\/pionlux.eu\/hu\/wp-json\/wp\/v2\/types\/product"}],"replies":[{"embeddable":true,"href":"https:\/\/pionlux.eu\/hu\/wp-json\/wp\/v2\/comments?post=325"}],"wp:featuredmedia":[{"embeddable":true,"href":"https:\/\/pionlux.eu\/hu\/wp-json\/wp\/v2\/media\/2454"}],"wp:attachment":[{"href":"https:\/\/pionlux.eu\/hu\/wp-json\/wp\/v2\/media?parent=325"}],"wp:term":[{"taxonomy":"product_brand","embeddable":true,"href":"https:\/\/pionlux.eu\/hu\/wp-json\/wp\/v2\/product_brand?post=325"},{"taxonomy":"product_cat","embeddable":true,"href":"https:\/\/pionlux.eu\/hu\/wp-json\/wp\/v2\/product_cat?post=325"},{"taxonomy":"product_tag","embeddable":true,"href":"https:\/\/pionlux.eu\/hu\/wp-json\/wp\/v2\/product_tag?post=325"}],"curies":[{"name":"munkaf\u00fczet","href":"https:\/\/api.w.org\/{rel}","templated":true}]}}