{"id":330,"date":"2024-11-12T19:33:04","date_gmt":"2024-11-12T19:33:04","guid":{"rendered":"https:\/\/pionlux.eu\/product\/kryo-x26-mtb-model-k\/"},"modified":"2025-08-04T10:11:19","modified_gmt":"2025-08-04T10:11:19","slug":"lf-pe-protective-enclosed-fiber-laser-cutting-machine","status":"publish","type":"product","link":"https:\/\/pionlux.eu\/hu\/termek\/lf-pe-protective-enclosed-fiber-laser-cutting-machine\/","title":{"rendered":"LF-PE v\u00e9d\u0151, z\u00e1rt sz\u00e1las l\u00e9zerv\u00e1g\u00f3 g\u00e9p"},"content":{"rendered":"<h2>Term\u00e9kadatok:<\/h2>\n<ul>\n<li>\n<table class=\"custom-table\">\n<thead>\n<tr>\n<th>M\u00f3d<\/th>\n<th>LF-3015PE<\/th>\n<th>LF-6015PE<\/th>\n<th>LF-4020PE<\/th>\n<th>LF-6025PE<\/th>\n<th>LF-12025PE<\/th>\n<\/tr>\n<\/thead>\n<tbody>\n<tr>\n<td>Munkater\u00fclet<\/td>\n<td>3000 * 1500 mm<\/td>\n<td>6000 * 1500 mm<\/td>\n<td>4000 * 2000 mm<\/td>\n<td>6000 * 2500 mm<\/td>\n<td>12000 * 2500 mm<\/td>\n<\/tr>\n<tr>\n<td>XYZ tengely<\/td>\n<td>1520 * 3100 * 100 mm<\/td>\n<td>1520 * 6050 * 100 mm<\/td>\n<td>2040 * 4050 * 100 mm<\/td>\n<td>2510 * 6100 * 260 mm<\/td>\n<td>2510 * 12500 * 260 mm<\/td>\n<\/tr>\n<tr>\n<td>L\u00e9zer t\u00e1pegys\u00e9g<\/td>\n<td colspan=\"5\">2000 W, 3000 W, 6000 W, 12000 W, 20000 W, 30000 W, 40000 W, 50000 W stb.<\/td>\n<\/tr>\n<tr>\n<td>Maxim\u00e1lis gyorsul\u00e1s<\/td>\n<td colspan=\"5\">2G<\/td>\n<\/tr>\n<tr>\n<td>Pozicion\u00e1l\u00e1si pontoss\u00e1g<\/td>\n<td colspan=\"5\">\u00b10,03 mm<\/td>\n<\/tr>\n<tr>\n<td>Fesz\u00fclts\u00e9g<\/td>\n<td colspan=\"5\">380V 3 f\u00e1zis\u00fa 50\/60Hz<\/td>\n<\/tr>\n<tr>\n<td>V\u00e1g\u00e1si k\u00e9pess\u00e9g<\/td>\n<td colspan=\"5\">Sz\u00e9nac\u00e9l: 1-80 mm, Rozsdamentes ac\u00e9l: 1-70 mm, Alum\u00ednium: 1-60 mm, S\u00e1rgar\u00e9z: 1-20 mm<\/td>\n<\/tr>\n<tr>\n<td>Opcion\u00e1lis tartoz\u00e9kok<\/td>\n<td colspan=\"5\">L\u00e9gkondicion\u00e1l\u00f3, F\u00fcsttiszt\u00edt\u00f3, L\u00e9gkompresszor, Fesz\u00fclts\u00e9gszab\u00e1lyoz\u00f3, Biztons\u00e1gi f\u00e9nyf\u00fcgg\u00f6ny, Ajt\u00f3v\u00e9d\u0151 kapcsol\u00f3<\/td>\n<\/tr>\n<\/tbody>\n<\/table>\n<\/li>\n<\/ul>\n<h2>G\u00e9p tulajdons\u00e1gai:<\/h2>\n<ul>\n<li>A nagy szil\u00e1rds\u00e1g\u00fa f\u00e9m v\u00e9d\u0151burkolat megv\u00e9di a kezel\u0151t a l\u00e9zersugarakt\u00f3l<br \/>\nsug\u00e1rz\u00e1s, mik\u00f6zben z\u00e1rt \u00e9s k\u00f6rnyezetbar\u00e1t k\u00f6rnyezetet biztos\u00edt<br \/>\nmegold\u00e1s a f\u00fcst\u00f6k \u00e9s t\u00f6rmel\u00e9k \u00f6sszegy\u0171jt\u00e9s\u00e9re \u00e9s \u00e1rtalmatlan\u00edt\u00e1s\u00e1ra.<\/li>\n<li>A 3015-\u00f6s m\u00e9ret\u0171 csereasztal ak\u00e1r 10 m\u00e1sodperc alatt is elv\u00e9gezheti a cser\u00e9ket,<br \/>\na be- \u00e9s kirakod\u00e1si id\u0151 megtakar\u00edt\u00e1sa \u00e9s a g\u00e9pek hat\u00e9konys\u00e1g\u00e1nak n\u00f6vel\u00e9se.<br \/>\nEzenk\u00edv\u00fcl a nagym\u00e9ret\u0171 kezel\u0151k\u00e9perny\u0151 a k\u00fcl\u00f6nf\u00e9le \u00fcgyf\u00e9lig\u00e9nyeket is kiel\u00e9g\u00edti.<br \/>\nig\u00e9nyek.<\/li>\n<li>K\u00e9t megfigyel\u0151kamera lehet\u0151v\u00e9 teszi a kezel\u0151 sz\u00e1m\u00e1ra a v\u00e1g\u00f3fej megfigyel\u00e9s\u00e9t<br \/>\nm\u0171k\u00f6d\u00e9s ajt\u00f3nyit\u00e1s n\u00e9lk\u00fcl, \u00e9s \u00e9rz\u00e9keli a be- \u00e9s kirakod\u00e1st<br \/>\nh\u00e1ts\u00f3 \u00e1gy mozg\u00e1s n\u00e9lk\u00fcl.<\/li>\n<\/ul>\n<h2>Nagy szil\u00e1rds\u00e1g\u00fa f\u00e9m v\u00e9d\u0151tok: A kezel\u0151 biztons\u00e1g\u00e1nak garant\u00e1l\u00e1sa<\/h2>\n<p>A sz\u00e1las l\u00e9zerv\u00e1g\u00f3 g\u00e9pekben a nagy szil\u00e1rds\u00e1g\u00fa f\u00e9m v\u00e9d\u0151burkolat bevezet\u00e9se kiemelked\u0151 fontoss\u00e1g\u00fa a kezel\u0151 biztons\u00e1ga \u00e9rdek\u00e9ben. Ezek a burkolatok kritikus v\u00e9d\u0151r\u00e9tegk\u00e9nt szolg\u00e1lnak, hat\u00e9konyan v\u00e9dve a kezel\u0151ket a k\u00e1ros l\u00e9zersug\u00e1rz\u00e1st\u00f3l, amely s\u00falyos s\u00e9r\u00fcl\u00e9sekhez vagy hossz\u00fa t\u00e1v\u00fa eg\u00e9szs\u00e9g\u00fcgyi kock\u00e1zatokhoz vezethet. Az ipari k\u00f6rnyezetben, ahol a biztons\u00e1gi el\u0151\u00edr\u00e1sok egyre ink\u00e1bb priorit\u00e1st \u00e9lveznek, a v\u00e9d\u0151burkolat nemcsak jellemz\u0151v\u00e9, hanem sz\u00fcks\u00e9gess\u00e9 v\u00e1lik. A fejlett anyagok integr\u00e1l\u00e1sa ezeknek a burkolatoknak a gy\u00e1rt\u00e1s\u00e1ba n\u00f6veli azok k\u00e9pess\u00e9g\u00e9t a sz\u00e9ls\u0151s\u00e9ges k\u00f6r\u00fclm\u00e9nyek k\u00f6z\u00f6tti ellen\u00e1ll\u00e1sra, mik\u00f6zben optim\u00e1lis v\u00e9delmet ny\u00fajtanak.<\/p>\n<p>Az ilyen v\u00e9d\u0151tokok gy\u00e1rt\u00e1s\u00e1hoz jellemz\u0151en nagy s\u0171r\u0171s\u00e9g\u0171 f\u00e9meket, p\u00e9ld\u00e1ul ac\u00e9lt \u00e9s alum\u00edniumot haszn\u00e1lnak, amelyek kiv\u00e1l\u00f3 tart\u00f3ss\u00e1got \u00e9s kop\u00e1s\u00e1ll\u00f3s\u00e1got biztos\u00edtanak. Az ilyen anyagv\u00e1laszt\u00e1s nemcsak a v\u00e9d\u0151tok szerkezeti integrit\u00e1s\u00e1t jav\u00edtja, hanem hozz\u00e1j\u00e1rul a sz\u00e1loptik\u00e1s l\u00e9zerv\u00e1g\u00f3 g\u00e9p \u00e9lettartam\u00e1hoz is. A robusztus konstrukci\u00f3 biztos\u00edtja, hogy a burkolat ellen\u00e1lljon a mindennapi m\u0171veletek megterhel\u00e9s\u00e9nek, ez\u00e1ltal minimaliz\u00e1lva a l\u00e9zersug\u00e1rnak val\u00f3 v\u00e9letlen kitetts\u00e9g kock\u00e1zat\u00e1t.<\/p>\n<p>A szigor\u00fa biztons\u00e1gi szabv\u00e1nyoknak \u00e9s el\u0151\u00edr\u00e1soknak megfelel\u0151en ezek a nagy szil\u00e1rds\u00e1g\u00fa f\u00e9m v\u00e9d\u0151tokok az ipar\u00e1gi biztons\u00e1gi protokolloknak megfelel\u0151en k\u00e9sz\u00fcltek. Ez a megfelel\u0151s\u00e9g elengedhetetlen a biztons\u00e1gos munkahelyi k\u00f6rnyezet megteremt\u00e9s\u00e9hez, \u00f6sszhangban a munkahelyi vesz\u00e9lyek cs\u00f6kkent\u00e9s\u00e9nek \u00e1tfog\u00f3 c\u00e9lj\u00e1val. Az ilyen v\u00e9d\u0151funkci\u00f3kkal felszerelt sz\u00e1loptikai l\u00e9zerv\u00e1g\u00f3 g\u00e9pekbe val\u00f3 befektet\u00e9ssel a v\u00e1llalkoz\u00e1sok bizony\u00edtj\u00e1k elk\u00f6telezetts\u00e9g\u00fcket szem\u00e9lyzet\u00fck v\u00e9delme ir\u00e1nt. A fokozott kezel\u0151i biztons\u00e1g, az anyagok tart\u00f3ss\u00e1ga \u00e9s a biztons\u00e1gi el\u0151\u00edr\u00e1sok betart\u00e1sa kombin\u00e1ci\u00f3ja kiemeli a j\u00f3l megtervezett v\u00e9d\u0151tok alapvet\u0151 fontoss\u00e1g\u00e1t a modern f\u00e9mmegmunk\u00e1l\u00e1si m\u0171veletekben.<\/p>\n<h2>Z\u00e1rt megold\u00e1s f\u00fcst- \u00e9s t\u00f6rmel\u00e9kkezel\u00e9sre<\/h2>\n<p>A z\u00e1rt megold\u00e1sok bevezet\u00e9se a sz\u00e1las l\u00e9zerv\u00e1g\u00f3 g\u00e9pekben jelent\u0151sen jav\u00edtja a f\u00fcst- \u00e9s t\u00f6rmel\u00e9kkezel\u00e9st. Ezek a g\u00e9pek j\u00f3l megtervezett kialak\u00edt\u00e1ssal rendelkeznek, amely megk\u00f6nny\u00edti a v\u00e1g\u00e1si folyamat sor\u00e1n keletkez\u0151 k\u00e1ros kibocs\u00e1t\u00e1sok \u00e9s r\u00e9szecsk\u00e9k hat\u00e9kony felfog\u00e1s\u00e1t \u00e9s \u00e1rtalmatlan\u00edt\u00e1s\u00e1t. A fejlett szell\u0151ztet\u0151rendszerek \u00e9s speci\u00e1lis sz\u0171r\u0151k integr\u00e1l\u00e1s\u00e1val a z\u00e1rt sz\u00e1las l\u00e9zerv\u00e1g\u00f3 g\u00e9pek minimaliz\u00e1lhatj\u00e1k a k\u00e1ros anyagok kibocs\u00e1t\u00e1s\u00e1t a munkak\u00f6rnyezetbe. Ez nemcsak a biztons\u00e1gosabb munkahelyhez j\u00e1rul hozz\u00e1, hanem \u00f6sszhangban van az ipari kibocs\u00e1t\u00e1sok cs\u00f6kkent\u00e9s\u00e9t c\u00e9lz\u00f3 k\u00f6rnyezetv\u00e9delmi el\u0151\u00edr\u00e1sokkal is.<\/p>\n<p>A z\u00e1rt kialak\u00edt\u00e1s egyik legfontosabb el\u0151nye, hogy a f\u00fcst\u00f6t \u00e9s a t\u00f6rmel\u00e9ket egy kijel\u00f6lt ter\u00fcleten bel\u00fcl k\u00e9pes tartani, ami megakad\u00e1lyozza a szennyez\u0151 anyagok terjed\u00e9s\u00e9t a k\u00f6rnyez\u0151 k\u00f6rnyezetbe. Az ezekben a g\u00e9pekben alkalmazott sz\u0171r\u0151rendszerek jellemz\u0151en HEPA vagy akt\u00edv sz\u00e9n sz\u0171r\u0151kkel vannak felszerelve, amelyek akt\u00edvan elt\u00e1vol\u00edtj\u00e1k a r\u00e9szecsk\u00e9ket, a f\u00fcst\u00f6ket \u00e9s a k\u00e1ros g\u00e1zokat, ez\u00e1ltal biztos\u00edtva a tiszt\u00e1bb leveg\u0151min\u0151s\u00e9get. Ezzel ezek a rendszerek nemcsak a k\u00f6rnyezetet v\u00e9dik, hanem a kezel\u0151k eg\u00e9szs\u00e9g\u00e9t is, akik a v\u00e1g\u00e1si folyamat sor\u00e1n k\u00e1ros kibocs\u00e1t\u00e1soknak lehetnek kit\u00e9ve.<\/p>\n<p>Tov\u00e1bb\u00e1 a f\u00fcst\u00f6k \u00e9s t\u00f6rmel\u00e9kek kibocs\u00e1t\u00e1s\u00e1nak minimaliz\u00e1l\u00e1sa a takar\u00edt\u00e1si id\u0151 cs\u00f6kken\u00e9s\u00e9t \u00e9s a m\u0171k\u00f6d\u00e9si hat\u00e9konys\u00e1g n\u00f6veked\u00e9s\u00e9t eredm\u00e9nyezi. Egy z\u00e1rt megold\u00e1ssal a munkav\u00e1llal\u00f3k kevesebb id\u0151t t\u00f6ltenek a hullad\u00e9kkezel\u00e9ssel \u00e9s a munkater\u00fcletek takar\u00edt\u00e1s\u00e1val, \u00edgy jobban tudnak a termel\u00e9sre \u00e9s m\u00e1s kritikus feladatokra koncentr\u00e1lni. Ez az egyszer\u0171s\u00edtett munkafolyamat a termel\u00e9kenys\u00e9g \u00e1ltal\u00e1nos javul\u00e1s\u00e1hoz vezethet, mivel az ilyen biztons\u00e1gi funkci\u00f3kkal felszerelt g\u00e9pek hat\u00e9konyabban m\u0171k\u00f6dnek, \u00e9s a cs\u00f6kkent szennyez\u0151d\u00e9si kock\u00e1zatok miatt kevesebb karbantart\u00e1st ig\u00e9nyelnek.<\/p>\n<p>\u00d6sszefoglalva, a z\u00e1rt, robusztus f\u00fcst- \u00e9s t\u00f6rmel\u00e9kkezel\u0151 rendszerekkel ell\u00e1tott sz\u00e1loptik\u00e1s l\u00e9zerv\u00e1g\u00f3 g\u00e9pek haszn\u00e1lata eg\u00e9szs\u00e9gesebb munkak\u00f6rnyezetet \u00e9s fenntarthat\u00f3bb m\u0171k\u00f6d\u00e9si keretet teremt, ami mind a munkav\u00e1llal\u00f3k, mind a bolyg\u00f3 sz\u00e1m\u00e1ra el\u0151ny\u00f6s.<\/p>","protected":false},"excerpt":{"rendered":"<p>Product Details: Mode LF-3015PE LF-6015PE LF-4020PE LF-6025PE LF-12025PE Working Area 3000*1500mm 6000*1500mm 4000*2000mm 6000*2500mm 12000*2500mm X Y Z Axis Stroke 1520*3100*100mm 1520*6050*100mm 2040*4050*100mm 2510*6100*260mm 2510*12500*260mm Laser Power Supply 2000w, 3000w, 6000w, 12000w, 20000w, 30000w, 40000w, 50000w, etc. Maximum Acceleration 2G Positioning Accuracy \u00b10.03mm Voltage 380V 3PH 50\/60HZ Cutting Ability Carbon Steel: 1-80mm, Stainless Steel: 1-70mm, [&hellip;]<\/p>\n","protected":false},"featured_media":2449,"comment_status":"open","ping_status":"closed","template":"","meta":{"_uag_custom_page_level_css":"","site-sidebar-layout":"default","site-content-layout":"default","ast-site-content-layout":"default","site-content-style":"default","site-sidebar-style":"default","ast-global-header-display":"","ast-banner-title-visibility":"","ast-main-header-display":"","ast-hfb-above-header-display":"","ast-hfb-below-header-display":"","ast-hfb-mobile-header-display":"","site-post-title":"disabled","ast-breadcrumbs-content":"disabled","ast-featured-img":"","footer-sml-layout":"","theme-transparent-header-meta":"default","adv-header-id-meta":"","stick-header-meta":"","header-above-stick-meta":"","header-main-stick-meta":"","header-below-stick-meta":"","astra-migrate-meta-layouts":"set","ast-page-background-enabled":"default","ast-page-background-meta":{"desktop":{"background-color":"","background-image":"","background-repeat":"repeat","background-position":"center center","background-size":"auto","background-attachment":"scroll","background-type":"","background-media":"","overlay-type":"","overlay-color":"","overlay-opacity":"","overlay-gradient":""},"tablet":{"background-color":"","background-image":"","background-repeat":"repeat","background-position":"center center","background-size":"auto","background-attachment":"scroll","background-type":"","background-media":"","overlay-type":"","overlay-color":"","overlay-opacity":"","overlay-gradient":""},"mobile":{"background-color":"","background-image":"","background-repeat":"repeat","background-position":"center center","background-size":"auto","background-attachment":"scroll","background-type":"","background-media":"","overlay-type":"","overlay-color":"","overlay-opacity":"","overlay-gradient":""}},"ast-content-background-meta":{"desktop":{"background-color":"var(--ast-global-color-5)","background-image":"","background-repeat":"repeat","background-position":"center center","background-size":"auto","background-attachment":"scroll","background-type":"","background-media":"","overlay-type":"","overlay-color":"","overlay-opacity":"","overlay-gradient":""},"tablet":{"background-color":"var(--ast-global-color-5)","background-image":"","background-repeat":"repeat","background-position":"center center","background-size":"auto","background-attachment":"scroll","background-type":"","background-media":"","overlay-type":"","overlay-color":"","overlay-opacity":"","overlay-gradient":""},"mobile":{"background-color":"var(--ast-global-color-5)","background-image":"","background-repeat":"repeat","background-position":"center center","background-size":"auto","background-attachment":"scroll","background-type":"","background-media":"","overlay-type":"","overlay-color":"","overlay-opacity":"","overlay-gradient":""}}},"product_brand":[],"product_cat":[17,121,122],"product_tag":[],"class_list":{"0":"post-330","1":"product","2":"type-product","3":"status-publish","4":"has-post-thumbnail","6":"product_cat-laser-cutting-machine","7":"product_cat-lezergepek","8":"product_cat-lezervago-gepek","9":"product_shipping_class-heavy-packages","10":"desktop-align-center","11":"tablet-align-left","12":"mobile-align-left","14":"first","15":"instock","16":"taxable","17":"shipping-taxable","18":"purchasable","19":"product-type-variable"},"uagb_featured_image_src":{"full":["https:\/\/pionlux.eu\/wp-content\/uploads\/2024\/11\/01-03-PF-PE-1-2_4.jpg",700,700,false],"thumbnail":["https:\/\/pionlux.eu\/wp-content\/uploads\/2024\/11\/01-03-PF-PE-1-2_4-150x150.jpg",150,150,true],"medium":["https:\/\/pionlux.eu\/wp-content\/uploads\/2024\/11\/01-03-PF-PE-1-2_4-300x300.jpg",300,300,true],"medium_large":["https:\/\/pionlux.eu\/wp-content\/uploads\/2024\/11\/01-03-PF-PE-1-2_4.jpg",700,700,false],"large":["https:\/\/pionlux.eu\/wp-content\/uploads\/2024\/11\/01-03-PF-PE-1-2_4.jpg",700,700,false],"1536x1536":["https:\/\/pionlux.eu\/wp-content\/uploads\/2024\/11\/01-03-PF-PE-1-2_4.jpg",700,700,false],"2048x2048":["https:\/\/pionlux.eu\/wp-content\/uploads\/2024\/11\/01-03-PF-PE-1-2_4.jpg",700,700,false],"trp-custom-language-flag":["https:\/\/pionlux.eu\/wp-content\/uploads\/2024\/11\/01-03-PF-PE-1-2_4.jpg",12,12,false],"woocommerce_thumbnail":["https:\/\/pionlux.eu\/wp-content\/uploads\/2024\/11\/01-03-PF-PE-1-2_4-300x300.jpg",300,300,true],"woocommerce_single":["https:\/\/pionlux.eu\/wp-content\/uploads\/2024\/11\/01-03-PF-PE-1-2_4-600x600.jpg",600,600,true],"woocommerce_gallery_thumbnail":["https:\/\/pionlux.eu\/wp-content\/uploads\/2024\/11\/01-03-PF-PE-1-2_4-100x100.jpg",100,100,true]},"uagb_author_info":{"display_name":"Benjamin","author_link":"https:\/\/pionlux.eu\/hu\/author\/"},"uagb_comment_info":0,"uagb_excerpt":"Product Details: Mode LF-3015PE LF-6015PE LF-4020PE LF-6025PE LF-12025PE Working Area 3000*1500mm 6000*1500mm 4000*2000mm 6000*2500mm 12000*2500mm X Y Z Axis Stroke 1520*3100*100mm 1520*6050*100mm 2040*4050*100mm 2510*6100*260mm 2510*12500*260mm Laser Power Supply 2000w, 3000w, 6000w, 12000w, 20000w, 30000w, 40000w, 50000w, etc. Maximum Acceleration 2G Positioning Accuracy \u00b10.03mm Voltage 380V 3PH 50\/60HZ Cutting Ability Carbon Steel: 1-80mm, Stainless Steel: 1-70mm,&hellip;","_links":{"self":[{"href":"https:\/\/pionlux.eu\/hu\/wp-json\/wp\/v2\/product\/330","targetHints":{"allow":["GET"]}}],"collection":[{"href":"https:\/\/pionlux.eu\/hu\/wp-json\/wp\/v2\/product"}],"about":[{"href":"https:\/\/pionlux.eu\/hu\/wp-json\/wp\/v2\/types\/product"}],"replies":[{"embeddable":true,"href":"https:\/\/pionlux.eu\/hu\/wp-json\/wp\/v2\/comments?post=330"}],"wp:featuredmedia":[{"embeddable":true,"href":"https:\/\/pionlux.eu\/hu\/wp-json\/wp\/v2\/media\/2449"}],"wp:attachment":[{"href":"https:\/\/pionlux.eu\/hu\/wp-json\/wp\/v2\/media?parent=330"}],"wp:term":[{"taxonomy":"product_brand","embeddable":true,"href":"https:\/\/pionlux.eu\/hu\/wp-json\/wp\/v2\/product_brand?post=330"},{"taxonomy":"product_cat","embeddable":true,"href":"https:\/\/pionlux.eu\/hu\/wp-json\/wp\/v2\/product_cat?post=330"},{"taxonomy":"product_tag","embeddable":true,"href":"https:\/\/pionlux.eu\/hu\/wp-json\/wp\/v2\/product_tag?post=330"}],"curies":[{"name":"munkaf\u00fczet","href":"https:\/\/api.w.org\/{rel}","templated":true}]}}