{"id":3352,"date":"2025-03-20T08:06:17","date_gmt":"2025-03-20T08:06:17","guid":{"rendered":"https:\/\/pionlux.eu\/?post_type=product&#038;p=3352"},"modified":"2025-08-04T10:07:00","modified_gmt":"2025-08-04T10:07:00","slug":"max-fiber-laser-source","status":"publish","type":"product","link":"https:\/\/pionlux.eu\/hu\/termek\/max-fiber-laser-source\/","title":{"rendered":"Max Fiber l\u00e9zerforr\u00e1s"},"content":{"rendered":"<p>Emeld magasabb szintre sz\u00e1las l\u00e9zerv\u00e1g\u00e1si \u00e9s grav\u00edroz\u00e1si projektjeidet nagy teljes\u00edtm\u00e9ny\u0171 l\u00e9zer \u00e1ramforr\u00e1sainkkal, amelyek 1500 W-os, 2000 W-os \u00e9s 3000 W-os konfigur\u00e1ci\u00f3ban kaphat\u00f3k. Ezek a k\u00f6zvetlen\u00fcl magyar rakt\u00e1runkb\u00f3l beszerzett robusztus egys\u00e9gek biztos\u00edtj\u00e1k az \u00e1lland\u00f3 teljes\u00edtm\u00e9nylead\u00e1st, lehet\u0151v\u00e9 t\u00e9ve a magas hat\u00e9konys\u00e1got \u00e9s pontoss\u00e1got a m\u0171veletek sor\u00e1n. L\u00e9zer \u00e1ramforr\u00e1sainkat \u00fagy tervezt\u00fck, hogy z\u00f6kken\u0151mentesen integr\u00e1lhat\u00f3k legyenek a k\u00fcl\u00f6nf\u00e9le sz\u00e1las l\u00e9zerg\u00e9pekbe, \u00edgy ide\u00e1lisak mind ipari alkalmaz\u00e1sokhoz, mind kreat\u00edv projektekhez. Tapasztald meg a kiv\u00e1l\u00f3 teljes\u00edtm\u00e9nyt \u00e9s megb\u00edzhat\u00f3s\u00e1got a legmodernebb technol\u00f3gi\u00e1nkkal.<\/p>","protected":false},"excerpt":{"rendered":"<p>Elevate your fiber laser cutting and engraving projects with our high-performance laser power sources available in 1500W, 2000W, and 3000W configurations. Sourced directly from our Hungarian warehouse, these robust units ensure consistent power delivery, enabling high efficiency and precision in your operations. Designed for seamless integration into various fiber laser machinery, our laser power sources [&hellip;]<\/p>\n","protected":false},"featured_media":3351,"comment_status":"open","ping_status":"closed","template":"","meta":{"_uag_custom_page_level_css":"","site-sidebar-layout":"default","site-content-layout":"","ast-site-content-layout":"default","site-content-style":"default","site-sidebar-style":"default","ast-global-header-display":"","ast-banner-title-visibility":"","ast-main-header-display":"","ast-hfb-above-header-display":"","ast-hfb-below-header-display":"","ast-hfb-mobile-header-display":"","site-post-title":"","ast-breadcrumbs-content":"","ast-featured-img":"","footer-sml-layout":"","theme-transparent-header-meta":"default","adv-header-id-meta":"","stick-header-meta":"","header-above-stick-meta":"","header-main-stick-meta":"","header-below-stick-meta":"","astra-migrate-meta-layouts":"set","ast-page-background-enabled":"default","ast-page-background-meta":{"desktop":{"background-color":"","background-image":"","background-repeat":"repeat","background-position":"center center","background-size":"auto","background-attachment":"scroll","background-type":"","background-media":"","overlay-type":"","overlay-color":"","overlay-opacity":"","overlay-gradient":""},"tablet":{"background-color":"","background-image":"","background-repeat":"repeat","background-position":"center center","background-size":"auto","background-attachment":"scroll","background-type":"","background-media":"","overlay-type":"","overlay-color":"","overlay-opacity":"","overlay-gradient":""},"mobile":{"background-color":"","background-image":"","background-repeat":"repeat","background-position":"center center","background-size":"auto","background-attachment":"scroll","background-type":"","background-media":"","overlay-type":"","overlay-color":"","overlay-opacity":"","overlay-gradient":""}},"ast-content-background-meta":{"desktop":{"background-color":"var(--ast-global-color-5)","background-image":"","background-repeat":"repeat","background-position":"center center","background-size":"auto","background-attachment":"scroll","background-type":"","background-media":"","overlay-type":"","overlay-color":"","overlay-opacity":"","overlay-gradient":""},"tablet":{"background-color":"var(--ast-global-color-5)","background-image":"","background-repeat":"repeat","background-position":"center center","background-size":"auto","background-attachment":"scroll","background-type":"","background-media":"","overlay-type":"","overlay-color":"","overlay-opacity":"","overlay-gradient":""},"mobile":{"background-color":"var(--ast-global-color-5)","background-image":"","background-repeat":"repeat","background-position":"center center","background-size":"auto","background-attachment":"scroll","background-type":"","background-media":"","overlay-type":"","overlay-color":"","overlay-opacity":"","overlay-gradient":""}}},"product_brand":[],"product_cat":[16,126],"product_tag":[],"class_list":{"0":"post-3352","1":"product","2":"type-product","3":"status-publish","4":"has-post-thumbnail","6":"product_cat-accessories","7":"product_cat-tartozekok","8":"product_shipping_class-light-packages","9":"desktop-align-center","10":"tablet-align-left","11":"mobile-align-left","13":"first","14":"instock","15":"taxable","16":"shipping-taxable","17":"purchasable","18":"product-type-variable"},"uagb_featured_image_src":{"full":["https:\/\/pionlux.eu\/wp-content\/uploads\/2025\/03\/laser-source-1.png",720,720,false],"thumbnail":["https:\/\/pionlux.eu\/wp-content\/uploads\/2025\/03\/laser-source-1-150x150.png",150,150,true],"medium":["https:\/\/pionlux.eu\/wp-content\/uploads\/2025\/03\/laser-source-1-300x300.png",300,300,true],"medium_large":["https:\/\/pionlux.eu\/wp-content\/uploads\/2025\/03\/laser-source-1.png",720,720,false],"large":["https:\/\/pionlux.eu\/wp-content\/uploads\/2025\/03\/laser-source-1.png",720,720,false],"1536x1536":["https:\/\/pionlux.eu\/wp-content\/uploads\/2025\/03\/laser-source-1.png",720,720,false],"2048x2048":["https:\/\/pionlux.eu\/wp-content\/uploads\/2025\/03\/laser-source-1.png",720,720,false],"trp-custom-language-flag":["https:\/\/pionlux.eu\/wp-content\/uploads\/2025\/03\/laser-source-1-12x12.png",12,12,true],"woocommerce_thumbnail":["https:\/\/pionlux.eu\/wp-content\/uploads\/2025\/03\/laser-source-1-300x300.png",300,300,true],"woocommerce_single":["https:\/\/pionlux.eu\/wp-content\/uploads\/2025\/03\/laser-source-1-600x600.png",600,600,true],"woocommerce_gallery_thumbnail":["https:\/\/pionlux.eu\/wp-content\/uploads\/2025\/03\/laser-source-1-100x100.png",100,100,true]},"uagb_author_info":{"display_name":"Benjamin","author_link":"https:\/\/pionlux.eu\/hu\/author\/"},"uagb_comment_info":0,"uagb_excerpt":"Elevate your fiber laser cutting and engraving projects with our high-performance laser power sources available in 1500W, 2000W, and 3000W configurations. Sourced directly from our Hungarian warehouse, these robust units ensure consistent power delivery, enabling high efficiency and precision in your operations. Designed for seamless integration into various fiber laser machinery, our laser power sources&hellip;","_links":{"self":[{"href":"https:\/\/pionlux.eu\/hu\/wp-json\/wp\/v2\/product\/3352","targetHints":{"allow":["GET"]}}],"collection":[{"href":"https:\/\/pionlux.eu\/hu\/wp-json\/wp\/v2\/product"}],"about":[{"href":"https:\/\/pionlux.eu\/hu\/wp-json\/wp\/v2\/types\/product"}],"replies":[{"embeddable":true,"href":"https:\/\/pionlux.eu\/hu\/wp-json\/wp\/v2\/comments?post=3352"}],"wp:featuredmedia":[{"embeddable":true,"href":"https:\/\/pionlux.eu\/hu\/wp-json\/wp\/v2\/media\/3351"}],"wp:attachment":[{"href":"https:\/\/pionlux.eu\/hu\/wp-json\/wp\/v2\/media?parent=3352"}],"wp:term":[{"taxonomy":"product_brand","embeddable":true,"href":"https:\/\/pionlux.eu\/hu\/wp-json\/wp\/v2\/product_brand?post=3352"},{"taxonomy":"product_cat","embeddable":true,"href":"https:\/\/pionlux.eu\/hu\/wp-json\/wp\/v2\/product_cat?post=3352"},{"taxonomy":"product_tag","embeddable":true,"href":"https:\/\/pionlux.eu\/hu\/wp-json\/wp\/v2\/product_tag?post=3352"}],"curies":[{"name":"munkaf\u00fczet","href":"https:\/\/api.w.org\/{rel}","templated":true}]}}