{"id":3359,"date":"2025-03-20T08:25:42","date_gmt":"2025-03-20T08:25:42","guid":{"rendered":"https:\/\/pionlux.eu\/?post_type=product&#038;p=3359"},"modified":"2025-08-04T10:06:48","modified_gmt":"2025-08-04T10:06:48","slug":"4-in-1-fiber-laser-welding-machine-nozzle-kit","status":"publish","type":"product","link":"https:\/\/pionlux.eu\/hu\/termek\/4-in-1-fiber-laser-welding-machine-nozzle-kit\/","title":{"rendered":"4 az 1-ben sz\u00e1las l\u00e9zeres hegeszt\u0151g\u00e9p f\u00fav\u00f3kak\u00e9szlet"},"content":{"rendered":"<p>N\u00f6velje l\u00e9zerhegeszt\u00e9si, tiszt\u00edt\u00e1si \u00e9s v\u00e1g\u00e1si k\u00e9pess\u00e9geit 4 az 1-ben sz\u00e1las l\u00e9zeres hegeszt\u0151g\u00e9p f\u00fav\u00f3kak\u00e9szlet\u00fcnkkel. Ez az \u00e1tfog\u00f3 k\u00e9szlet \u00f6t speci\u00e1lis hegeszt\u0151f\u00fav\u00f3k\u00e1t, egy prec\u00edzi\u00f3s tiszt\u00edt\u00f3f\u00fav\u00f3k\u00e1t, egy innovat\u00edv hegeszt\u0151varrat-tiszt\u00edt\u00f3 f\u00fav\u00f3k\u00e1t \u00e9s egy v\u00e1g\u00f3f\u00fav\u00f3k\u00e1t tartalmaz, biztos\u00edtva, hogy minden feladathoz a megfelel\u0151 eszk\u00f6z \u00e1lljon rendelkez\u00e9s\u00e9re. A hat\u00e9konys\u00e1gra \u00e9s kiv\u00e9teles teljes\u00edtm\u00e9nyre tervezett f\u00fav\u00f3kak\u00e9szlet t\u00f6k\u00e9letes szakemberek \u00e9s hobbi felhaszn\u00e1l\u00f3k sz\u00e1m\u00e1ra egyar\u00e1nt, prec\u00edzi\u00f3t \u00e9s sokoldal\u00fas\u00e1got biztos\u00edtva minden projektben.<\/p>","protected":false},"excerpt":{"rendered":"<p>N\u00f6velje l\u00e9zerhegeszt\u00e9si, tiszt\u00edt\u00e1si \u00e9s v\u00e1g\u00e1si k\u00e9pess\u00e9geit 4 az 1-ben sz\u00e1las l\u00e9zeres hegeszt\u0151g\u00e9p f\u00fav\u00f3kak\u00e9szlet\u00fcnkkel. Ez az \u00e1tfog\u00f3 k\u00e9szlet \u00f6t speci\u00e1lis hegeszt\u0151f\u00fav\u00f3k\u00e1t, egy prec\u00edzi\u00f3s tiszt\u00edt\u00f3f\u00fav\u00f3k\u00e1t, egy innovat\u00edv hegeszt\u0151varrat-tiszt\u00edt\u00f3 f\u00fav\u00f3k\u00e1t \u00e9s egy v\u00e1g\u00f3f\u00fav\u00f3k\u00e1t tartalmaz, biztos\u00edtva, hogy minden feladathoz a megfelel\u0151 eszk\u00f6z \u00e1lljon rendelkez\u00e9s\u00e9re. A hat\u00e9konys\u00e1gra \u00e9s kiv\u00e9teles teljes\u00edtm\u00e9nyre tervezett f\u00fav\u00f3kak\u00e9szlet t\u00f6k\u00e9letes szakemberek \u00e9s hobbi felhaszn\u00e1l\u00f3k sz\u00e1m\u00e1ra egyar\u00e1nt, prec\u00edzi\u00f3t \u00e9s sokoldal\u00fas\u00e1got biztos\u00edtva minden projektben.<\/p>","protected":false},"featured_media":3360,"comment_status":"open","ping_status":"closed","template":"","meta":{"_uag_custom_page_level_css":"","site-sidebar-layout":"default","site-content-layout":"","ast-site-content-layout":"default","site-content-style":"default","site-sidebar-style":"default","ast-global-header-display":"","ast-banner-title-visibility":"","ast-main-header-display":"","ast-hfb-above-header-display":"","ast-hfb-below-header-display":"","ast-hfb-mobile-header-display":"","site-post-title":"","ast-breadcrumbs-content":"","ast-featured-img":"","footer-sml-layout":"","theme-transparent-header-meta":"default","adv-header-id-meta":"","stick-header-meta":"","header-above-stick-meta":"","header-main-stick-meta":"","header-below-stick-meta":"","astra-migrate-meta-layouts":"set","ast-page-background-enabled":"default","ast-page-background-meta":{"desktop":{"background-color":"","background-image":"","background-repeat":"repeat","background-position":"center center","background-size":"auto","background-attachment":"scroll","background-type":"","background-media":"","overlay-type":"","overlay-color":"","overlay-opacity":"","overlay-gradient":""},"tablet":{"background-color":"","background-image":"","background-repeat":"repeat","background-position":"center center","background-size":"auto","background-attachment":"scroll","background-type":"","background-media":"","overlay-type":"","overlay-color":"","overlay-opacity":"","overlay-gradient":""},"mobile":{"background-color":"","background-image":"","background-repeat":"repeat","background-position":"center center","background-size":"auto","background-attachment":"scroll","background-type":"","background-media":"","overlay-type":"","overlay-color":"","overlay-opacity":"","overlay-gradient":""}},"ast-content-background-meta":{"desktop":{"background-color":"var(--ast-global-color-5)","background-image":"","background-repeat":"repeat","background-position":"center center","background-size":"auto","background-attachment":"scroll","background-type":"","background-media":"","overlay-type":"","overlay-color":"","overlay-opacity":"","overlay-gradient":""},"tablet":{"background-color":"var(--ast-global-color-5)","background-image":"","background-repeat":"repeat","background-position":"center center","background-size":"auto","background-attachment":"scroll","background-type":"","background-media":"","overlay-type":"","overlay-color":"","overlay-opacity":"","overlay-gradient":""},"mobile":{"background-color":"var(--ast-global-color-5)","background-image":"","background-repeat":"repeat","background-position":"center center","background-size":"auto","background-attachment":"scroll","background-type":"","background-media":"","overlay-type":"","overlay-color":"","overlay-opacity":"","overlay-gradient":""}}},"product_brand":[],"product_cat":[16,126],"product_tag":[],"class_list":{"0":"post-3359","1":"product","2":"type-product","3":"status-publish","4":"has-post-thumbnail","6":"product_cat-accessories","7":"product_cat-tartozekok","8":"desktop-align-center","9":"tablet-align-left","10":"mobile-align-left","12":"first","13":"instock","14":"taxable","15":"shipping-taxable","16":"purchasable","17":"product-type-simple"},"uagb_featured_image_src":{"full":["https:\/\/pionlux.eu\/wp-content\/uploads\/2025\/03\/nozzles.jpg",599,599,false],"thumbnail":["https:\/\/pionlux.eu\/wp-content\/uploads\/2025\/03\/nozzles-150x150.jpg",150,150,true],"medium":["https:\/\/pionlux.eu\/wp-content\/uploads\/2025\/03\/nozzles-300x300.jpg",300,300,true],"medium_large":["https:\/\/pionlux.eu\/wp-content\/uploads\/2025\/03\/nozzles.jpg",599,599,false],"large":["https:\/\/pionlux.eu\/wp-content\/uploads\/2025\/03\/nozzles.jpg",599,599,false],"1536x1536":["https:\/\/pionlux.eu\/wp-content\/uploads\/2025\/03\/nozzles.jpg",599,599,false],"2048x2048":["https:\/\/pionlux.eu\/wp-content\/uploads\/2025\/03\/nozzles.jpg",599,599,false],"trp-custom-language-flag":["https:\/\/pionlux.eu\/wp-content\/uploads\/2025\/03\/nozzles-12x12.jpg",12,12,true],"woocommerce_thumbnail":["https:\/\/pionlux.eu\/wp-content\/uploads\/2025\/03\/nozzles-300x300.jpg",300,300,true],"woocommerce_single":["https:\/\/pionlux.eu\/wp-content\/uploads\/2025\/03\/nozzles.jpg",599,599,false],"woocommerce_gallery_thumbnail":["https:\/\/pionlux.eu\/wp-content\/uploads\/2025\/03\/nozzles-100x100.jpg",100,100,true]},"uagb_author_info":{"display_name":"Benjamin","author_link":"https:\/\/pionlux.eu\/hu\/author\/"},"uagb_comment_info":0,"uagb_excerpt":"Elevate your laser welding, cleaning, and cutting capabilities with our 4-in-1 Fiber Laser Welding Machine Nozzle Kit. This comprehensive set includes five specialized welding nozzles, one precision cleaning nozzle, one innovative weld cleaning nozzle, and a cutting nozzle, ensuring you have the right tool for every task. Designed for efficiency and exceptional performance, this nozzle&hellip;","_links":{"self":[{"href":"https:\/\/pionlux.eu\/hu\/wp-json\/wp\/v2\/product\/3359","targetHints":{"allow":["GET"]}}],"collection":[{"href":"https:\/\/pionlux.eu\/hu\/wp-json\/wp\/v2\/product"}],"about":[{"href":"https:\/\/pionlux.eu\/hu\/wp-json\/wp\/v2\/types\/product"}],"replies":[{"embeddable":true,"href":"https:\/\/pionlux.eu\/hu\/wp-json\/wp\/v2\/comments?post=3359"}],"wp:featuredmedia":[{"embeddable":true,"href":"https:\/\/pionlux.eu\/hu\/wp-json\/wp\/v2\/media\/3360"}],"wp:attachment":[{"href":"https:\/\/pionlux.eu\/hu\/wp-json\/wp\/v2\/media?parent=3359"}],"wp:term":[{"taxonomy":"product_brand","embeddable":true,"href":"https:\/\/pionlux.eu\/hu\/wp-json\/wp\/v2\/product_brand?post=3359"},{"taxonomy":"product_cat","embeddable":true,"href":"https:\/\/pionlux.eu\/hu\/wp-json\/wp\/v2\/product_cat?post=3359"},{"taxonomy":"product_tag","embeddable":true,"href":"https:\/\/pionlux.eu\/hu\/wp-json\/wp\/v2\/product_tag?post=3359"}],"curies":[{"name":"munkaf\u00fczet","href":"https:\/\/api.w.org\/{rel}","templated":true}]}}