{"id":3472,"date":"2025-06-17T08:30:33","date_gmt":"2025-06-17T08:30:33","guid":{"rendered":"https:\/\/pionlux.eu\/?post_type=product&#038;p=3472"},"modified":"2026-04-27T13:00:27","modified_gmt":"2026-04-27T13:00:27","slug":"laser-welding-machine-collaborative-robot","status":"publish","type":"product","link":"https:\/\/pionlux.eu\/hu\/termek\/laser-welding-machine-collaborative-robot\/","title":{"rendered":"LW-R automatikus l\u00e9zerhegeszt\u0151g\u00e9p egy\u00fcttm\u0171k\u00f6d\u0151 robot"},"content":{"rendered":"<table border=\"1\" cellspacing=\"1\" cellpadding=\"1\">\n<tbody>\n<tr>\n<td>\u00a0<b>N\u00e9v<\/b><\/td>\n<td><strong>\u00a0 Automatikus l\u00e9zerhegeszt\u0151g\u00e9p egy\u00fcttm\u0171k\u00f6d\u0151 robot<\/strong><\/td>\n<\/tr>\n<tr>\n<td>\u00a0 Ism\u00e9telt pozicion\u00e1l\u00e1si pontoss\u00e1g<\/td>\n<td>\u00a0 \u00b10,03 mm<\/td>\n<\/tr>\n<tr>\n<td>\u00a0 Hegeszt\u00e9si sebess\u00e9g<\/td>\n<td colspan=\"1\" rowspan=\"1\">\u00a0 0-120MM\/S<\/td>\n<\/tr>\n<tr>\n<td>\u00a0 Robotkar s\u00falya<\/td>\n<td colspan=\"1\" rowspan=\"1\">\u00a0 38,5 kg<\/td>\n<\/tr>\n<tr>\n<td>\u00a0 Robotkar-m\u00e9rlegel\u00e9s<\/td>\n<td colspan=\"1\" rowspan=\"1\">\u00a0 10 kg<\/td>\n<\/tr>\n<tr>\n<td>\u00a0 Robotkar kiny\u00fal\u00e1sa<\/td>\n<td colspan=\"1\" rowspan=\"1\">\u00a0 1350 mm<\/td>\n<\/tr>\n<tr>\n<td>\u00a0 Hegeszt\u00e9si vastags\u00e1g tartom\u00e1ny<\/td>\n<td colspan=\"1\" rowspan=\"1\">\u00a0 &lt;10MM<\/td>\n<\/tr>\n<tr>\n<td>\u00a0 Hegeszt\u0151vezet\u00e9k k\u00f6vetelm\u00e9nyei<\/td>\n<td colspan=\"1\" rowspan=\"1\">\u00a0 \u22640,5 mm<\/td>\n<\/tr>\n<tr>\n<td>\u00a0 Energiaig\u00e9ny<\/td>\n<td colspan=\"1\" rowspan=\"1\">\u00a0 220V\/380V<\/td>\n<\/tr>\n<tr>\n<td>\u00a0\u00a0M\u0171k\u00f6d\u00e9si k\u00f6rnyezet h\u0151m\u00e9rs\u00e9kleti tartom\u00e1nya<\/td>\n<td colspan=\"1\">\u00a0\u00a015-35 \u2103<\/td>\n<\/tr>\n<tr>\n<td>\u00a0\u00a0Munkak\u00f6rnyezet p\u00e1ratartalmi tartom\u00e1nya<\/td>\n<td colspan=\"1\">\u00a0 &lt;70% Nincs p\u00e1ralecsap\u00f3d\u00e1s<\/td>\n<\/tr>\n<\/tbody>\n<\/table>\n<p>&nbsp;<\/p>\n<h2>Automatiz\u00e1lt hat\u00e9konys\u00e1g \u00e9s precizit\u00e1s!<\/h2>\n<p>A hagyom\u00e1nyos hegeszt\u00e9shez k\u00e9pest a sebess\u00e9g t\u00edzszeres\u00e9re n\u0151, \u00e9s a teljes hegeszt\u00e9si folyamat teljes\u00edtm\u00e9nye jobb.<\/p>\n<p>A robot lend\u00edti a kart, a mar\u00e1si \u00fatvonal konzisztens \u00e9s stabil, \u00e9s pisztolytiszt\u00edt\u00f3 \u00e9s huzalv\u00e1g\u00f3 rendszerrel van felszerelve. Gyakorlatilag kik\u00fcsz\u00f6b\u00f6li a hegeszt\u0151pisztoly elt\u00f6m\u0151d\u00e9s\u00e9nek lehet\u0151s\u00e9g\u00e9t.<\/p>\n<p>A hegeszt\u00e9sb\u0151l, fr\u00f6csk\u00f6l\u00e9sb\u0151l \u00e9s hegeszt\u00e9si salakb\u00f3l sz\u00e1rmaz\u00f3 szennyez\u0151d\u00e9sek sz\u00e1ma jelent\u0151sen cs\u00f6kken. A hegeszt\u00e9si varratok sz\u00e9pek \u00e9s f\u00e9nyesek.<\/p>\n<p>Ellen\u00e1ll a magas h\u0151m\u00e9rs\u00e9kletnek \u00e9s a zord munkak\u00f6rnyezetnek. Cs\u00f6kkenti a hegeszt\u00e9s okozta emberi testk\u00e1rosod\u00e1st, \u00e9s megalapozza a gy\u00e1rt\u00f3sor automatiz\u00e1l\u00e1s\u00e1t.<\/p>\n<h2>Fedezze fel a 4 az 1-ben l\u00e9zerhegeszt\u0151g\u00e9p erej\u00e9t<\/h2>\n<p>Tapasztalja meg a p\u00e1ratlan hat\u00e9konys\u00e1got a legmodernebb l\u00e9zerhegeszt\u0151g\u00e9p\u00fcnkkel, amelyet t\u00f6bbf\u00e9le alkalmaz\u00e1sra tervezt\u00fcnk. Ez az innovat\u00edv eszk\u00f6z n\u00e9gy alapvet\u0151 funkci\u00f3t \u00f6tv\u00f6z: hegeszt\u00e9st, v\u00e1g\u00e1st, tiszt\u00edt\u00e1st \u00e9s hegeszt\u00e9si varrattiszt\u00edt\u00e1st, \u00edgy a gy\u00e1rt\u00e1si ig\u00e9nyek t\u00f6k\u00e9letes megold\u00e1s\u00e1t k\u00edn\u00e1lja.<\/p>\n<h2>N\u00f6velje termel\u00e9kenys\u00e9g\u00e9t<\/h2>\n<p>A l\u00e9zerhegeszt\u0151g\u00e9p leegyszer\u0171s\u00edti a munkafolyamatot az\u00e1ltal, hogy k\u00fcl\u00f6nf\u00e9le funkci\u00f3kat integr\u00e1l egyetlen kompakt egys\u00e9gbe. Nincs t\u00f6bb\u00e9 sz\u00fcks\u00e9g a k\u00fcl\u00f6nb\u00f6z\u0151 g\u00e9pek k\u00f6z\u00f6tti v\u00e1lt\u00e1sra; mostant\u00f3l k\u00f6nnyed\u00e9n hegeszthet, v\u00e1ghat \u00e9s tiszt\u00edthat, \u00edgy id\u0151t \u00e9s er\u0151forr\u00e1sokat takar\u00edthat meg.<\/p>\n<h2>Kiv\u00e1l\u00f3 min\u0151s\u00e9g\u0171 teljes\u00edtm\u00e9ny, amiben megb\u00edzhat<\/h2>\n<p>Fejlett technol\u00f3gi\u00e1val k\u00e9sz\u00fclt, ez a g\u00e9p minden feladatban prec\u00edz \u00e9s min\u0151s\u00e9gi munk\u00e1t biztos\u00edt. Ak\u00e1r egy kis m\u0171helyr\u0151l, ak\u00e1r egy nagy gy\u00e1rt\u00f3\u00fczemr\u0151l van sz\u00f3, l\u00e9zerhegeszt\u0151g\u00e9p\u00fcnk a megb\u00edzhat\u00f3 v\u00e1laszt\u00e1s minden hegeszt\u00e9si \u00e9s v\u00e1g\u00e1si ig\u00e9nyhez.<\/p>","protected":false},"excerpt":{"rendered":"<p>\u00a0Name \u00a0 Automatic Laser Welding Machine Collaborative Robot \u00a0 Repeat positioning accuracy \u00a0 \u00b10.03mm \u00a0 Welding speed \u00a0 0-120MM\/S \u00a0 Robot arm weight \u00a0 38.5kg \u00a0 Robotic arm weighing \u00a0 10kg \u00a0 Robotic arm reach \u00a0 1350mm \u00a0 Welding thickness range \u00a0 \uff1c10MM \u00a0 Welding line requirements \u00a0 \u22640.5MM \u00a0 Power Requirements \u00a0 220V\/380V \u00a0\u00a0Operating [&hellip;]<\/p>\n","protected":false},"featured_media":3474,"comment_status":"open","ping_status":"closed","template":"","meta":{"_uag_custom_page_level_css":"","site-sidebar-layout":"default","site-content-layout":"","ast-site-content-layout":"default","site-content-style":"default","site-sidebar-style":"default","ast-global-header-display":"","ast-banner-title-visibility":"","ast-main-header-display":"","ast-hfb-above-header-display":"","ast-hfb-below-header-display":"","ast-hfb-mobile-header-display":"","site-post-title":"","ast-breadcrumbs-content":"","ast-featured-img":"","footer-sml-layout":"","theme-transparent-header-meta":"default","adv-header-id-meta":"","stick-header-meta":"","header-above-stick-meta":"","header-main-stick-meta":"","header-below-stick-meta":"","astra-migrate-meta-layouts":"set","ast-page-background-enabled":"default","ast-page-background-meta":{"desktop":{"background-color":"","background-image":"","background-repeat":"repeat","background-position":"center center","background-size":"auto","background-attachment":"scroll","background-type":"","background-media":"","overlay-type":"","overlay-color":"","overlay-opacity":"","overlay-gradient":""},"tablet":{"background-color":"","background-image":"","background-repeat":"repeat","background-position":"center center","background-size":"auto","background-attachment":"scroll","background-type":"","background-media":"","overlay-type":"","overlay-color":"","overlay-opacity":"","overlay-gradient":""},"mobile":{"background-color":"","background-image":"","background-repeat":"repeat","background-position":"center center","background-size":"auto","background-attachment":"scroll","background-type":"","background-media":"","overlay-type":"","overlay-color":"","overlay-opacity":"","overlay-gradient":""}},"ast-content-background-meta":{"desktop":{"background-color":"var(--ast-global-color-5)","background-image":"","background-repeat":"repeat","background-position":"center center","background-size":"auto","background-attachment":"scroll","background-type":"","background-media":"","overlay-type":"","overlay-color":"","overlay-opacity":"","overlay-gradient":""},"tablet":{"background-color":"var(--ast-global-color-5)","background-image":"","background-repeat":"repeat","background-position":"center center","background-size":"auto","background-attachment":"scroll","background-type":"","background-media":"","overlay-type":"","overlay-color":"","overlay-opacity":"","overlay-gradient":""},"mobile":{"background-color":"var(--ast-global-color-5)","background-image":"","background-repeat":"repeat","background-position":"center center","background-size":"auto","background-attachment":"scroll","background-type":"","background-media":"","overlay-type":"","overlay-color":"","overlay-opacity":"","overlay-gradient":""}}},"product_brand":[],"product_cat":[77,26,121,124,30],"product_tag":[],"class_list":{"0":"post-3472","1":"product","2":"type-product","3":"status-publish","4":"has-post-thumbnail","6":"product_cat-machine-sale","7":"product_cat-laser-welding-machines","8":"product_cat-lezergepek","9":"product_cat-lezerhegeszto-gepek","10":"product_cat-machine-spotlight","11":"product_shipping_class-medium-sized-packages","12":"desktop-align-center","13":"tablet-align-left","14":"mobile-align-left","16":"first","17":"onbackorder","18":"taxable","19":"shipping-taxable","20":"product-type-simple"},"uagb_featured_image_src":{"full":["https:\/\/pionlux.eu\/wp-content\/uploads\/2025\/06\/crop_1737017275891.png",1168,837,false],"thumbnail":["https:\/\/pionlux.eu\/wp-content\/uploads\/2025\/06\/crop_1737017275891-150x150.png",150,150,true],"medium":["https:\/\/pionlux.eu\/wp-content\/uploads\/2025\/06\/crop_1737017275891-300x215.png",300,215,true],"medium_large":["https:\/\/pionlux.eu\/wp-content\/uploads\/2025\/06\/crop_1737017275891-768x550.png",768,550,true],"large":["https:\/\/pionlux.eu\/wp-content\/uploads\/2025\/06\/crop_1737017275891-1024x734.png",1024,734,true],"1536x1536":["https:\/\/pionlux.eu\/wp-content\/uploads\/2025\/06\/crop_1737017275891.png",1168,837,false],"2048x2048":["https:\/\/pionlux.eu\/wp-content\/uploads\/2025\/06\/crop_1737017275891.png",1168,837,false],"trp-custom-language-flag":["https:\/\/pionlux.eu\/wp-content\/uploads\/2025\/06\/crop_1737017275891.png",18,12,false],"woocommerce_thumbnail":["https:\/\/pionlux.eu\/wp-content\/uploads\/2025\/06\/crop_1737017275891-300x300.png",300,300,true],"woocommerce_single":["https:\/\/pionlux.eu\/wp-content\/uploads\/2025\/06\/crop_1737017275891-600x430.png",600,430,true],"woocommerce_gallery_thumbnail":["https:\/\/pionlux.eu\/wp-content\/uploads\/2025\/06\/crop_1737017275891-100x100.png",100,100,true]},"uagb_author_info":{"display_name":"Benjamin","author_link":"https:\/\/pionlux.eu\/hu\/author\/"},"uagb_comment_info":0,"uagb_excerpt":"\u00a0Name \u00a0 Automatic Laser Welding Machine Collaborative Robot \u00a0 Repeat positioning accuracy \u00a0 \u00b10.03mm \u00a0 Welding speed \u00a0 0-120MM\/S \u00a0 Robot arm weight \u00a0 38.5kg \u00a0 Robotic arm weighing \u00a0 10kg \u00a0 Robotic arm reach \u00a0 1350mm \u00a0 Welding thickness range \u00a0 \uff1c10MM \u00a0 Welding line requirements \u00a0 \u22640.5MM \u00a0 Power Requirements \u00a0 220V\/380V \u00a0\u00a0Operating&hellip;","_links":{"self":[{"href":"https:\/\/pionlux.eu\/hu\/wp-json\/wp\/v2\/product\/3472","targetHints":{"allow":["GET"]}}],"collection":[{"href":"https:\/\/pionlux.eu\/hu\/wp-json\/wp\/v2\/product"}],"about":[{"href":"https:\/\/pionlux.eu\/hu\/wp-json\/wp\/v2\/types\/product"}],"replies":[{"embeddable":true,"href":"https:\/\/pionlux.eu\/hu\/wp-json\/wp\/v2\/comments?post=3472"}],"wp:featuredmedia":[{"embeddable":true,"href":"https:\/\/pionlux.eu\/hu\/wp-json\/wp\/v2\/media\/3474"}],"wp:attachment":[{"href":"https:\/\/pionlux.eu\/hu\/wp-json\/wp\/v2\/media?parent=3472"}],"wp:term":[{"taxonomy":"product_brand","embeddable":true,"href":"https:\/\/pionlux.eu\/hu\/wp-json\/wp\/v2\/product_brand?post=3472"},{"taxonomy":"product_cat","embeddable":true,"href":"https:\/\/pionlux.eu\/hu\/wp-json\/wp\/v2\/product_cat?post=3472"},{"taxonomy":"product_tag","embeddable":true,"href":"https:\/\/pionlux.eu\/hu\/wp-json\/wp\/v2\/product_tag?post=3472"}],"curies":[{"name":"munkaf\u00fczet","href":"https:\/\/api.w.org\/{rel}","templated":true}]}}