{"id":3803,"date":"2025-11-06T13:10:07","date_gmt":"2025-11-06T13:10:07","guid":{"rendered":"https:\/\/pionlux.eu\/?post_type=product&#038;p=3803"},"modified":"2025-11-06T13:12:29","modified_gmt":"2025-11-06T13:12:29","slug":"lf-stp-zart-lemez-es-csolezervago","status":"publish","type":"product","link":"https:\/\/pionlux.eu\/hu\/termek\/lf-stp-zart-lemez-es-csolezervago\/","title":{"rendered":"LF-STP Z\u00e1rt lemez- \u00e9s cs\u0151l\u00e9zerv\u00e1g\u00f3 g\u00e9p"},"content":{"rendered":"<h2>Term\u00e9kadatok:<\/h2>\n<table border=\"1\" cellspacing=\"1\" cellpadding=\"1\">\n<tbody>\n<tr>\n<td><\/td>\n<td><strong>LF-ST<\/strong><\/td>\n<td><strong>LF-STE<\/strong><\/td>\n<td><strong>LF-STP<\/strong><\/td>\n<\/tr>\n<tr>\n<td>\n<div>Munkater\u00fclet<\/div>\n<\/td>\n<td>\n<div>3000*1500mm \/ 4000*2000mm \/ 6000*1500mm \/ 6000*2500mm<\/div>\n<\/td>\n<td>\n<div>3000*1500mm \/ 4000*2000mm \/ 6000*1500mm \/ 6000*2500mm<\/div>\n<\/td>\n<td>\n<div>3000*1500mm \/ 4000*2000mm \/ 6000*1500mm \/ 6000*2500mm<\/div>\n<\/td>\n<\/tr>\n<tr>\n<td>\n<div>L\u00e9zerteljes\u00edtm\u00e9ny<\/div>\n<\/td>\n<td>\n<div>1500w \/ 2000w \/ 3000w \/ 4000w \/ 6000w \/12000w \/ 20000w<\/div>\n<\/td>\n<td>\n<div>2000w \/ 3000w \/ 6000w \/ 12000w \/ 20000W \/ 30000W \/ 40000w \/ 50000w<\/div>\n<\/td>\n<td>\n<div>2000w \/ 3000w \/ 6000w \/ 12000w \/ 20000W \/ 30000W \/ 40000w \/ 50000w<\/div>\n<\/td>\n<\/tr>\n<tr>\n<td>\n<div>Poz\u00edcion\u00e1l\u00e1si pontoss\u00e1g<\/div>\n<\/td>\n<td>\n<div>0.05mm<\/div>\n<\/td>\n<td>\n<div>0.05mm<\/div>\n<\/td>\n<td>\n<div>0.05mm<\/div>\n<\/td>\n<\/tr>\n<tr>\n<td>\n<div>Ism\u00e9telt poz\u00edcion\u00e1l\u00e1si pontoss\u00e1g<\/div>\n<\/td>\n<td>\n<div>0.03mm<\/div>\n<\/td>\n<td>\n<div>0.03mm<\/div>\n<\/td>\n<td>\n<div>0.03mm<\/div>\n<\/td>\n<\/tr>\n<tr>\n<td>\n<div>Kerek cs\u0151 v\u00e1g\u00e1si k\u00e9pess\u00e9g<\/div>\n<\/td>\n<td>\n<div>20mm~230mm<\/div>\n<\/td>\n<td>\n<div>20mm~230mm<\/div>\n<\/td>\n<td>\n<div>20mm~230mm<\/div>\n<\/td>\n<\/tr>\n<tr>\n<td>\n<div>N\u00e9gyzet alak\u00fa cs\u0151 v\u00e1g\u00e1si k\u00e9pess\u00e9g<\/div>\n<\/td>\n<td>\n<div>20mm~140mm<\/div>\n<\/td>\n<td>\n<div>20mm~140mm<\/div>\n<\/td>\n<td>\n<div>20mm~140mm<\/div>\n<\/td>\n<\/tr>\n<tr>\n<td>\n<div>Opcion\u00e1lis tartoz\u00e9kok<\/div>\n<\/td>\n<td>\n<div>Exchange platform \/ Fully enclosed<\/div>\n<\/td>\n<td>\n<div>Fully enclosed<\/div>\n<\/td>\n<td>\n<div>Air Conditioner, Smoke Purifier, Air Compressor,Voltage Regulator, Safety Light Curtain<\/div>\n<\/td>\n<\/tr>\n<\/tbody>\n<\/table>","protected":false},"excerpt":{"rendered":"<p>Product Details: LF-ST LF-STE LF-STP Working area 3000*1500mm \/ 4000*2000mm \/ 6000*1500mm \/ 6000*2500mm 3000*1500mm \/ 4000*2000mm \/ 6000*1500mm \/ 6000*2500mm 3000*1500mm \/ 4000*2000mm \/ 6000*1500mm \/ 6000*2500mm Laser output power 1500w \/ 2000w \/ 3000w \/ 4000w \/ 6000w \/12000w \/ 20000w 2000w \/ 3000w \/ 6000w \/ 12000w \/ 20000W \/ 30000W \/ [&hellip;]<\/p>\n","protected":false},"featured_media":3805,"comment_status":"open","ping_status":"closed","template":"","meta":{"_uag_custom_page_level_css":"","site-sidebar-layout":"default","site-content-layout":"","ast-site-content-layout":"default","site-content-style":"default","site-sidebar-style":"default","ast-global-header-display":"","ast-banner-title-visibility":"","ast-main-header-display":"","ast-hfb-above-header-display":"","ast-hfb-below-header-display":"","ast-hfb-mobile-header-display":"","site-post-title":"","ast-breadcrumbs-content":"","ast-featured-img":"","footer-sml-layout":"","theme-transparent-header-meta":"default","adv-header-id-meta":"","stick-header-meta":"","header-above-stick-meta":"","header-main-stick-meta":"","header-below-stick-meta":"","astra-migrate-meta-layouts":"set","ast-page-background-enabled":"default","ast-page-background-meta":{"desktop":{"background-color":"","background-image":"","background-repeat":"repeat","background-position":"center center","background-size":"auto","background-attachment":"scroll","background-type":"","background-media":"","overlay-type":"","overlay-color":"","overlay-opacity":"","overlay-gradient":""},"tablet":{"background-color":"","background-image":"","background-repeat":"repeat","background-position":"center center","background-size":"auto","background-attachment":"scroll","background-type":"","background-media":"","overlay-type":"","overlay-color":"","overlay-opacity":"","overlay-gradient":""},"mobile":{"background-color":"","background-image":"","background-repeat":"repeat","background-position":"center center","background-size":"auto","background-attachment":"scroll","background-type":"","background-media":"","overlay-type":"","overlay-color":"","overlay-opacity":"","overlay-gradient":""}},"ast-content-background-meta":{"desktop":{"background-color":"var(--ast-global-color-5)","background-image":"","background-repeat":"repeat","background-position":"center center","background-size":"auto","background-attachment":"scroll","background-type":"","background-media":"","overlay-type":"","overlay-color":"","overlay-opacity":"","overlay-gradient":""},"tablet":{"background-color":"var(--ast-global-color-5)","background-image":"","background-repeat":"repeat","background-position":"center center","background-size":"auto","background-attachment":"scroll","background-type":"","background-media":"","overlay-type":"","overlay-color":"","overlay-opacity":"","overlay-gradient":""},"mobile":{"background-color":"var(--ast-global-color-5)","background-image":"","background-repeat":"repeat","background-position":"center center","background-size":"auto","background-attachment":"scroll","background-type":"","background-media":"","overlay-type":"","overlay-color":"","overlay-opacity":"","overlay-gradient":""}}},"product_brand":[],"product_cat":[27,17,121,122,30],"product_tag":[],"class_list":{"0":"post-3803","1":"product","2":"type-product","3":"status-publish","4":"has-post-thumbnail","6":"product_cat-laser-machines","7":"product_cat-laser-cutting-machine","8":"product_cat-lezergepek","9":"product_cat-lezervago-gepek","10":"product_cat-machine-spotlight","11":"product_shipping_class-heavy-packages","12":"desktop-align-center","13":"tablet-align-left","14":"mobile-align-left","16":"first","17":"instock","18":"taxable","19":"shipping-taxable","20":"purchasable","21":"product-type-variable"},"uagb_featured_image_src":{"full":["https:\/\/pionlux.eu\/wp-content\/uploads\/2025\/11\/LF-STP-kep-2.png",1920,1080,false],"thumbnail":["https:\/\/pionlux.eu\/wp-content\/uploads\/2025\/11\/LF-STP-kep-2-150x150.png",150,150,true],"medium":["https:\/\/pionlux.eu\/wp-content\/uploads\/2025\/11\/LF-STP-kep-2-300x169.png",300,169,true],"medium_large":["https:\/\/pionlux.eu\/wp-content\/uploads\/2025\/11\/LF-STP-kep-2-768x432.png",768,432,true],"large":["https:\/\/pionlux.eu\/wp-content\/uploads\/2025\/11\/LF-STP-kep-2-1024x576.png",1024,576,true],"1536x1536":["https:\/\/pionlux.eu\/wp-content\/uploads\/2025\/11\/LF-STP-kep-2-1536x864.png",1536,864,true],"2048x2048":["https:\/\/pionlux.eu\/wp-content\/uploads\/2025\/11\/LF-STP-kep-2.png",1920,1080,false],"trp-custom-language-flag":["https:\/\/pionlux.eu\/wp-content\/uploads\/2025\/11\/LF-STP-kep-2-18x10.png",18,10,true],"woocommerce_thumbnail":["https:\/\/pionlux.eu\/wp-content\/uploads\/2025\/11\/LF-STP-kep-2-300x300.png",300,300,true],"woocommerce_single":["https:\/\/pionlux.eu\/wp-content\/uploads\/2025\/11\/LF-STP-kep-2-600x338.png",600,338,true],"woocommerce_gallery_thumbnail":["https:\/\/pionlux.eu\/wp-content\/uploads\/2025\/11\/LF-STP-kep-2-100x100.png",100,100,true]},"uagb_author_info":{"display_name":"Benjamin","author_link":"https:\/\/pionlux.eu\/hu\/author\/"},"uagb_comment_info":0,"uagb_excerpt":"Product Details: LF-ST LF-STE LF-STP Working area 3000*1500mm \/ 4000*2000mm \/ 6000*1500mm \/ 6000*2500mm 3000*1500mm \/ 4000*2000mm \/ 6000*1500mm \/ 6000*2500mm 3000*1500mm \/ 4000*2000mm \/ 6000*1500mm \/ 6000*2500mm Laser output power 1500w \/ 2000w \/ 3000w \/ 4000w \/ 6000w \/12000w \/ 20000w 2000w \/ 3000w \/ 6000w \/ 12000w \/ 20000W \/ 30000W \/&hellip;","_links":{"self":[{"href":"https:\/\/pionlux.eu\/hu\/wp-json\/wp\/v2\/product\/3803","targetHints":{"allow":["GET"]}}],"collection":[{"href":"https:\/\/pionlux.eu\/hu\/wp-json\/wp\/v2\/product"}],"about":[{"href":"https:\/\/pionlux.eu\/hu\/wp-json\/wp\/v2\/types\/product"}],"replies":[{"embeddable":true,"href":"https:\/\/pionlux.eu\/hu\/wp-json\/wp\/v2\/comments?post=3803"}],"wp:featuredmedia":[{"embeddable":true,"href":"https:\/\/pionlux.eu\/hu\/wp-json\/wp\/v2\/media\/3805"}],"wp:attachment":[{"href":"https:\/\/pionlux.eu\/hu\/wp-json\/wp\/v2\/media?parent=3803"}],"wp:term":[{"taxonomy":"product_brand","embeddable":true,"href":"https:\/\/pionlux.eu\/hu\/wp-json\/wp\/v2\/product_brand?post=3803"},{"taxonomy":"product_cat","embeddable":true,"href":"https:\/\/pionlux.eu\/hu\/wp-json\/wp\/v2\/product_cat?post=3803"},{"taxonomy":"product_tag","embeddable":true,"href":"https:\/\/pionlux.eu\/hu\/wp-json\/wp\/v2\/product_tag?post=3803"}],"curies":[{"name":"munkaf\u00fczet","href":"https:\/\/api.w.org\/{rel}","templated":true}]}}